{"id":4824,"date":"2025-06-30T08:13:15","date_gmt":"2025-06-30T05:13:15","guid":{"rendered":"https:\/\/jnats.eu\/?post_type=product&#038;p=4824"},"modified":"2025-07-05T11:19:22","modified_gmt":"2025-07-05T08:19:22","slug":"myojinho-aogami-super-gyuto-180-mm-virtuvinis-peilis","status":"publish","type":"product","link":"https:\/\/jnats.eu\/ro\/product-2\/myojinho-aogami-super-gyuto-180-mm-virtuvinis-peilis\/","title":{"rendered":"Cu\u021bit de buc\u0103t\u0103rie My\u014djinho Aogami Super Gyuto 180 mm"},"content":{"rendered":"<h2 class=\"wp-block-heading\">Descriere produs:<\/h2>\n\n\n\n<p><strong>My\u014djinho Aogami Super Gyuto 180mm<\/strong> \u2013 cu\u021bit de buc\u0103t\u0103rie japonez de \u00eenalt\u0103 calitate, fabricat din legendarul <strong>Aogami Super (Super O\u021bel Albastru)<\/strong> o\u021bel. Acest o\u021bel este apreciat pentru ascu\u021bimea sa excep\u021bional\u0103, reten\u021bia excelent\u0103 a muchiilor \u0219i senza\u021bia pl\u0103cut\u0103 la t\u0103iere.<\/p>\n\n\n\n<p>Cu\u021bitul este complet neutilizat, dar \u00een plus <strong>Ascu\u021bite profesional cu o piatr\u0103 de ascu\u021bit Morihei semi-natural\u0103 de \u00eenalt\u0103 calitate, cu granula\u021bie de 12.000<\/strong> \u2014 oferind o claritate maxim\u0103 \u0219i o muchie extrem de curat\u0103 \u0219i uniform lustruit\u0103. Aceast\u0103 ascu\u021bire asigur\u0103 o calitate ideal\u0103 a t\u0103ierii \u0219i rezisten\u021b\u0103 la uzur\u0103.<\/p>\n\n\n\n<hr class=\"wp-block-separator has-alpha-channel-opacity\"\/>\n\n\n\n<h3 class=\"wp-block-heading\">Caracteristici:<\/h3>\n\n\n\n<ul class=\"wp-block-list\">\n<li><strong>Lungimea lamei:<\/strong> 180 mm<\/li>\n\n\n\n<li><strong>O\u0163el:<\/strong> Aogami Super (O\u021bel Super Albastru) cu straturi exterioare din o\u021bel inoxidabil<\/li>\n\n\n\n<li><strong>Duritate:<\/strong> ~65\u201366 HRC<\/li>\n\n\n\n<li><strong>Utilizare:<\/strong> carne, pe\u0219te, legume<\/li>\n\n\n\n<li><strong>M\u00e2ner:<\/strong> mahon cu trei nituri<\/li>\n\n\n\n<li><strong>Ascu\u021bire:<\/strong> ascu\u021bit cu o piatr\u0103 seminatural\u0103 Morihei cu granula\u021bie de 12.000<\/li>\n\n\n\n<li><strong>Unghi de ascu\u021bire:<\/strong> recomandat 12\u201315\u00b0<\/li>\n\n\n\n<li><strong>Ambalat \u00eentr-o cutie original\u0103 \u00een stil japonez<\/strong><\/li>\n<\/ul>\n\n\n\n<hr class=\"wp-block-separator has-alpha-channel-opacity\"\/>\n\n\n\n<h3 class=\"wp-block-heading\">De ce merit\u0103 s\u0103 alegi?<\/h3>\n\n\n\n<p>O\u021belul Aogami Super este una dintre cele mai bune alegeri japoneze de o\u021bel carbon pentru cu\u021bitele de buc\u0103t\u0103rie.<br>Cu\u021bitul este deja <strong>ascu\u021bit profesional cu o piatr\u0103 Morihei de 12.000<\/strong> \u2014 imediat gata de lucru cu precizie maxim\u0103.<br>Design japonez elegant, clasic \u0219i m\u00e2ner ergonomic confortabil.<\/p>\n\n\n\n<figure class=\"wp-block-embed is-type-video is-provider-youtube wp-block-embed-youtube wp-embed-aspect-16-9 wp-has-aspect-ratio\"><div class=\"wp-block-embed__wrapper\">\n<div class=\"video-container\"><iframe title=\"Testarea pietrelor de ascu\u021bit Morihei Hishiboshi din seria \u201e\u706b Hi\u201d Fire | Ascu\u021bire din o\u021bel Aogami Super \u0219i M390\" width=\"1170\" height=\"658\" src=\"https:\/\/www.youtube.com\/embed\/y9GuR0ZJmUQ?start=1849&#038;feature=oembed\" frameborder=\"0\" allow=\"accelerometer; autoplay; clipboard-write; encrypted-media; gyroscope; picture-in-picture; web-share\" referrerpolicy=\"strict-origin-when-cross-origin\" allowfullscreen><\/iframe><\/div>\n<\/div><\/figure>","protected":false},"excerpt":{"rendered":"<p><!-- wp:list --><\/p>\n<ul class=\"wp-block-list\"><!-- wp:list-item --><\/p>\n<li><strong>Dimensiunile lamei:<\/strong> 180x41x2mm<\/li>\n<li><strong>Greutate: 135g<\/strong><\/li>\n<p><!-- \/wp:list-item --> <!-- wp:list-item --><\/p>\n<li><strong>O\u0163el:<\/strong> Aogami Super (O\u021bel Super Albastru) cu straturi exterioare din o\u021bel inoxidabil<\/li>\n<p><!-- \/wp:list-item --> <!-- wp:list-item --><\/p>\n<li><strong>Duritate:<\/strong> ~65\u201366 HRC<\/li>\n<p><!-- \/wp:list-item --> <!-- wp:list-item --><\/p>\n<li><strong>Utilizare:<\/strong> carne, pe\u0219te, legume<\/li>\n<p><!-- \/wp:list-item --> <!-- wp:list-item --><\/p>\n<li><strong>M\u00e2ner:<\/strong> mahon cu trei nituri<\/li>\n<p><!-- \/wp:list-item --> <!-- wp:list-item --><\/p>\n<li><strong>Ascu\u021bire:<\/strong> ascu\u021bit cu o piatr\u0103 seminatural\u0103 Morihei cu granula\u021bie de 12.000<\/li>\n<p><!-- \/wp:list-item --> <!-- wp:list-item --><\/p>\n<li><strong>Unghi de ascu\u021bire:<\/strong> recomandat 12\u201315\u00b0<\/li>\n<p><!-- \/wp:list-item --> <!-- wp:list-item --><\/p>\n<li><strong>Ambalat \u00eentr-o cutie original\u0103 \u00een stil japonez<\/strong><\/li>\n<p><!-- \/wp:list-item --><\/ul>\n<p><!-- \/wp:list --><\/p>","protected":false},"featured_media":4827,"comment_status":"open","ping_status":"closed","template":"","meta":[],"product_brand":[],"product_cat":[24],"product_tag":[360,361,359],"class_list":{"0":"post-4824","1":"product","2":"type-product","3":"status-publish","4":"has-post-thumbnail","6":"product_cat-knifes","7":"product_tag-aogami-super","8":"product_tag-gyuto","9":"product_tag-myojinho","10":"product_shipping_class-iprastas","12":"first","13":"outofstock","14":"shipping-taxable","15":"purchasable","16":"product-type-simple"},"_links":{"self":[{"href":"https:\/\/jnats.eu\/ro\/wp-json\/wp\/v2\/product\/4824","targetHints":{"allow":["GET"]}}],"collection":[{"href":"https:\/\/jnats.eu\/ro\/wp-json\/wp\/v2\/product"}],"about":[{"href":"https:\/\/jnats.eu\/ro\/wp-json\/wp\/v2\/types\/product"}],"replies":[{"embeddable":true,"href":"https:\/\/jnats.eu\/ro\/wp-json\/wp\/v2\/comments?post=4824"}],"wp:featuredmedia":[{"embeddable":true,"href":"https:\/\/jnats.eu\/ro\/wp-json\/wp\/v2\/media\/4827"}],"wp:attachment":[{"href":"https:\/\/jnats.eu\/ro\/wp-json\/wp\/v2\/media?parent=4824"}],"wp:term":[{"taxonomy":"product_brand","embeddable":true,"href":"https:\/\/jnats.eu\/ro\/wp-json\/wp\/v2\/product_brand?post=4824"},{"taxonomy":"product_cat","embeddable":true,"href":"https:\/\/jnats.eu\/ro\/wp-json\/wp\/v2\/product_cat?post=4824"},{"taxonomy":"product_tag","embeddable":true,"href":"https:\/\/jnats.eu\/ro\/wp-json\/wp\/v2\/product_tag?post=4824"}],"curies":[{"name":"wp","href":"https:\/\/api.w.org\/{rel}","templated":true}]}}