{"id":4860,"date":"2025-07-03T12:33:26","date_gmt":"2025-07-03T09:33:26","guid":{"rendered":"https:\/\/jnats.eu\/?post_type=product&#038;p=4860"},"modified":"2025-11-25T13:16:33","modified_gmt":"2025-11-25T11:16:33","slug":"natsuya-japoniskas-naturalus-galandinimo-akmuo-vidutinio-grudetumo","status":"publish","type":"product","link":"https:\/\/jnats.eu\/ro\/product-2\/natsuya-japoniskas-naturalus-galandinimo-akmuo-vidutinio-grudetumo\/","title":{"rendered":"Piatr\u0103 de ascu\u021bit natural\u0103 japonez\u0103 Natsuya (granula\u021bie medie)"},"content":{"rendered":"<p>Natsuya este o piatr\u0103 de ascu\u021bit natural\u0103 japonez\u0103, originar\u0103 din regiunea Kyoto, renumit\u0103 pentru minele sale antice de piatr\u0103. Aceast\u0103 piatr\u0103 cu granula\u021bie medie (echivalentul aprox. 1000-2000 grit) este perfect\u0103 pentru ascu\u021birea intermediar\u0103 a cu\u021bitelor, lamelor de ras sau a uneltelor de t\u00e2mpl\u0103rie, oferind o ascu\u021bire extrem de curat\u0103 \u0219i controlat\u0103 \u00eenainte de a trece la pietre mai fine.<\/p>\n\n\n\n<figure class=\"wp-block-embed is-type-video is-provider-youtube wp-block-embed-youtube wp-embed-aspect-16-9 wp-has-aspect-ratio\"><div class=\"wp-block-embed__wrapper\">\n<div class=\"video-container\"><iframe title=\"Piatr\u0103 de ascu\u021bit japonez\u0103 natural\u0103 Natsuya | Test de ascu\u021bire cu granula\u021bie medie\" width=\"1170\" height=\"658\" src=\"https:\/\/www.youtube.com\/embed\/AG_eMsnn1Wo?feature=oembed\" frameborder=\"0\" allow=\"accelerometer; autoplay; clipboard-write; encrypted-media; gyroscope; picture-in-picture; web-share\" referrerpolicy=\"strict-origin-when-cross-origin\" allowfullscreen><\/iframe><\/div>\n<\/div><\/figure>\n\n\n\n<p><strong>Caracteristici:<\/strong><\/p>\n\n\n\n<ul class=\"wp-block-list\">\n<li>Piatr\u0103 natural\u0103 din regiunea Kyoto<\/li>\n\n\n\n<li>Granula\u021bie medie (~1000\u20132000 granula\u021bie)<\/li>\n\n\n\n<li>Potrivit at\u00e2t pentru cu\u021bite japoneze, c\u00e2t \u0219i pentru cele occidentale<\/li>\n\n\n\n<li>Formeaz\u0103 rapid o past\u0103 fin\u0103 care faciliteaz\u0103 ascu\u021birea<\/li>\n\n\n\n<li>Abrazivitate echilibrat\u0103 \u2014 \u00eendep\u0103rteaz\u0103 eficient zg\u00e2rieturile de pe piatra brut\u0103 \u0219i \u00eencepe s\u0103 formeze un profil de muchie ascu\u021bit \u0219i curat<\/li>\n\n\n\n<li>Senza\u021bie moale la ascu\u021bire, oferindu-v\u0103 un control excelent<\/li>\n<\/ul>\n\n\n\n<p><strong>Utilizare:<\/strong><br>Se recomand\u0103 \u00eenmuierea scurt\u0103 a pietrei \u00een ap\u0103 \u00eenainte de utilizare sau utilizarea ei ca piatr\u0103 \u201eumed\u0103\u201d cu o alimentare constant\u0103 cu ap\u0103. Ideal\u0103 dup\u0103 modelarea ini\u021bial\u0103 a lamei \u0219i \u00eenainte de lustruirea final\u0103 cu o piatr\u0103 cu granula\u021bie fin\u0103.<\/p>","protected":false},"excerpt":{"rendered":"<ul class=\"wp-block-list\">\n<li>Potrivit pentru ascu\u021birea intermediar\u0103 sau final\u0103 a cu\u021bitelor, foarfecelor, uneltelor de t\u00e2mpl\u0103rie \u0219i a altor unelte.<\/li>\n<li>De asemenea, po\u021bi ob\u021bine o preg\u0103tire decent\u0103 cu un finisaj din ca\u0219mir.<\/li>\n<li>Granula\u021bie de aproximativ 1500 grit<\/li>\n<li>Duritate: Lv 4<\/li>\n<li>Piatra de epoc\u0103, extras\u0103 la mijlocul secolului trecut, se caracterizeaz\u0103 prin vitez\u0103 bun\u0103 de lucru \u0219i uniformitate.<\/li>\n<li>Sun Tiger Brand The Matsuga CO. LTD<\/li>\n<li>O parte este netezit\u0103 \u0219i gata de lucru.<\/li>\n<li><strong>Pute\u021bi urm\u0103ri lucrarea \u00een videoclipul de mai jos.<\/strong><\/li>\n<\/ul>\n<ol>\n<li>Dimensiuni: 217x63x781 mm Greutate: 2400 g<\/li>\n<li>Dimensiuni: 203x68x77 mm Greutate: 2600 g<\/li>\n<li>Dimensiuni: 211x69x78 mm Greutate: 2700 g<\/li>\n<\/ol>","protected":false},"featured_media":4870,"comment_status":"open","ping_status":"closed","template":"","meta":[],"product_brand":[],"product_cat":[22],"product_tag":[300,364],"class_list":{"0":"post-4860","1":"product","2":"type-product","3":"status-publish","4":"has-post-thumbnail","6":"product_cat-jnats","7":"product_tag-medium","8":"product_tag-natsuya","9":"product_shipping_class-iprastas","11":"first","12":"instock","13":"shipping-taxable","14":"purchasable","15":"product-type-variable"},"_links":{"self":[{"href":"https:\/\/jnats.eu\/ro\/wp-json\/wp\/v2\/product\/4860","targetHints":{"allow":["GET"]}}],"collection":[{"href":"https:\/\/jnats.eu\/ro\/wp-json\/wp\/v2\/product"}],"about":[{"href":"https:\/\/jnats.eu\/ro\/wp-json\/wp\/v2\/types\/product"}],"replies":[{"embeddable":true,"href":"https:\/\/jnats.eu\/ro\/wp-json\/wp\/v2\/comments?post=4860"}],"wp:featuredmedia":[{"embeddable":true,"href":"https:\/\/jnats.eu\/ro\/wp-json\/wp\/v2\/media\/4870"}],"wp:attachment":[{"href":"https:\/\/jnats.eu\/ro\/wp-json\/wp\/v2\/media?parent=4860"}],"wp:term":[{"taxonomy":"product_brand","embeddable":true,"href":"https:\/\/jnats.eu\/ro\/wp-json\/wp\/v2\/product_brand?post=4860"},{"taxonomy":"product_cat","embeddable":true,"href":"https:\/\/jnats.eu\/ro\/wp-json\/wp\/v2\/product_cat?post=4860"},{"taxonomy":"product_tag","embeddable":true,"href":"https:\/\/jnats.eu\/ro\/wp-json\/wp\/v2\/product_tag?post=4860"}],"curies":[{"name":"wp","href":"https:\/\/api.w.org\/{rel}","templated":true}]}}