{"id":492,"date":"2024-03-07T10:55:29","date_gmt":"2024-03-07T08:55:29","guid":{"rendered":"http:\/\/jnats.eu\/?post_type=product&#038;p=492"},"modified":"2024-08-01T13:36:33","modified_gmt":"2024-08-01T10:36:33","slug":"heljestrand-eskiltuna-sweden-vintaziniu-skustuvu-7-dienu-rinkinys","status":"publish","type":"product","link":"https:\/\/jnats.eu\/ro\/product-2\/heljestrand-eskiltuna-sweden-vintaziniu-skustuvu-7-dienu-rinkinys\/","title":{"rendered":"Heljestrand Eskiltuna Suedia Aparate de ras de epoc\u0103 7 zile set"},"content":{"rendered":"<p>Setul de ras Heljestrand Eskiltuna Sweden pentru 7 zile \u00eentruchipeaz\u0103 m\u0103iestria \u0219i rafinamentul, oferind o experien\u021b\u0103 de b\u0103rbierit luxoas\u0103 \u00eenr\u0103d\u0103cinat\u0103 \u00een mo\u0219tenire \u0219i calitate. <\/p>\n\n\n\n<p>Heljestrand Eskiltuna Suedia Kit de b\u0103rbierit de 7 zile<\/p>\n\n\n\n<p>Dezv\u0103luie simbolul elegan\u021bei \u0219i preciziei atemporale cu setul de b\u0103rbierit pentru 7 zile Heljestrand Eskiltuna Sweden. Fabricat\u0103 \u00een faimoasele forje din Eskilstuna, Suedia, renumit\u0103 pentru tradi\u021bia veche de secole de prelucrare fin\u0103 a metalelor, fiecare pies\u0103 din aceast\u0103 colec\u021bie reflect\u0103 m\u0103iestrie \u0219i aten\u021bie la detalii de neegalat.<\/p>\n\n\n\n<p>M\u0103iestrie excep\u021bional\u0103:<br>Fiecare aparat de ras din acest set este realizat cu atentie din otel inoxidabil de cea mai inalta calitate, asigurand claritate de lunga durata si performante excelente. Lamele sunt perfect \u0219lefuite, asigur\u00e2nd un b\u0103rbierit neted \u0219i confortabil la fiecare mi\u0219care.<\/p>\n\n\n\n<p>Elegan\u021b\u0103 vintage:<br>\u00cempodobite cu design clasic \u0219i detalii complicate, aceste aparate de ras eman\u0103 farmec \u0219i sofisticare vintage. De la m\u00e2nere confortabile la lame construite cu precizie, fiecare element vorbe\u0219te despre mo\u0219tenirea bogat\u0103 \u0219i arta excep\u021bional\u0103 care este sinonim\u0103 cu Heljestrand.<\/p>\n\n\n\n<p>7 zile de confort:<br>Conceput pentru gentlemanul modern care apreciaza stilul si functionalitatea, acest set include sapte aparate de ras, fiecare dedicata unei anumite zile a saptamanii. \u00cembr\u0103\u021bi\u0219eaz\u0103 cu pl\u0103cere ritualul de \u00eengrijire, \u0219tiind c\u0103 ai instrumentul perfect pentru fiecare ocazie.<\/p>\n\n\n\n<p>Prezentare de lux:<br>Prezentat \u00eentr-o cutie elegant\u0103 \u0219i sofisticat\u0103, setul de b\u0103rbierit pentru 7 zile Heljestrand Eskiltuna Sweden este o completare perfect\u0103 pentru orice colec\u021bie seduc\u0103toare. Indiferent dac\u0103 este un r\u0103sf\u0103\u021b personal sau un cadou atent pentru un domn cu discern\u0103m\u00e2nt, acest set \u00eentruchipeaz\u0103 luxul \u0219i rafinamentul.<\/p>\n\n\n\n<p>\u00cembun\u0103t\u0103\u021bi\u021bi experien\u021ba de b\u0103rbierit:<br>Bucura\u021bi-v\u0103 de arta b\u0103rbieritului cu setul de b\u0103rbierit Heljestrand Eskiltuna Sweden pentru 7 zile \u0219i experimenta\u021bi farmecul atemporal al m\u0103iestriei suedeze. Du-\u021bi rutina de \u00eengrijire la noi culmi ale rafinamentului \u0219i stilului cu aceast\u0103 colec\u021bie exclusiv\u0103 de aparate de ras.<\/p>\n\n\n\n<p>Setul de b\u0103rbierit pentru 7 zile Heljestrand Eskiltuna Sweden este mai mult dec\u00e2t un simplu accesoriu de \u00eengrijire a corpului \u0219i a fe\u021bei - este un simbol al gustului rafinat \u0219i al calit\u0103\u021bii f\u0103r\u0103 compromisuri, destinat s\u0103 fie pre\u021buit genera\u021biilor viitoare.<\/p>\n\n\n\n<figure class=\"wp-block-embed is-type-video is-provider-youtube wp-block-embed-youtube wp-embed-aspect-16-9 wp-has-aspect-ratio\"><div class=\"wp-block-embed__wrapper\">\n<div class=\"video-container\"><iframe title=\"Heljestrand Eskiltuna Suedia Aparate de ras de epoc\u0103 7 zile set\" width=\"1170\" height=\"658\" src=\"https:\/\/www.youtube.com\/embed\/oYVb2hrp-h0?feature=oembed\" frameborder=\"0\" allow=\"accelerometer; autoplay; clipboard-write; encrypted-media; gyroscope; picture-in-picture; web-share\" allowfullscreen><\/iframe><\/div>\n<\/div><\/figure>","protected":false},"excerpt":{"rendered":"<ul>\n<li>Heljestrand Eskiltuna Suedia Aparate de ras de epoc\u0103 7 zile set<\/li>\n<li><strong>Suedeza este probabil cel mai ascu\u021bit o\u021bel inoxidabil g\u0103sit \u00een aparatele de ras.<\/strong><\/li>\n<li>M\u00e2nere din polimer<\/li>\n<li>Nefolosit (NOS - New old stock)<\/li>\n<li>Stare bun\u0103<\/li>\n<li>Semne de coroziune<\/li>\n<li>F\u0103r\u0103 fisuri sau rupturi<\/li>\n<li>Dimensiunile lamei: 70 x 17 mm<\/li>\n<\/ul>","protected":false},"featured_media":1071,"comment_status":"open","ping_status":"closed","template":"","meta":[],"product_brand":[],"product_cat":[23],"product_tag":[114,113,115],"class_list":{"0":"post-492","1":"product","2":"type-product","3":"status-publish","4":"has-post-thumbnail","6":"product_cat-razors","7":"product_tag-eskiltuna","8":"product_tag-heljestrand","9":"product_tag-sweden","10":"product_shipping_class-light","12":"first","13":"outofstock","14":"sale","15":"shipping-taxable","16":"purchasable","17":"product-type-simple"},"_links":{"self":[{"href":"https:\/\/jnats.eu\/ro\/wp-json\/wp\/v2\/product\/492","targetHints":{"allow":["GET"]}}],"collection":[{"href":"https:\/\/jnats.eu\/ro\/wp-json\/wp\/v2\/product"}],"about":[{"href":"https:\/\/jnats.eu\/ro\/wp-json\/wp\/v2\/types\/product"}],"replies":[{"embeddable":true,"href":"https:\/\/jnats.eu\/ro\/wp-json\/wp\/v2\/comments?post=492"}],"wp:featuredmedia":[{"embeddable":true,"href":"https:\/\/jnats.eu\/ro\/wp-json\/wp\/v2\/media\/1071"}],"wp:attachment":[{"href":"https:\/\/jnats.eu\/ro\/wp-json\/wp\/v2\/media?parent=492"}],"wp:term":[{"taxonomy":"product_brand","embeddable":true,"href":"https:\/\/jnats.eu\/ro\/wp-json\/wp\/v2\/product_brand?post=492"},{"taxonomy":"product_cat","embeddable":true,"href":"https:\/\/jnats.eu\/ro\/wp-json\/wp\/v2\/product_cat?post=492"},{"taxonomy":"product_tag","embeddable":true,"href":"https:\/\/jnats.eu\/ro\/wp-json\/wp\/v2\/product_tag?post=492"}],"curies":[{"name":"wp","href":"https:\/\/api.w.org\/{rel}","templated":true}]}}