{"id":4924,"date":"2025-07-10T13:51:53","date_gmt":"2025-07-10T10:51:53","guid":{"rendered":"https:\/\/jnats.eu\/?post_type=product&#038;p=4924"},"modified":"2026-02-12T13:15:19","modified_gmt":"2026-02-12T11:15:19","slug":"hideki-ir-chobomasa-kamisori-vintaziniai-japoniski-skustuvai-naudoti","status":"publish","type":"product","link":"https:\/\/jnats.eu\/ro\/product-2\/hideki-ir-chobomasa-kamisori-vintaziniai-japoniski-skustuvai-naudoti\/","title":{"rendered":"Lame de ras japoneze vintage Hideki \u0219i Chobomasa kamisori (folosite)"},"content":{"rendered":"<p>Descoperi\u021bi adev\u0103rata m\u0103iestrie a b\u0103rbieritului japonez cu&nbsp;<strong>NOS Chobomasa Kamisori<\/strong>&nbsp;\u2013 aparate de ras japoneze vintage autentice, lucrate manual. Aceste aparate de ras sunt folosite, p\u0103strate \u00een stare excelent\u0103, direct din Japonia de la mijlocul secolului al XX-lea.<\/p>\n\n\n\n<figure class=\"wp-block-embed is-type-video is-provider-youtube wp-block-embed-youtube wp-embed-aspect-16-9 wp-has-aspect-ratio\"><div class=\"wp-block-embed__wrapper\">\n<div class=\"video-container\"><iframe title=\"Lame de ras japoneze vintage Hideki \u0219i Chobomasa kamisori (folosite)\" width=\"1170\" height=\"658\" src=\"https:\/\/www.youtube.com\/embed\/_KzEqBvL-7M?feature=oembed\" frameborder=\"0\" allow=\"accelerometer; autoplay; clipboard-write; encrypted-media; gyroscope; picture-in-picture; web-share\" referrerpolicy=\"strict-origin-when-cross-origin\" allowfullscreen><\/iframe><\/div>\n<\/div><\/figure>\n\n\n\n<p>G\u0103tite \u00een mod tradi\u021bional\u00a0<strong>kamisori<\/strong>\u00a0\u00een form\u0103 de lame de ras, aceste aparate de ras ies \u00een eviden\u021b\u0103\u00a0<strong>lam\u0103 asimetric\u0103<\/strong>\u00a0\u0219i\u00a0<strong>o\u021bel carbon de \u00eenalt\u0103 calitate<\/strong>, asigur\u00e2nd o claritate excep\u021bional\u0103 \u0219i o utilizare \u00eendelungat\u0103. Fiecare aparat de ras transmite subtil spiritul m\u0103iestriei japoneze antice \u0219i o func\u021bionalitate excep\u021bional\u0103.<\/p>\n\n\n\n<p><strong>Caracteristici:<\/strong><\/p>\n\n\n\n<ul class=\"wp-block-list\">\n<li>Japonez\u0103 autentic\u0103&nbsp;<strong>kamisori<\/strong>&nbsp;design<\/li>\n\n\n\n<li>Folosit, vintage<\/li>\n\n\n\n<li>De \u00eenalt\u0103 calitate&nbsp;<strong>lam\u0103 din o\u021bel carbon<\/strong><\/li>\n\n\n\n<li>Fabricat manual, produc\u021bie tradi\u021bional\u0103 \u00een Japonia<\/li>\n\n\n\n<li>At\u00e2t pentru colec\u021bionari, c\u00e2t \u0219i pentru pasiona\u021bii de b\u0103rbierit<\/li>\n<\/ul>\n\n\n\n<p><strong>Primul \u0219i al doilea din st\u00e2nga:<\/strong><\/p>\n\n\n\n<ul class=\"wp-block-list\">\n<li>\u4e0a\u6e6f (Kamiyu)<\/li>\n\n\n\n<li>\u79c0\u8f1d (Hideki sau Sh\u016bk\u014d \u2014 \u00een func\u021bie de lectur\u0103)<\/li>\n<\/ul>\n\n\n\n<p><strong>Traducere:<\/strong><\/p>\n\n\n\n<ul class=\"wp-block-list\">\n<li><strong>\u4e0a\u6e6f (Kamiyu)<\/strong> \u2013 acestea sunt cel mai probabil m\u0103rci sau loca\u021bii\/denumiri falsificabile.<\/li>\n\n\n\n<li><strong>\u79c0\u8f1d<\/strong> \u2014 numele sau marca maestrului.<\/li>\n<\/ul>\n\n\n\n<p><strong>Concluzie:<\/strong> Ambele prime kamisori au fost f\u0103cute de acela\u0219i fierar Hideki <strong>\u79c0\u8f1d<\/strong>, marc\u0103 <strong>Kamiya<\/strong>.<\/p>\n\n\n\n<p>To\u021bi ceilal\u021bi <strong>Chobomasa Kamisori<\/strong><\/p>","protected":false},"excerpt":{"rendered":"<ul>\n<li>La fel ca sabia tradi\u021bional\u0103 de samurai, katana, aceste Kamisori au fost forjate manual din 2 p\u0103r\u021bi. Partea t\u0103ietoare este realizat\u0103 din o\u021bel cu con\u021binut ridicat de carbon, \u00een timp ce stratul de sus\u021binere este realizat dintr-un o\u021bel mai simplu. Stratul de o\u021bel este dur, \u00een timp ce cadrul mai moale asigur\u0103 rezisten\u021ba necesar\u0103 la rupere.<\/li>\n<li>Toate camisolele sunt u\u0219or diferite deoarece sunt realizate manual.<\/li>\n<li>Greutate (aprox.): 35 g., <strong>1 \u0219i 2: 45 g.\u00a0<\/strong><\/li>\n<li>Lungime total\u0103 (aprox.): 145 mm, <strong>1 \u0219i 2: 150 mm.\u00a0<\/strong><\/li>\n<li>\u00cen\u0103l\u021bime (aprox.): 18 mm, <strong>1 \u0219i 2: 21 mm.\u00a0<\/strong><\/li>\n<li>Grosimea panglicii (aprox.): 6mm<\/li>\n<li>Lungimea lamei (aprox.): 44 mm, <strong>1 \u0219i 2: 47 mm.\u00a0<\/strong><\/li>\n<li>M\u00e2nerul este f\u0103cut din carton \u00eenf\u0103\u0219urat cu sfoar\u0103.<\/li>\n<li><strong>Dac\u0103 nu vede\u021bi articolul \u00een lista derulant\u0103, \u00eenseamn\u0103 c\u0103 este la v\u00e2nzare.<\/strong><\/li>\n<\/ul>","protected":false},"featured_media":4925,"comment_status":"open","ping_status":"closed","template":"","meta":[],"product_brand":[],"product_cat":[23],"product_tag":[322,25],"class_list":{"0":"post-4924","1":"product","2":"type-product","3":"status-publish","4":"has-post-thumbnail","6":"product_cat-razors","7":"product_tag-chobomasa","8":"product_tag-kamisori","9":"product_shipping_class-light","11":"first","12":"outofstock","13":"shipping-taxable","14":"product-type-variable"},"_links":{"self":[{"href":"https:\/\/jnats.eu\/ro\/wp-json\/wp\/v2\/product\/4924","targetHints":{"allow":["GET"]}}],"collection":[{"href":"https:\/\/jnats.eu\/ro\/wp-json\/wp\/v2\/product"}],"about":[{"href":"https:\/\/jnats.eu\/ro\/wp-json\/wp\/v2\/types\/product"}],"replies":[{"embeddable":true,"href":"https:\/\/jnats.eu\/ro\/wp-json\/wp\/v2\/comments?post=4924"}],"wp:featuredmedia":[{"embeddable":true,"href":"https:\/\/jnats.eu\/ro\/wp-json\/wp\/v2\/media\/4925"}],"wp:attachment":[{"href":"https:\/\/jnats.eu\/ro\/wp-json\/wp\/v2\/media?parent=4924"}],"wp:term":[{"taxonomy":"product_brand","embeddable":true,"href":"https:\/\/jnats.eu\/ro\/wp-json\/wp\/v2\/product_brand?post=4924"},{"taxonomy":"product_cat","embeddable":true,"href":"https:\/\/jnats.eu\/ro\/wp-json\/wp\/v2\/product_cat?post=4924"},{"taxonomy":"product_tag","embeddable":true,"href":"https:\/\/jnats.eu\/ro\/wp-json\/wp\/v2\/product_tag?post=4924"}],"curies":[{"name":"wp","href":"https:\/\/api.w.org\/{rel}","templated":true}]}}