{"id":4955,"date":"2025-07-14T08:35:58","date_gmt":"2025-07-14T05:35:58","guid":{"rendered":"https:\/\/jnats.eu\/?post_type=product&#038;p=4955"},"modified":"2025-08-02T03:24:28","modified_gmt":"2025-08-02T00:24:28","slug":"mikawa-nagura","status":"publish","type":"product","link":"https:\/\/jnats.eu\/ro\/product-2\/mikawa-nagura\/","title":{"rendered":"Mikawa Nagura"},"content":{"rendered":"<p>Similar cu alte naguros, Mikawa este utilizat \u00een mod tradi\u021bional pentru a crea o suspensie abraziv\u0103 pe piatra natural\u0103 de ascu\u021bit. Acest tip de piatr\u0103 este extras din mina Junmikawa Shiro din districtul Kitashitara al prefecturii Aichi. Roca g\u0103sit\u0103 acolo const\u0103 din 10 p\u00e2n\u0103 la 12 straturi, \u00een func\u021bie de zona exploatat\u0103. Dintre aceste straturi, exist\u0103 8 straturi exploatabile \u0219i 4 dintre ele sunt cele mai populare. \u00cen zonele \u00een care exist\u0103 12 straturi exploatabile, exist\u0103 dou\u0103 straturi Tenjyo diferite, precum \u0219i Yae Botan \u0219i Botan, care sunt foarte asem\u0103n\u0103toare. Ca \u00een cazul tuturor pietrelor naturale japoneze, fiecare piatr\u0103 \u00een parte poate varia.<\/p>\n\n\n\n<figure class=\"wp-block-embed is-type-video is-provider-youtube wp-block-embed-youtube wp-embed-aspect-16-9 wp-has-aspect-ratio\"><div class=\"wp-block-embed__wrapper\">\n<div class=\"video-container\"><iframe title=\"Piatr\u0103 natural\u0103 japonez\u0103 Mikawa Nagura WhetStone\" width=\"1170\" height=\"658\" src=\"https:\/\/www.youtube.com\/embed\/tzTRcZVNbN0?feature=oembed\" frameborder=\"0\" allow=\"accelerometer; autoplay; clipboard-write; encrypted-media; gyroscope; picture-in-picture; web-share\" referrerpolicy=\"strict-origin-when-cross-origin\" allowfullscreen><\/iframe><\/div>\n<\/div><\/figure>","protected":false},"excerpt":{"rendered":"<ul>\n<li>Potrivit pentru crearea unei suspensii pe piatr\u0103 dur\u0103 \u0219i pentru etapa intermediar\u0103 de lustruire<\/li>\n<li>Duritate: Lv 4<\/li>\n<li>Dimensiuni aprox: 195x47x39 mm<\/li>\n<li>Greutate: 656 g.<\/li>\n<\/ul>","protected":false},"featured_media":4961,"comment_status":"open","ping_status":"closed","template":"","meta":[],"product_brand":[],"product_cat":[22],"product_tag":[153],"class_list":{"0":"post-4955","1":"product","2":"type-product","3":"status-publish","4":"has-post-thumbnail","6":"product_cat-jnats","7":"product_tag-nagura","8":"product_shipping_class-iprastas","10":"first","11":"instock","12":"shipping-taxable","13":"purchasable","14":"product-type-simple"},"_links":{"self":[{"href":"https:\/\/jnats.eu\/ro\/wp-json\/wp\/v2\/product\/4955","targetHints":{"allow":["GET"]}}],"collection":[{"href":"https:\/\/jnats.eu\/ro\/wp-json\/wp\/v2\/product"}],"about":[{"href":"https:\/\/jnats.eu\/ro\/wp-json\/wp\/v2\/types\/product"}],"replies":[{"embeddable":true,"href":"https:\/\/jnats.eu\/ro\/wp-json\/wp\/v2\/comments?post=4955"}],"wp:featuredmedia":[{"embeddable":true,"href":"https:\/\/jnats.eu\/ro\/wp-json\/wp\/v2\/media\/4961"}],"wp:attachment":[{"href":"https:\/\/jnats.eu\/ro\/wp-json\/wp\/v2\/media?parent=4955"}],"wp:term":[{"taxonomy":"product_brand","embeddable":true,"href":"https:\/\/jnats.eu\/ro\/wp-json\/wp\/v2\/product_brand?post=4955"},{"taxonomy":"product_cat","embeddable":true,"href":"https:\/\/jnats.eu\/ro\/wp-json\/wp\/v2\/product_cat?post=4955"},{"taxonomy":"product_tag","embeddable":true,"href":"https:\/\/jnats.eu\/ro\/wp-json\/wp\/v2\/product_tag?post=4955"}],"curies":[{"name":"wp","href":"https:\/\/api.w.org\/{rel}","templated":true}]}}