{"id":4962,"date":"2025-07-14T10:53:33","date_gmt":"2025-07-14T07:53:33","guid":{"rendered":"https:\/\/jnats.eu\/?post_type=product&#038;p=4962"},"modified":"2025-07-25T01:47:01","modified_gmt":"2025-07-24T22:47:01","slug":"ohira-shiro-suita","status":"publish","type":"product","link":"https:\/\/jnats.eu\/ro\/product-2\/ohira-shiro-suita\/","title":{"rendered":"Ohira Shiro Suite"},"content":{"rendered":"<p><strong>Ohira Shiro Suite<\/strong> - una dintre cele mai r\u00e2vnite pietre naturale de ascu\u021bit din Japonia, extras\u0103 \u00een legendarul <strong>Mina Ohira<\/strong> Prefectura Kyoto, Japonia. Aceast\u0103 piatr\u0103 se caracterizeaz\u0103 prin structura sa abraziv\u0103 ultrafin\u0103 \u0219i omogen\u0103, prin senza\u021bia de ascu\u021bire moale \u0219i cremoas\u0103 \u0219i prin capacitatea sa de a produce o t\u0103ietur\u0103 foarte ascu\u021bit\u0103 \u0219i curat\u0103.<\/p>\n\n\n\n<figure class=\"wp-block-embed is-type-video is-provider-youtube wp-block-embed-youtube wp-embed-aspect-16-9 wp-has-aspect-ratio\"><div class=\"wp-block-embed__wrapper\">\n<div class=\"video-container\"><iframe title=\"Ohira Shiro Suita Test pe cu\u021bitul Yakut - SH15 o\u021bel carbon\" width=\"1170\" height=\"658\" src=\"https:\/\/www.youtube.com\/embed\/mrDqF5Y2Qvo?feature=oembed\" frameborder=\"0\" allow=\"accelerometer; autoplay; clipboard-write; encrypted-media; gyroscope; picture-in-picture; web-share\" referrerpolicy=\"strict-origin-when-cross-origin\" allowfullscreen><\/iframe><\/div>\n<\/div><\/figure>\n\n\n\n<p>Cuv\u00e2ntul din titlu <strong>\"Shiro\" (\u767d)<\/strong> mijloace <em>alb<\/em>indic\u00e2nd o nuan\u021b\u0103 mai deschis\u0103 a pietrei principale \u0219i <strong>\"Suite\"<\/strong> descrie un tip de structur\u0103 de piatr\u0103 natural\u0103 stratificat\u0103 cu linii fine (<em>suji<\/em>), care nu interfereaz\u0103 cu munca \u0219i sunt, \u00een general, considerate sigure.<\/p>\n\n\n\n<hr class=\"wp-block-separator has-alpha-channel-opacity\"\/>\n\n\n\n<h3 class=\"wp-block-heading\">\ud83d\udccc <strong>Caracteristici principale:<\/strong><\/h3>\n\n\n\n<ul class=\"wp-block-list\">\n<li>\u2705 <strong>Origine:<\/strong> Mina Ohira, Kyoto, Japonia<\/li>\n\n\n\n<li>\u2705 <strong>Tip piatr\u0103:<\/strong> Piatra de ascu\u021bit natural\u0103 final\u0103 (<em>Livrare la<\/em>)<\/li>\n\n\n\n<li>\u2705 <strong>Rugozitate:<\/strong> Aproximativ 8 000-12 000 (poate varia u\u0219or \u00een func\u021bie de piatr\u0103)<\/li>\n\n\n\n<li>\u2705 <strong>Sensul muncii:<\/strong> Soft, bl\u00e2nd, cremos, feedback excelent<\/li>\n\n\n\n<li>\u2705 <strong>Rezultatul ascu\u021birii:<\/strong> Suprafa\u021b\u0103 semi-oglind\u0103 cu un efect subtil de \"din\u021bi\u0219or\" - ideal\u0103 pentru cu\u021bite de buc\u0103t\u0103rie, cu\u021bite de ras, d\u0103l\u021bi, unelte de sculptur\u0103 \u00een lemn<\/li>\n\n\n\n<li>\u2705 <strong>Perfect pentru o\u021beluri inoxidabile \u0219i cu con\u021binut ridicat de carbon (albastru #1, #2, alb #1, #2, SH15 etc.)<\/strong><\/li>\n<\/ul>\n\n\n\n<hr class=\"wp-block-separator has-alpha-channel-opacity\"\/>\n\n\n\n<h2 class=\"wp-block-heading\">\ud83e\udea8 <strong>Despre mina Ohira<\/strong><\/h2>\n\n\n\n<p><strong>Mina Ohira<\/strong> - Unul dintre cele mai renumite situri miniere de piatr\u0103 natural\u0103 de ascu\u021bit din Japonia. Acesta este situat pe dealurile din prefectura Kyoto, aproape de lan\u021burile muntoase H\u014dzukawa \u0219i Atago, unde se extrag pietre de cea mai bun\u0103 calitate \u00eenc\u0103 din perioada Edo (secolul al XVII-lea) <em>Awasedo<\/em> pietre.<\/p>\n\n\n\n<p>Condi\u021biile geologice din aceast\u0103 regiune - \u00een special straturile sedimentare fine de cuar\u021bit, siliciu \u0219i oxizi de fier - au produs unele dintre cele mai curate, mai omogene \u0219i de cea mai bun\u0103 calitate pietre din Japonia. Ohira este renumit\u0103 \u00een special pentru <strong>Shiro Suita<\/strong>, <strong>Asagi<\/strong>, <strong>Tomae<\/strong> pietre care sunt apreciate at\u00e2t de ascu\u021bitorii profesioni\u0219ti de cu\u021bite japoneze, c\u00e2t \u0219i de mae\u0219trii cu\u021bitelor de b\u0103rbierit.<\/p>\n\n\n\n<p>Unele zone ale minei Ohira sunt \u00een prezent \u00eenchise, astfel \u00eenc\u00e2t exemplarele vechi sunt foarte apreciate de colec\u021bionari \u0219i profesioni\u0219ti.<\/p>\n\n\n\n<hr class=\"wp-block-separator has-alpha-channel-opacity\"\/>\n\n\n\n<h3 class=\"wp-block-heading\">\ud83c\udfaf <strong>Utilizare recomandat\u0103:<\/strong><\/h3>\n\n\n\n<ul class=\"wp-block-list\">\n<li>Pentru ascu\u021bitori profesioni\u0219ti de cu\u021bite<\/li>\n\n\n\n<li>Pentru \u00eentre\u021binerea aparatelor de ras \u0219i de tuns<\/li>\n\n\n\n<li>Pentru colec\u021bionarii care caut\u0103 piatr\u0103 de finisare natural\u0103 japonez\u0103 premium<\/li>\n\n\n\n<li>Pentru cu\u021bitele de buc\u0103t\u0103rie care necesit\u0103 o t\u0103iere ascu\u021bit\u0103, dar delicat grosier\u0103, f\u0103r\u0103 micropuncte<\/li>\n<\/ul>","protected":false},"excerpt":{"rendered":"<ul>\n<li>Potrivit pentru finisarea \u0219oarecilor, daltelor, foarfecelor \u0219i a altor unelte. Prefinisare pentru aparate de ras.<\/li>\n<li>Apartament curat f\u0103r\u0103 \"linii toxice\" perceptibile<\/li>\n<li>Duritate: Lv 4.5<\/li>\n<li>Dimensiuni aprox: 198x69x26 mm<\/li>\n<li>Greutate: 880 g.<\/li>\n<\/ul>","protected":false},"featured_media":4966,"comment_status":"open","ping_status":"closed","template":"","meta":[],"product_brand":[],"product_cat":[22],"product_tag":[47,50],"class_list":{"0":"post-4962","1":"product","2":"type-product","3":"status-publish","4":"has-post-thumbnail","6":"product_cat-jnats","7":"product_tag-ohira","8":"product_tag-suita","9":"product_shipping_class-iprastas","11":"first","12":"outofstock","13":"shipping-taxable","14":"purchasable","15":"product-type-simple"},"_links":{"self":[{"href":"https:\/\/jnats.eu\/ro\/wp-json\/wp\/v2\/product\/4962","targetHints":{"allow":["GET"]}}],"collection":[{"href":"https:\/\/jnats.eu\/ro\/wp-json\/wp\/v2\/product"}],"about":[{"href":"https:\/\/jnats.eu\/ro\/wp-json\/wp\/v2\/types\/product"}],"replies":[{"embeddable":true,"href":"https:\/\/jnats.eu\/ro\/wp-json\/wp\/v2\/comments?post=4962"}],"wp:featuredmedia":[{"embeddable":true,"href":"https:\/\/jnats.eu\/ro\/wp-json\/wp\/v2\/media\/4966"}],"wp:attachment":[{"href":"https:\/\/jnats.eu\/ro\/wp-json\/wp\/v2\/media?parent=4962"}],"wp:term":[{"taxonomy":"product_brand","embeddable":true,"href":"https:\/\/jnats.eu\/ro\/wp-json\/wp\/v2\/product_brand?post=4962"},{"taxonomy":"product_cat","embeddable":true,"href":"https:\/\/jnats.eu\/ro\/wp-json\/wp\/v2\/product_cat?post=4962"},{"taxonomy":"product_tag","embeddable":true,"href":"https:\/\/jnats.eu\/ro\/wp-json\/wp\/v2\/product_tag?post=4962"}],"curies":[{"name":"wp","href":"https:\/\/api.w.org\/{rel}","templated":true}]}}