{"id":4981,"date":"2025-07-16T14:23:53","date_gmt":"2025-07-16T11:23:53","guid":{"rendered":"https:\/\/jnats.eu\/?post_type=product&#038;p=4981"},"modified":"2025-07-24T21:45:31","modified_gmt":"2025-07-24T18:45:31","slug":"sakai-takayuki-honyaki-gyuto-is-aogami-2-plieno","status":"publish","type":"product","link":"https:\/\/jnats.eu\/ro\/product-2\/sakai-takayuki-honyaki-gyuto-is-aogami-2-plieno\/","title":{"rendered":"Sakai Takayuki Honyaki Gyuto \u00een o\u021bel Aogami #2"},"content":{"rendered":"<p>Descoperi\u021bi apogeul m\u0103iestriei japoneze cu <strong>Sakai Takayuki Honyaki Gyuto<\/strong>realizat din legendarul <strong>Aogami #2<\/strong> (\"Blue Paper Steel\"). Acest cu\u021bit reflect\u0103 ad\u00e2ncimea <strong>Tu spui<\/strong> tradi\u021bia de fier\u0103rie a ora\u0219ului, unde fiecare cu\u021bit este modelat de m\u00e2inile unui me\u0219ter artizan, ghidat de zeci de ani (dac\u0103 nu chiar secole) de experien\u021b\u0103.<\/p>\n\n\n\n<h4 class=\"wp-block-heading\"><strong>Caracteristici principale:<\/strong><\/h4>\n\n\n\n<p>\ud83d\udd39 <strong>Honyaki \u00eent\u0103rire<\/strong> - este una dintre cele mai sofisticate \u0219i prestigioase tehnici de \u00eent\u0103rire a cu\u021bitelor din Japonia. Prin utilizarea tehnicii de acoperire cu lut \u0219i \u00eent\u0103rire cu ap\u0103 (mizuyaki), lama dob\u00e2nde\u0219te o duritate bun\u0103 (aproximativ 62-64 HRC) pe lam\u0103, men\u021bin\u00e2nd astfel o ascu\u021bime excelent\u0103 pentru o perioad\u0103 lung\u0103 de timp. \u00centre timp, peni\u021ba r\u0103m\u00e2ne mai moale, ceea ce previne posibilele ruperi. Aceast\u0103 metod\u0103 aminte\u0219te de producerea s\u0103biilor japoneze (katanas).<\/p>\n\n\n\n<p>\ud83d\udd39 <strong>Aogami #2 (O\u021bel albastru #2)<\/strong> - este un o\u021bel carbon de \u00eenalt\u0103 calitate \u00eembog\u0103\u021bit cu tungsten \u0219i crom. Acest lucru confer\u0103 cu\u021bitului o ascu\u021bime excep\u021bional\u0103, durabilitate \u0219i o t\u0103iere curat\u0103.<\/p>\n\n\n\n<p>\ud83d\udd39 <strong>Forma de Gyuto<\/strong> - O lam\u0103 versatil\u0103 de buc\u0103tar, perfect\u0103 pentru legume, carne sau pe\u0219te. Curbura bl\u00e2nd\u0103 permite at\u00e2t mi\u0219c\u0103ri de tocare, c\u00e2t \u0219i de feliere.<\/p>\n\n\n\n<p>\ud83d\udd39 <strong>M\u00e2ner octogonal (hakkaku)<\/strong> - fabricat din lemn \u00eentunecat de lux pentru o prindere sigur\u0103, ergonomic\u0103 \u0219i echilibrat\u0103. Potrivit at\u00e2t pentru utilizatorii dreptaci, c\u00e2t \u0219i pentru st\u00e2ngaci.<\/p>\n\n\n\n<p>\ud83d\udd39 <strong>Model unic de hamon<\/strong> - \u00cent\u0103rirea Honyaki creeaz\u0103 un model liniar subtil, dar atr\u0103g\u0103tor pe lam\u0103, care arat\u0103 unde se termin\u0103 stratul de lut - o adev\u0103rat\u0103 atingere artistic\u0103.<\/p>\n\n\n\n<hr class=\"wp-block-separator has-alpha-channel-opacity\"\/>\n\n\n\n<h3 class=\"wp-block-heading\"><strong>Recomand\u0103ri pentru \u00eentre\u021binere:<\/strong><\/h3>\n\n\n\n<p>Deoarece acesta este un cu\u021bit Honyaki din o\u021bel carbon, este recomandat:<\/p>\n\n\n\n<ul class=\"wp-block-list\">\n<li>Cur\u0103\u021ba\u021bi \u0219i usca\u021bi dup\u0103 fiecare utilizare<\/li>\n\n\n\n<li>Utiliza\u021bi numai pietre de ascu\u021bit adecvate (recomandate: pietre japoneze naturale)<\/li>\n\n\n\n<li>Nu depozita\u021bi \u00eentr-un mediu umed<\/li>\n<\/ul>\n\n\n\n<hr class=\"wp-block-separator has-alpha-channel-opacity\"\/>\n\n\n\n<p>Acest cu\u021bit nu este doar un instrument de buc\u0103t\u0103rie, ci <strong>oper\u0103 de art\u0103<\/strong>pentru profesioni\u0219ti sau entuzia\u0219ti care apreciaz\u0103 ascu\u021bimea, mo\u0219tenirea \u0219i perfec\u021biunea \u00een fiecare t\u0103iere.<\/p>","protected":false},"excerpt":{"rendered":"<p><strong>Dimensiuni \u0219i greutate<\/strong><\/p>\n<ul class=\"wp-block-list\">\n<li>\u00cen\u0103l\u021bimea lamei 45 mm<\/li>\n<li>Lungimea lamei 162 mm<\/li>\n<li>Grosimea lamei 2,5 mm<\/li>\n<li>Lungimea m\u00e2nerului 138 mm<\/li>\n<li>Lungime total\u0103 136<\/li>\n<li>Greutate 173 g<\/li>\n<li>M\u00e2ner: lemn stabilizat \u0219i corn de bivol. <strong>Exist\u0103 un spa\u021biu de c\u00e2\u021biva mm \u00eentre lam\u0103 \u0219i m\u00e2ner.<\/strong><\/li>\n<li>O\u021bel Aogami #2<\/li>\n<li>Poate fi folosit de persoane dreptace sau st\u00e2ngace<\/li>\n<\/ul>","protected":false},"featured_media":4984,"comment_status":"open","ping_status":"closed","template":"","meta":[],"product_brand":[],"product_cat":[24],"product_tag":[333,361],"class_list":{"0":"post-4981","1":"product","2":"type-product","3":"status-publish","4":"has-post-thumbnail","6":"product_cat-knifes","7":"product_tag-aogami","8":"product_tag-gyuto","9":"product_shipping_class-iprastas","11":"first","12":"outofstock","13":"shipping-taxable","14":"purchasable","15":"product-type-simple"},"_links":{"self":[{"href":"https:\/\/jnats.eu\/ro\/wp-json\/wp\/v2\/product\/4981","targetHints":{"allow":["GET"]}}],"collection":[{"href":"https:\/\/jnats.eu\/ro\/wp-json\/wp\/v2\/product"}],"about":[{"href":"https:\/\/jnats.eu\/ro\/wp-json\/wp\/v2\/types\/product"}],"replies":[{"embeddable":true,"href":"https:\/\/jnats.eu\/ro\/wp-json\/wp\/v2\/comments?post=4981"}],"wp:featuredmedia":[{"embeddable":true,"href":"https:\/\/jnats.eu\/ro\/wp-json\/wp\/v2\/media\/4984"}],"wp:attachment":[{"href":"https:\/\/jnats.eu\/ro\/wp-json\/wp\/v2\/media?parent=4981"}],"wp:term":[{"taxonomy":"product_brand","embeddable":true,"href":"https:\/\/jnats.eu\/ro\/wp-json\/wp\/v2\/product_brand?post=4981"},{"taxonomy":"product_cat","embeddable":true,"href":"https:\/\/jnats.eu\/ro\/wp-json\/wp\/v2\/product_cat?post=4981"},{"taxonomy":"product_tag","embeddable":true,"href":"https:\/\/jnats.eu\/ro\/wp-json\/wp\/v2\/product_tag?post=4981"}],"curies":[{"name":"wp","href":"https:\/\/api.w.org\/{rel}","templated":true}]}}