{"id":499,"date":"2024-03-07T11:05:59","date_gmt":"2024-03-07T09:05:59","guid":{"rendered":"http:\/\/jnats.eu\/?post_type=product&#038;p=499"},"modified":"2024-04-09T09:23:42","modified_gmt":"2024-04-09T06:23:42","slug":"joseph-rogers-sons-vintaziniu-skustuvu-7-dienu-rinkinys","status":"publish","type":"product","link":"https:\/\/jnats.eu\/ro\/product-2\/joseph-rogers-sons-vintaziniu-skustuvu-7-dienu-rinkinys\/","title":{"rendered":"Joseph Rogers &amp; Sons Vintage Razors 7 Days Set"},"content":{"rendered":"<p>Joseph Rogers &amp; Sons Cutlers to her Majesty Shefield Vintage Razors 7 Days Set<\/p>\n\n\n\n<figure class=\"wp-block-embed is-type-video is-provider-youtube wp-block-embed-youtube wp-embed-aspect-16-9 wp-has-aspect-ratio\"><div class=\"wp-block-embed__wrapper\">\n<div class=\"video-container\"><iframe title=\"Joseph Rogers &amp; Sons Vintage Razors 7 Days Set\" width=\"1170\" height=\"658\" src=\"https:\/\/www.youtube.com\/embed\/fMCv4hhV4Ug?feature=oembed\" frameborder=\"0\" allow=\"accelerometer; autoplay; clipboard-write; encrypted-media; gyroscope; picture-in-picture; web-share\" referrerpolicy=\"strict-origin-when-cross-origin\" allowfullscreen><\/iframe><\/div>\n<\/div><\/figure>\n\n\n\n<p>Experimenta\u021bi \u00eentruchiparea m\u0103iestriei britanice \u0219i a elegan\u021bei regale cu setul de lame Joseph Rogers &amp; Sons Vintage Cutlers to Her Majesty Shefield 7-Day. Acest set, realizat de artizani aprecia\u021bi din Sheffield, Anglia, renumi\u021bi pentru mo\u0219tenirea lor bogat\u0103 de precizie \u00een prelucrarea metalelor \u0219i stil atemporal.<\/p>\n\n\n\n<p>Un patrimoniu excep\u021bional:<br>Fiecare aparat de ras din acest set exclusivist este fabricat de fierarii regelui. Marca veche de secole \u00eentruchipeaz\u0103 m\u0103iestria \u0219i tradi\u021bia \u00een fiecare pies\u0103 meticulos lucrat\u0103.<\/p>\n\n\n\n<p>Calitate regal\u0103:<br>Fabricate din o\u021bel de cea mai bun\u0103 calitate, aparatele de ras din acest set sunt dovada calit\u0103\u021bii superioare \u0219i a performan\u021bei de lung\u0103 durat\u0103. Concepute pentru un b\u0103rbierit fin \u0219i confortabil, ele reprezint\u0103 precizia \u0219i aten\u021bia la detalii care celebreaz\u0103 m\u0103iestria Sheffield.<\/p>\n\n\n\n<p>Farmecul lumii vechi:<br>Experimenta\u021bi farmecul trecutului cu designul vintage al acestor aparate de ras. De la m\u00e2nerele ornamentate din filde\u0219 la lamele perfect lustruite, fiecare aparat de ras eman\u0103 farmecul \u0219i rafinamentul lumii vechi.<\/p>\n\n\n\n<p>7 zile precizie:<br>\u00cembun\u0103t\u0103\u021be\u0219te-\u021bi rutina de \u00eengrijire cu un aparat de ras convenabil pentru fiecare zi a s\u0103pt\u0103m\u00e2nii. Fie c\u0103 v\u0103 preg\u0103ti\u021bi pentru o zi plin\u0103 la birou sau pentru un weekend relaxant, acest set v\u0103 asigur\u0103 c\u0103 ave\u021bi \u00eentotdeauna instrumentul perfect la \u00eendem\u00e2n\u0103.<\/p>\n\n\n\n<p>O prezentare regal\u0103:<br>Setul Joseph Rogers &amp; Sons Vintage Cutlers to Her Majesty Shefield 7-Day Razor Set de la Joseph Rogers &amp; Sons, prezentat \u00eentr-o cutie de prezentare elegant\u0103, este caracterizat de rafinament \u0219i lux. Fie c\u0103 este expus cu m\u00e2ndrie pe trusa dvs. de toalet\u0103 sau prezentat ca un cadou pre\u021bios, acesta \u00eentruchipeaz\u0103 elegan\u021ba atemporal\u0103 a m\u0103iestriei britanice.<\/p>\n\n\n\n<p>\u00cembun\u0103t\u0103\u021bi\u021bi experien\u021ba de b\u0103rbierit:<br>Cufund\u0103-te \u00een luxul unei epoci trecute cu setul regal de aparate de ras. Aceste aparate de ras nu sunt doar elemente esen\u021biale de \u00eengrijire, ele sunt o mo\u0219tenire a perfec\u021biunii \u0219i exclusivit\u0103\u021bii, asigur\u00e2nd c\u0103 fiecare b\u0103rbierit este o afacere regal\u0103.<\/p>","protected":false},"excerpt":{"rendered":"<ul>\n<li>M\u00e2nere realizate din filde\u0219<\/li>\n<li>Nefolosit (NOS - New old stock)<\/li>\n<li>Stare bun\u0103<\/li>\n<li>Semne de coroziune<\/li>\n<li><strong>Un aparat de ras are o cr\u0103p\u0103tur\u0103 mare, dou\u0103 au cr\u0103p\u0103turi mici<\/strong><\/li>\n<\/ul>","protected":false},"featured_media":1064,"comment_status":"open","ping_status":"closed","template":"","meta":[],"product_brand":[],"product_cat":[23],"product_tag":[118,117,116,119],"class_list":{"0":"post-499","1":"product","2":"type-product","3":"status-publish","4":"has-post-thumbnail","6":"product_cat-razors","7":"product_tag-cutlers","8":"product_tag-joseph-rogers-sons","9":"product_tag-majesty","10":"product_tag-shefield","11":"product_shipping_class-light","13":"first","14":"instock","15":"shipping-taxable","16":"purchasable","17":"product-type-simple"},"_links":{"self":[{"href":"https:\/\/jnats.eu\/ro\/wp-json\/wp\/v2\/product\/499","targetHints":{"allow":["GET"]}}],"collection":[{"href":"https:\/\/jnats.eu\/ro\/wp-json\/wp\/v2\/product"}],"about":[{"href":"https:\/\/jnats.eu\/ro\/wp-json\/wp\/v2\/types\/product"}],"replies":[{"embeddable":true,"href":"https:\/\/jnats.eu\/ro\/wp-json\/wp\/v2\/comments?post=499"}],"wp:featuredmedia":[{"embeddable":true,"href":"https:\/\/jnats.eu\/ro\/wp-json\/wp\/v2\/media\/1064"}],"wp:attachment":[{"href":"https:\/\/jnats.eu\/ro\/wp-json\/wp\/v2\/media?parent=499"}],"wp:term":[{"taxonomy":"product_brand","embeddable":true,"href":"https:\/\/jnats.eu\/ro\/wp-json\/wp\/v2\/product_brand?post=499"},{"taxonomy":"product_cat","embeddable":true,"href":"https:\/\/jnats.eu\/ro\/wp-json\/wp\/v2\/product_cat?post=499"},{"taxonomy":"product_tag","embeddable":true,"href":"https:\/\/jnats.eu\/ro\/wp-json\/wp\/v2\/product_tag?post=499"}],"curies":[{"name":"wp","href":"https:\/\/api.w.org\/{rel}","templated":true}]}}