{"id":4996,"date":"2025-07-21T09:56:56","date_gmt":"2025-07-21T06:56:56","guid":{"rendered":"https:\/\/jnats.eu\/?post_type=product&#038;p=4996"},"modified":"2025-10-02T19:51:09","modified_gmt":"2025-10-02T16:51:09","slug":"nos-paauksuotas-vintazinis-skustuvas-gevoso-ss-2000","status":"publish","type":"product","link":"https:\/\/jnats.eu\/ro\/product-2\/nos-paauksuotas-vintazinis-skustuvas-gevoso-ss-2000\/","title":{"rendered":"Aparat de ras de epoc\u0103 NOS Gilt Gevoso SS 2000"},"content":{"rendered":"<p>Vintage de \u00eenalt\u0103 calitate <em>brici drept<\/em> (aparat de ras drept), fabricat \u00een legendarul Solingen, Germania. Model <strong>Gevoso SS 2000<\/strong>, lam\u0103 din o\u021bel inoxidabil cu <strong>cu panglic\u0103 placat\u0103 cu aur<\/strong>, un nivel de conservare extrem de rar - <strong>NOS (New Old Stock)<\/strong>, neutilizat.<\/p>\n\n\n\n<figure class=\"wp-block-embed is-type-video is-provider-youtube wp-block-embed-youtube wp-embed-aspect-16-9 wp-has-aspect-ratio\"><div class=\"wp-block-embed__wrapper\">\n<div class=\"video-container\"><iframe title=\"NOS Gold Plated Vintage Razor Gevoso SS 2000\" width=\"1170\" height=\"658\" src=\"https:\/\/www.youtube.com\/embed\/ll1UrdPDA5Y?feature=oembed\" frameborder=\"0\" allow=\"accelerometer; autoplay; clipboard-write; encrypted-media; gyroscope; picture-in-picture; web-share\" referrerpolicy=\"strict-origin-when-cross-origin\" allowfullscreen><\/iframe><\/div>\n<\/div><\/figure>\n\n\n\n<ul class=\"wp-block-list\">\n<li><strong>Produc\u0103tor:<\/strong> Gevoso, Solingen, Germania<\/li>\n\n\n\n<li><strong>Lam\u0103:<\/strong> o\u021bel inoxidabil<\/li>\n\n\n\n<li><strong>Forma:<\/strong> Extra Hollow Ground (m\u0103cinat foarte fin)<\/li>\n\n\n\n<li><strong>M\u00e2ner:<\/strong> Plastic texturat, decorat cu logo-ul Gevos<\/li>\n\n\n\n<li><strong>Suplimentare:<\/strong> Cutie ro\u0219ie original\u0103 cu imprimare aurie<\/li>\n\n\n\n<li><strong>Stare:<\/strong> NOS - neutilizat, stare de colec\u021bie<\/li>\n<\/ul>","protected":false},"excerpt":{"rendered":"<ul>\n<li>NOS (New old stock) nefolosit NOS Gilded vintage razor Gevoso SS 2000 Solingen Made in Germany cu cutie.<\/li>\n<li>Placarea cu aur este u\u0219or frecat\u0103 pe alocuri. V\u0103 rug\u0103m s\u0103 privi\u021bi cu aten\u021bie fotografiile \u0219i videoclipul.<\/li>\n<li>Mecanica \u0219i geometria sunt impecabile.<\/li>\n<li>Greutate - 51 g<\/li>\n<li>Dimensiunile lamei - 73x20x5 mm<\/li>\n<li>Extra Hollow Ground (m\u0103cinat foarte fin)<\/li>\n<li>M\u00e2ner din polimer<\/li>\n<\/ul>","protected":false},"featured_media":5002,"comment_status":"open","ping_status":"closed","template":"","meta":[],"product_brand":[],"product_cat":[23],"product_tag":[368,55],"class_list":{"0":"post-4996","1":"product","2":"type-product","3":"status-publish","4":"has-post-thumbnail","6":"product_cat-razors","7":"product_tag-gevoso","8":"product_tag-nos","9":"product_shipping_class-light","11":"first","12":"outofstock","13":"shipping-taxable","14":"purchasable","15":"product-type-simple"},"_links":{"self":[{"href":"https:\/\/jnats.eu\/ro\/wp-json\/wp\/v2\/product\/4996","targetHints":{"allow":["GET"]}}],"collection":[{"href":"https:\/\/jnats.eu\/ro\/wp-json\/wp\/v2\/product"}],"about":[{"href":"https:\/\/jnats.eu\/ro\/wp-json\/wp\/v2\/types\/product"}],"replies":[{"embeddable":true,"href":"https:\/\/jnats.eu\/ro\/wp-json\/wp\/v2\/comments?post=4996"}],"wp:featuredmedia":[{"embeddable":true,"href":"https:\/\/jnats.eu\/ro\/wp-json\/wp\/v2\/media\/5002"}],"wp:attachment":[{"href":"https:\/\/jnats.eu\/ro\/wp-json\/wp\/v2\/media?parent=4996"}],"wp:term":[{"taxonomy":"product_brand","embeddable":true,"href":"https:\/\/jnats.eu\/ro\/wp-json\/wp\/v2\/product_brand?post=4996"},{"taxonomy":"product_cat","embeddable":true,"href":"https:\/\/jnats.eu\/ro\/wp-json\/wp\/v2\/product_cat?post=4996"},{"taxonomy":"product_tag","embeddable":true,"href":"https:\/\/jnats.eu\/ro\/wp-json\/wp\/v2\/product_tag?post=4996"}],"curies":[{"name":"wp","href":"https:\/\/api.w.org\/{rel}","templated":true}]}}