{"id":5079,"date":"2025-08-08T11:11:10","date_gmt":"2025-08-08T08:11:10","guid":{"rendered":"https:\/\/jnats.eu\/?post_type=product&#038;p=5079"},"modified":"2025-08-17T23:00:47","modified_gmt":"2025-08-17T20:00:47","slug":"apex-ulta-sefo-peilis-20cm-naudotas","status":"publish","type":"product","link":"https:\/\/jnats.eu\/ro\/product-2\/apex-ulta-sefo-peilis-20cm-naudotas\/","title":{"rendered":"Cu\u021bit de buc\u0103tar Apex Ulta 20cm (folosit)"},"content":{"rendered":"<figure class=\"wp-block-embed is-type-video is-provider-youtube wp-block-embed-youtube wp-embed-aspect-16-9 wp-has-aspect-ratio\"><div class=\"wp-block-embed__wrapper\">\n<div class=\"video-container\"><iframe title=\"Yamashiro Honba Umegahata Suita vs Chef Knife Apex Ultra 66 HRC\" width=\"1170\" height=\"658\" src=\"https:\/\/www.youtube.com\/embed\/OKUOUb-1hes?feature=oembed\" frameborder=\"0\" allow=\"accelerometer; autoplay; clipboard-write; encrypted-media; gyroscope; picture-in-picture; web-share\" referrerpolicy=\"strict-origin-when-cross-origin\" allowfullscreen><\/iframe><\/div>\n<\/div><\/figure>\n\n\n\n<p><strong>ApexUltra<\/strong> - este un o\u021bel de cu\u021bit de \u00eenalt\u0103 calitate dezvoltat de Larrin Thomas, Tobias Hangler \u0219i Marco Guldimann. Are propriet\u0103\u021bi mecanice excelente: duritate extrem de ridicat\u0103 (~66 HRC), dar, \u00een acela\u0219i timp, rezisten\u021b\u0103 extraordinar\u0103 la rupere (tenacitate).<\/p>\n\n\n\n<p>Caracteristicile importante includ:<\/p>\n\n\n\n<ul class=\"wp-block-list\">\n<li>Puritatea ridicat\u0103 \u0219i omogenitatea o\u021belului \u00eenseamn\u0103 mai pu\u021bine puncte de ini\u021biere a fisurilor \u0219i mai mult\u0103 integritate.<\/li>\n\n\n\n<li>Structuri fine \u0219i carburi pentru o mai bun\u0103 ascu\u021bime \u0219i rezisten\u021b\u0103 la deteriorarea lamei.<\/li>\n\n\n\n<li>Combina\u021bie excelent\u0103 de reten\u021bie a marginilor \u0219i rezisten\u021b\u0103 la microabrasiune.<\/li>\n\n\n\n<li>Poate fi forjat \u0219i sudat, ceea ce \u00eel face o\u021belul ideal pentru cu\u021bitele culinare care necesit\u0103 lame sub\u021biri \u0219i ascu\u021bite.<\/li>\n\n\n\n<li>De asemenea, este u\u0219or de ascu\u021bit - de\u0219i o\u021belul este dur, structura sa permite utilizarea ascu\u021bitoarelor tradi\u021bionale cu piatr\u0103, chiar \u0219i f\u0103r\u0103 instrumente diamantate.<\/li>\n<\/ul>","protected":false},"excerpt":{"rendered":"<p>Cu\u021bit de buc\u0103tar 20 cm din Apex Ulta, un o\u021bel carbon modern dezvoltat special pentru cu\u021bite. Predispus la ruginire, dar aici problema este par\u021bial rezolvat\u0103 prin plasarea stratului dur \u00eentre pl\u0103ci de o\u021bel inoxidabil (laminat). Lama a fost forjat\u0103 de Tomas Geliazetdinov. Durificat\u0103 foarte tare (66HRC). Taie agresiv \u0219i \u00ee\u0219i men\u021bine ascu\u021bimea pentru o perioad\u0103 foarte lung\u0103 de timp. Ideal pentru t\u0103ierea at\u00e2t a legumelor, c\u00e2t \u0219i a c\u0103rnii.<\/p>\n<p><strong>Panta lamei este u\u0219or convex\u0103, ceea ce o face foarte u\u0219or de penetrat \u0219i de alunecat peste produs. Aceast\u0103 form\u0103 este, f\u0103r\u0103 \u00eendoial\u0103, cea mai potrivit\u0103 pentru cu\u021bitele de buc\u0103t\u0103rie, dar este, din p\u0103cate, foarte rar\u0103 din cauza complexit\u0103\u021bii produc\u021biei.<\/strong><\/p>\n<p><!-- wp:list --><\/p>\n<ul class=\"wp-block-list\">\n<li style=\"list-style-type: none;\">\n<ul class=\"wp-block-list\"><!-- wp:list-item --><\/p>\n<li><strong>Dimensiuni \u0219i greutate<\/strong><\/li>\n<\/ul>\n<\/li>\n<\/ul>\n<p><!-- \/wp:list-item --><\/p>\n<p><!-- wp:list-item --><\/p>\n<ul class=\"wp-block-list\">\n<li style=\"list-style-type: none;\">\n<ul class=\"wp-block-list\">\n<li>\u00cen\u0103l\u021bimea lamei 55 mm<\/li>\n<\/ul>\n<\/li>\n<\/ul>\n<p><!-- \/wp:list-item --><\/p>\n<p><!-- wp:list-item --><\/p>\n<ul class=\"wp-block-list\">\n<li style=\"list-style-type: none;\">\n<ul class=\"wp-block-list\">\n<li>Lungimea lamei 200 00<\/li>\n<\/ul>\n<\/li>\n<\/ul>\n<p><!-- \/wp:list-item --><\/p>\n<p><!-- wp:list-item --><\/p>\n<ul class=\"wp-block-list\">\n<li style=\"list-style-type: none;\">\n<ul class=\"wp-block-list\">\n<li>Grosimea lamei 2 mm<\/li>\n<\/ul>\n<\/li>\n<\/ul>\n<p><!-- \/wp:list-item --><\/p>\n<p><!-- wp:list-item --><\/p>\n<ul class=\"wp-block-list\">\n<li style=\"list-style-type: none;\">\n<ul class=\"wp-block-list\">\n<li>Lungimea m\u00e2nerului 140 mm<\/li>\n<\/ul>\n<\/li>\n<\/ul>\n<p><!-- \/wp:list-item --><\/p>\n<p><!-- wp:list-item --><\/p>\n<ul class=\"wp-block-list\">\n<li style=\"list-style-type: none;\">\n<ul class=\"wp-block-list\">\n<li>Lungime total\u0103 347 mm<\/li>\n<\/ul>\n<\/li>\n<\/ul>\n<p><!-- \/wp:list-item --><\/p>\n<p><!-- wp:list-item --><\/p>\n<ul class=\"wp-block-list\">\n<li style=\"list-style-type: none;\">\n<ul class=\"wp-block-list\">\n<li>Greutate 208 g<\/li>\n<\/ul>\n<\/li>\n<\/ul>\n<p><!-- \/wp:list-item --><\/p>\n<p><!-- wp:list-item --><\/p>\n<ul class=\"wp-block-list\">\n<li style=\"list-style-type: none;\">\n<ul class=\"wp-block-list\">\n<li>M\u00e2ner: fibr\u0103 de carbon<\/li>\n<\/ul>\n<\/li>\n<\/ul>\n<p><!-- \/wp:list-item --><\/p>\n<p><!-- wp:list-item --><\/p>\n<ul class=\"wp-block-list\">\n<li style=\"list-style-type: none;\">\n<ul class=\"wp-block-list\">\n<li>O\u021bel Apex Ultra 66HRC<\/li>\n<\/ul>\n<\/li>\n<\/ul>\n<p><!-- \/wp:list-item --><\/p>\n<p><!-- wp:list-item --><\/p>\n<ul class=\"wp-block-list\">\n<li style=\"list-style-type: none;\">\n<ul class=\"wp-block-list\">\n<li>Cu\u021bitul este folosit \u0219i are c\u00e2teva zg\u00e2rieturi pe lam\u0103<\/li>\n<li>Ascu\u021bit cu piatr\u0103 natural\u0103. Pute\u021bi vedea procesul \u0219i rezultatul \u00een videoclipul de mai jos<\/li>\n<\/ul>\n<\/li>\n<\/ul>\n<p><!-- \/wp:list-item --><\/p>\n<p><!-- \/wp:list --><\/p>","protected":false},"featured_media":5081,"comment_status":"open","ping_status":"closed","template":"","meta":[],"product_brand":[],"product_cat":[24],"product_tag":[369,76],"class_list":{"0":"post-5079","1":"product","2":"type-product","3":"status-publish","4":"has-post-thumbnail","6":"product_cat-knifes","7":"product_tag-apex-ulta","8":"product_tag-peilis","9":"product_shipping_class-iprastas","11":"first","12":"outofstock","13":"shipping-taxable","14":"purchasable","15":"product-type-simple"},"_links":{"self":[{"href":"https:\/\/jnats.eu\/ro\/wp-json\/wp\/v2\/product\/5079","targetHints":{"allow":["GET"]}}],"collection":[{"href":"https:\/\/jnats.eu\/ro\/wp-json\/wp\/v2\/product"}],"about":[{"href":"https:\/\/jnats.eu\/ro\/wp-json\/wp\/v2\/types\/product"}],"replies":[{"embeddable":true,"href":"https:\/\/jnats.eu\/ro\/wp-json\/wp\/v2\/comments?post=5079"}],"wp:featuredmedia":[{"embeddable":true,"href":"https:\/\/jnats.eu\/ro\/wp-json\/wp\/v2\/media\/5081"}],"wp:attachment":[{"href":"https:\/\/jnats.eu\/ro\/wp-json\/wp\/v2\/media?parent=5079"}],"wp:term":[{"taxonomy":"product_brand","embeddable":true,"href":"https:\/\/jnats.eu\/ro\/wp-json\/wp\/v2\/product_brand?post=5079"},{"taxonomy":"product_cat","embeddable":true,"href":"https:\/\/jnats.eu\/ro\/wp-json\/wp\/v2\/product_cat?post=5079"},{"taxonomy":"product_tag","embeddable":true,"href":"https:\/\/jnats.eu\/ro\/wp-json\/wp\/v2\/product_tag?post=5079"}],"curies":[{"name":"wp","href":"https:\/\/api.w.org\/{rel}","templated":true}]}}