{"id":508,"date":"2024-03-07T11:12:09","date_gmt":"2024-03-07T09:12:09","guid":{"rendered":"http:\/\/jnats.eu\/?post_type=product&#038;p=508"},"modified":"2024-04-09T09:22:40","modified_gmt":"2024-04-09T06:22:40","slug":"r-clark-new-castle-express-shefield-vintaziniu-skustuvu-7-dienu-rinkinys","status":"publish","type":"product","link":"https:\/\/jnats.eu\/ro\/product-2\/r-clark-new-castle-express-shefield-vintaziniu-skustuvu-7-dienu-rinkinys\/","title":{"rendered":"R.Clark New Castle Express Sheffield Vintage Razor 7 Day Set"},"content":{"rendered":"<p>R.Clark New Castle Express Sheffield Vintage Razor 7 Day Set<\/p>\n\n\n\n<figure class=\"wp-block-embed is-type-video is-provider-youtube wp-block-embed-youtube wp-embed-aspect-16-9 wp-has-aspect-ratio\"><div class=\"wp-block-embed__wrapper\">\n<div class=\"video-container\"><iframe title=\"R.Clark New Castle Express Sheffield Vintage Razor 7 Day Set\" width=\"1170\" height=\"658\" src=\"https:\/\/www.youtube.com\/embed\/fwWn7ieZwjY?feature=oembed\" frameborder=\"0\" allow=\"accelerometer; autoplay; clipboard-write; encrypted-media; gyroscope; picture-in-picture; web-share\" allowfullscreen><\/iframe><\/div>\n<\/div><\/figure>","protected":false},"excerpt":{"rendered":"<ul>\n<li>M\u00e2nere din polimer<\/li>\n<li>Nefolosit (NOS - New old stock)<\/li>\n<li>Stare bun\u0103<\/li>\n<li>Semne de coroziune<\/li>\n<li><strong>Un aparat de ras are o cr\u0103p\u0103tur\u0103 mare<\/strong><\/li>\n<\/ul>","protected":false},"featured_media":1044,"comment_status":"open","ping_status":"closed","template":"","meta":[],"product_brand":[],"product_cat":[23],"product_tag":[122,121,120,119],"class_list":{"0":"post-508","1":"product","2":"type-product","3":"status-publish","4":"has-post-thumbnail","6":"product_cat-razors","7":"product_tag-castle-shefield","8":"product_tag-new","9":"product_tag-r-clark","10":"product_tag-shefield","11":"product_shipping_class-light","13":"first","14":"instock","15":"shipping-taxable","16":"purchasable","17":"product-type-simple"},"_links":{"self":[{"href":"https:\/\/jnats.eu\/ro\/wp-json\/wp\/v2\/product\/508","targetHints":{"allow":["GET"]}}],"collection":[{"href":"https:\/\/jnats.eu\/ro\/wp-json\/wp\/v2\/product"}],"about":[{"href":"https:\/\/jnats.eu\/ro\/wp-json\/wp\/v2\/types\/product"}],"replies":[{"embeddable":true,"href":"https:\/\/jnats.eu\/ro\/wp-json\/wp\/v2\/comments?post=508"}],"wp:featuredmedia":[{"embeddable":true,"href":"https:\/\/jnats.eu\/ro\/wp-json\/wp\/v2\/media\/1044"}],"wp:attachment":[{"href":"https:\/\/jnats.eu\/ro\/wp-json\/wp\/v2\/media?parent=508"}],"wp:term":[{"taxonomy":"product_brand","embeddable":true,"href":"https:\/\/jnats.eu\/ro\/wp-json\/wp\/v2\/product_brand?post=508"},{"taxonomy":"product_cat","embeddable":true,"href":"https:\/\/jnats.eu\/ro\/wp-json\/wp\/v2\/product_cat?post=508"},{"taxonomy":"product_tag","embeddable":true,"href":"https:\/\/jnats.eu\/ro\/wp-json\/wp\/v2\/product_tag?post=508"}],"curies":[{"name":"wp","href":"https:\/\/api.w.org\/{rel}","templated":true}]}}