{"id":5132,"date":"2025-08-24T10:02:00","date_gmt":"2025-08-24T07:02:00","guid":{"rendered":"https:\/\/jnats.eu\/?post_type=product&#038;p=5132"},"modified":"2025-10-08T09:20:31","modified_gmt":"2025-10-08T06:20:31","slug":"peilis-nozhemir-h-165k","status":"publish","type":"product","link":"https:\/\/jnats.eu\/ro\/product-2\/peilis-nozhemir-h-165k\/","title":{"rendered":"Cu\u021bit Nozhemir H-165K"},"content":{"rendered":"<ul class=\"wp-block-list\">\n<li>Inscrip\u021biile sunt \u00een limba rus\u0103, dar provine din China.<\/li>\n\n\n\n<li>40\u00d713 o\u021bel<\/li>\n\n\n\n<li>Lam\u0103 140x30x3,7 mm Dimensiunea lamei 0,9.<\/li>\n\n\n\n<li>M\u00e2ner 120\u00d730 mm. Cauciuc cu textur\u0103 moale.<\/li>\n\n\n\n<li>Greutate 232 g.<\/li>\n\n\n\n<li>Exist\u0103 o pat\u0103 de origine incert\u0103 pe v\u00e2rf, dar aceasta nu este m\u0103rit\u0103.<\/li>\n\n\n\n<li>Hus\u0103 din nailon.<\/li>\n\n\n\n<li>Neutilizat, \u00eenvins doar de coate.<\/li>\n<\/ul>\n\n\n\n<figure class=\"wp-block-embed is-type-video is-provider-youtube wp-block-embed-youtube wp-embed-aspect-16-9 wp-has-aspect-ratio\"><div class=\"wp-block-embed__wrapper\">\n<div class=\"video-container\"><iframe title=\"18+ Cu\u021bite rele! Doar pentru adul\u021bi!\" width=\"1170\" height=\"658\" src=\"https:\/\/www.youtube.com\/embed\/hvFCTt9ZjFU?start=259&#038;feature=oembed\" frameborder=\"0\" allow=\"accelerometer; autoplay; clipboard-write; encrypted-media; gyroscope; picture-in-picture; web-share\" referrerpolicy=\"strict-origin-when-cross-origin\" allowfullscreen><\/iframe><\/div>\n<\/div><\/figure>","protected":false},"excerpt":{"rendered":"<p>Inscrip\u021biile sunt \u00een limba rus\u0103, dar provine din China. 40\u00d713 o\u021bel Lam\u0103 140x30x3,7 mm Plumb 0,9. M\u00e2ner 120\u00d730 mm. Cauciuc cu textur\u0103 moale. Greutate 232 g. V\u00e2rful are o pat\u0103 de origine necunoscut\u0103, dar nu se extinde. Teac\u0103 din nailon. Nefolosit\u0103, doar reascu\u021bit\u0103 cu cotorul.<\/p>","protected":false},"featured_media":5133,"comment_status":"open","ping_status":"closed","template":"","meta":[],"product_brand":[],"product_cat":[24],"product_tag":[76],"class_list":{"0":"post-5132","1":"product","2":"type-product","3":"status-publish","4":"has-post-thumbnail","6":"product_cat-knifes","7":"product_tag-peilis","8":"product_shipping_class-light","10":"first","11":"instock","12":"shipping-taxable","13":"purchasable","14":"product-type-simple"},"_links":{"self":[{"href":"https:\/\/jnats.eu\/ro\/wp-json\/wp\/v2\/product\/5132","targetHints":{"allow":["GET"]}}],"collection":[{"href":"https:\/\/jnats.eu\/ro\/wp-json\/wp\/v2\/product"}],"about":[{"href":"https:\/\/jnats.eu\/ro\/wp-json\/wp\/v2\/types\/product"}],"replies":[{"embeddable":true,"href":"https:\/\/jnats.eu\/ro\/wp-json\/wp\/v2\/comments?post=5132"}],"wp:featuredmedia":[{"embeddable":true,"href":"https:\/\/jnats.eu\/ro\/wp-json\/wp\/v2\/media\/5133"}],"wp:attachment":[{"href":"https:\/\/jnats.eu\/ro\/wp-json\/wp\/v2\/media?parent=5132"}],"wp:term":[{"taxonomy":"product_brand","embeddable":true,"href":"https:\/\/jnats.eu\/ro\/wp-json\/wp\/v2\/product_brand?post=5132"},{"taxonomy":"product_cat","embeddable":true,"href":"https:\/\/jnats.eu\/ro\/wp-json\/wp\/v2\/product_cat?post=5132"},{"taxonomy":"product_tag","embeddable":true,"href":"https:\/\/jnats.eu\/ro\/wp-json\/wp\/v2\/product_tag?post=5132"}],"curies":[{"name":"wp","href":"https:\/\/api.w.org\/{rel}","templated":true}]}}