{"id":5159,"date":"2025-08-26T15:10:01","date_gmt":"2025-08-26T12:10:01","guid":{"rendered":"https:\/\/jnats.eu\/?post_type=product&#038;p=5159"},"modified":"2025-10-20T17:52:29","modified_gmt":"2025-10-20T14:52:29","slug":"iwasaki-kamisori-swedish-steel-naudotas","status":"publish","type":"product","link":"https:\/\/jnats.eu\/ro\/product-2\/iwasaki-kamisori-swedish-steel-naudotas\/","title":{"rendered":"Iwasaki kamisori O\u021bel suedez (folosit, ascu\u021bit)"},"content":{"rendered":"<figure class=\"wp-block-embed is-type-video is-provider-youtube wp-block-embed-youtube wp-embed-aspect-16-9 wp-has-aspect-ratio\"><div class=\"wp-block-embed__wrapper\">\n<div class=\"video-container\"><iframe title=\"Ascu\u021birea iconicului Iwasaki Kamisori pe o piatr\u0103 de \u0219lefuit Nakayama\" width=\"1170\" height=\"658\" src=\"https:\/\/www.youtube.com\/embed\/TnGyRyTGinA?start=1049&#038;feature=oembed\" frameborder=\"0\" allow=\"accelerometer; autoplay; clipboard-write; encrypted-media; gyroscope; picture-in-picture; web-share\" referrerpolicy=\"strict-origin-when-cross-origin\" allowfullscreen><\/iframe><\/div>\n<\/div><\/figure>\n\n\n\n<p>Iwasaki este unul dintre cele mai apreciate \u00een r\u00e2ndul colec\u021bionarilor \u0219i al pasiona\u021bilor de b\u0103rbierit tradi\u021bional pentru calitatea c\u0103lirii o\u021belului \u0219i a manoperei sale. Aparatul de ras a fost fabricat \u00een perioada Showa, \u00een jurul anilor 1950. <\/p>\n\n\n\n<p>La fel ca o sabie tradi\u021bional\u0103 de samurai, aceast\u0103 Kamisori a fost forjat\u0103 manual din 2 straturi, partea t\u0103ietoare este realizat\u0103 din o\u021bel bogat \u00een carbon, iar pivotul este dintr-un o\u021bel inoxidabil mai simplu. Stratul din mijloc este dur pentru o ascu\u021bime de lung\u0103 durat\u0103 \u0219i un b\u0103rbierit pl\u0103cut, \u00een timp ce suportul asigur\u0103 flexibilitatea necesar\u0103.<\/p>\n\n\n\n<p>Ambele straturi rezist\u0103 destul de bine la coroziune, dar niciun o\u021bel nu este complet rezistent la rugin\u0103, a\u0219a c\u0103 p\u0103stra\u021bi \u00eentotdeauna aparatul de ras uscat dup\u0103 b\u0103rbierit \u0219i proteja\u021bi-l cu un strat sub\u021bire de ulei.<\/p>","protected":false},"excerpt":{"rendered":"<ul>\n<li>Material lam\u0103: o\u021bel suedez forjat, c\u0103lit la o duritate relativ ridicat\u0103 de 63 HRC, astfel \u00eenc\u00e2t s\u0103 \u00ee\u0219i p\u0103streze ascu\u021bimea pentru o perioad\u0103 lung\u0103 de timp.<\/li>\n<li>Ascu\u021bit cu Nakayama Kiita + Kanayama strop<\/li>\n<li>Dimensiunile lamei aprox: 46x17x4.5 mm<\/li>\n<li>Cealalt\u0103 parte a briciului, prelucrat\u0103 de un amator<\/li>\n<li>Material maner: otel forjat<\/li>\n<li>Lungime total\u0103: 151 mm<\/li>\n<li>Greutate 35 g<\/li>\n<li>Origine: Japonia<\/li>\n<\/ul>","protected":false},"featured_media":5163,"comment_status":"open","ping_status":"closed","template":"","meta":[],"product_brand":[],"product_cat":[23],"product_tag":[130],"class_list":{"0":"post-5159","1":"product","2":"type-product","3":"status-publish","4":"has-post-thumbnail","6":"product_cat-razors","7":"product_tag-iwasaki","8":"product_shipping_class-light","10":"first","11":"outofstock","12":"shipping-taxable","13":"purchasable","14":"product-type-simple"},"_links":{"self":[{"href":"https:\/\/jnats.eu\/ro\/wp-json\/wp\/v2\/product\/5159","targetHints":{"allow":["GET"]}}],"collection":[{"href":"https:\/\/jnats.eu\/ro\/wp-json\/wp\/v2\/product"}],"about":[{"href":"https:\/\/jnats.eu\/ro\/wp-json\/wp\/v2\/types\/product"}],"replies":[{"embeddable":true,"href":"https:\/\/jnats.eu\/ro\/wp-json\/wp\/v2\/comments?post=5159"}],"wp:featuredmedia":[{"embeddable":true,"href":"https:\/\/jnats.eu\/ro\/wp-json\/wp\/v2\/media\/5163"}],"wp:attachment":[{"href":"https:\/\/jnats.eu\/ro\/wp-json\/wp\/v2\/media?parent=5159"}],"wp:term":[{"taxonomy":"product_brand","embeddable":true,"href":"https:\/\/jnats.eu\/ro\/wp-json\/wp\/v2\/product_brand?post=5159"},{"taxonomy":"product_cat","embeddable":true,"href":"https:\/\/jnats.eu\/ro\/wp-json\/wp\/v2\/product_cat?post=5159"},{"taxonomy":"product_tag","embeddable":true,"href":"https:\/\/jnats.eu\/ro\/wp-json\/wp\/v2\/product_tag?post=5159"}],"curies":[{"name":"wp","href":"https:\/\/api.w.org\/{rel}","templated":true}]}}