{"id":5204,"date":"2025-09-12T11:07:37","date_gmt":"2025-09-12T08:07:37","guid":{"rendered":"https:\/\/jnats.eu\/?post_type=product&#038;p=5204"},"modified":"2025-09-16T13:13:04","modified_gmt":"2025-09-16T10:13:04","slug":"peiliu-rinkinys-suncraft-elegancia-3-vnt-sefo-peilis-20-cm-universalus-peilis-15-cm-universalus-peilis-10-cm-ksk-set3","status":"publish","type":"product","link":"https:\/\/jnats.eu\/ro\/product-2\/peiliu-rinkinys-suncraft-elegancia-3-vnt-sefo-peilis-20-cm-universalus-peilis-15-cm-universalus-peilis-10-cm-ksk-set3\/","title":{"rendered":"Set cu\u021bite Suncraft Elegancia, 3 buc., Cu\u021bit de buc\u0103tar 20 cm + Cu\u021bit utilitar 15 cm, Cu\u021bit utilitar 10 cm, KSK-SET3"},"content":{"rendered":"<p><strong>KSK-SET3 Set cu\u021bite Suncraft Elegancia, 3 buc., Cu\u021bit de buc\u0103tar 20 cm, Cu\u021bit utilitar 15 cm, Cu\u021bit multifunc\u021bional 10 cm, KSK-SET3, o\u021bel pudr\u0103 SG2<\/strong><\/p>\n\n\n\n<p>Acest cu\u021bit din o\u021bel\u00a0<strong>\"Elegan\u021b\u0103\"<\/strong>\u00a0Setul este cadoul perfect pentru cineva care iube\u0219te s\u0103 g\u0103teasc\u0103. Arta japonez\u0103, calitatea impecabil\u0103 \u0219i elegan\u021ba vor impresiona chiar \u0219i cel mai exigent buc\u0103tar.<\/p>\n\n\n\n<p><strong>Setul include:<\/strong><\/p>\n\n\n\n<p>- Cu\u021bit de buc\u0103tar \"Elegancia Chef\", 20 cm.<\/p>\n\n\n\n<p>- Cu\u021bit multifunc\u021bional \"Elegancia Petty\", 15 cm.<\/p>\n\n\n\n<p>- Cu\u021bit multifunc\u021bional \"Elegancia Paring\", 10 cm.<\/p>\n\n\n\n<p>Cu\u021bite japoneze robuste, foarte ascu\u021bite \u0219i grele&nbsp;<strong>Suncraft \"Elegance\"<\/strong>&nbsp;realizate din o\u021bel japonez SG2 acoperit cu pulbere, cu un design izbitor \u0219i de calitate superioar\u0103. V\u00e2rfurile \u0219i marginile cu\u021bitelor sunt conice p\u00e2n\u0103 la v\u00e2rf, oferind acestor cu\u021bite versatilitate \u0219i putere de t\u0103iere. M\u00e2nerul este fabricat din lemn de esen\u021b\u0103 tare \u0219i este rezistent la ap\u0103 \u0219i complet inodor. Pute\u021bi fi absolut siguri c\u0103 m\u00e2nerul din lemn de esen\u021b\u0103 tare nu se va oxida sau nu va deveni mai moale \u0219i nu are nevoie de \u00eengrijirea suplimentar\u0103 pe care o necesit\u0103 lemnul obi\u0219nuit.<\/p>\n\n\n\n<p>- Cu\u021bit de buc\u0103tar&nbsp;<strong>\"Elegancia Chef\"<\/strong>&nbsp;Designul s\u0103u curbat \u00eel face ideal nu numai pentru t\u0103ierea c\u0103rnii, ci \u0219i pentru t\u0103ierea ierburilor, legumelor sau chiar a nucilor. Lama lung\u0103 \u0219i m\u00e2nerul \u00een stil occidental v\u0103 ofer\u0103 control total atunci c\u00e2nd t\u0103ia\u021bi. Arta japonez\u0103, precizia \u0219i noile tehnologii fac acest cu\u021bit unic \u0219i inimitabil.<\/p>\n\n\n\n<p>- T\u0103ierea sau cur\u0103\u021barea c\u0103rnii, fructelor sau legumelor cu cu\u021bitul japonez universal&nbsp;<strong>\"Elegan\u021b\u0103 Petty\"<\/strong>&nbsp;va fi o glum\u0103.<\/p>\n\n\n\n<p>- \"<strong>Elegan\u021b\u0103 de parare\"&nbsp;<\/strong>este o alternativ\u0103 excelent\u0103 la un cu\u021bit de buc\u0103tar. Cu\u021bitul este mic, dar perfect pentru t\u0103ierea legumelor mici, decojirea fructelor sau chiar felierea c\u0103rnii, iar marginile curbate ale cu\u021bitului asigur\u0103 o alunecare perfect\u0103.<\/p>\n\n\n\n<p><strong>Caracteristici ale cu\u021bitelor Suncraft Elegancia din o\u021bel pudr\u0103:<\/strong><\/p>\n\n\n\n<p>- Fabricat din o\u021bel inoxidabil acoperit cu pulbere japonez\u0103 SG2;<\/p>\n\n\n\n<p>- Duritatea miezului - R63 +\/- 1;<\/p>\n\n\n\n<p>- Dimensiuni (cu\u021bit de buc\u0103tar): lungimea lamei - 20 cm, lungimea total\u0103 - 34 cm.<\/p>\n\n\n\n<p>- Dimensiuni (Petty Utility Knife): lungimea lamei 15 cm, lungimea total\u0103 26 cm.<\/p>\n\n\n\n<p>- Dimensiuni (cu\u021bit utilitar): lungimea lamei - 10 cm.<\/p>\n\n\n\n<p>- Greutate (cu\u021bit de buc\u0103tar): 197 g.<\/p>\n\n\n\n<p>- Greutate (cu\u021bit universal): 104 g.<\/p>\n\n\n\n<p>- Fabricat \u00een Japonia.<\/p>\n\n\n\n<p>- Nu se poate sp\u0103la \u00een ma\u0219ina de sp\u0103lat vase.<\/p>","protected":false},"excerpt":{"rendered":"<p>Setul include:<\/p>\n<p>- Cu\u021bit de buc\u0103tar \"Elegancia Chef\", 20 cm.<\/p>\n<p>- Cu\u021bit multifunc\u021bional \"Elegancia Petty\", 15 cm.<\/p>\n<p>- Cu\u021bit multifunc\u021bional \"Elegancia Paring\", 10 cm.<\/p>","protected":false},"featured_media":5210,"comment_status":"open","ping_status":"closed","template":"","meta":[],"product_brand":[],"product_cat":[24],"product_tag":[76,103],"class_list":{"0":"post-5204","1":"product","2":"type-product","3":"status-publish","4":"has-post-thumbnail","6":"product_cat-knifes","7":"product_tag-peilis","8":"product_tag-suncraft","9":"product_shipping_class-iprastas","11":"first","12":"instock","13":"shipping-taxable","14":"purchasable","15":"product-type-simple"},"_links":{"self":[{"href":"https:\/\/jnats.eu\/ro\/wp-json\/wp\/v2\/product\/5204","targetHints":{"allow":["GET"]}}],"collection":[{"href":"https:\/\/jnats.eu\/ro\/wp-json\/wp\/v2\/product"}],"about":[{"href":"https:\/\/jnats.eu\/ro\/wp-json\/wp\/v2\/types\/product"}],"replies":[{"embeddable":true,"href":"https:\/\/jnats.eu\/ro\/wp-json\/wp\/v2\/comments?post=5204"}],"wp:featuredmedia":[{"embeddable":true,"href":"https:\/\/jnats.eu\/ro\/wp-json\/wp\/v2\/media\/5210"}],"wp:attachment":[{"href":"https:\/\/jnats.eu\/ro\/wp-json\/wp\/v2\/media?parent=5204"}],"wp:term":[{"taxonomy":"product_brand","embeddable":true,"href":"https:\/\/jnats.eu\/ro\/wp-json\/wp\/v2\/product_brand?post=5204"},{"taxonomy":"product_cat","embeddable":true,"href":"https:\/\/jnats.eu\/ro\/wp-json\/wp\/v2\/product_cat?post=5204"},{"taxonomy":"product_tag","embeddable":true,"href":"https:\/\/jnats.eu\/ro\/wp-json\/wp\/v2\/product_tag?post=5204"}],"curies":[{"name":"wp","href":"https:\/\/api.w.org\/{rel}","templated":true}]}}