{"id":5214,"date":"2025-09-16T11:14:24","date_gmt":"2025-09-16T08:14:24","guid":{"rendered":"https:\/\/jnats.eu\/?post_type=product&#038;p=5214"},"modified":"2025-09-16T11:26:38","modified_gmt":"2025-09-16T08:26:38","slug":"masamotoyama-karasu","status":"publish","type":"product","link":"https:\/\/jnats.eu\/ro\/product-2\/masamotoyama-karasu\/","title":{"rendered":"Masamotoyama Karasu"},"content":{"rendered":"<figure class=\"wp-block-embed is-type-video is-provider-youtube wp-block-embed-youtube wp-embed-aspect-9-16 wp-has-aspect-ratio\"><div class=\"wp-block-embed__wrapper\">\n<div class=\"video-container\"><iframe title=\"Ascu\u021birea unui brici Iwasaki legendar pe Masamotoyama Karasu #jnats\" width=\"563\" height=\"1000\" src=\"https:\/\/www.youtube.com\/embed\/b1dEz58ucpQ?feature=oembed\" frameborder=\"0\" allow=\"accelerometer; autoplay; clipboard-write; encrypted-media; gyroscope; picture-in-picture; web-share\" referrerpolicy=\"strict-origin-when-cross-origin\" allowfullscreen><\/iframe><\/div>\n<\/div><\/figure>","protected":false},"excerpt":{"rendered":"<ul>\n<li>Piatr\u0103 japonez\u0103 fin\u0103 de ascu\u021bit.<\/li>\n<li>Potrivit pentru finisarea briciurilor, cu\u021bitelor, foarfecelor, t\u00e2mpl\u0103riei \u0219i a altor unelte.<\/li>\n<li>Dimensiuni: 209x80x45 mm<\/li>\n<li>Greutate: 1770 g<\/li>\n<li>Duritate: Lv 4.5<\/li>\n<li>Suprafa\u021ba este neted\u0103 \u0219i gata de utilizare.<\/li>\n<li>Linia mare este u\u0219or perceptibil\u0103 cu degetul, dar nu interfereaz\u0103 cu ascu\u021birea.<\/li>\n<\/ul>","protected":false},"featured_media":5216,"comment_status":"open","ping_status":"closed","template":"","meta":[],"product_brand":[],"product_cat":[22],"product_tag":[57,316],"class_list":{"0":"post-5214","1":"product","2":"type-product","3":"status-publish","4":"has-post-thumbnail","6":"product_cat-jnats","7":"product_tag-karasu","8":"product_tag-masamotoyama","9":"product_shipping_class-iprastas","11":"first","12":"instock","13":"shipping-taxable","14":"purchasable","15":"product-type-simple"},"_links":{"self":[{"href":"https:\/\/jnats.eu\/ro\/wp-json\/wp\/v2\/product\/5214","targetHints":{"allow":["GET"]}}],"collection":[{"href":"https:\/\/jnats.eu\/ro\/wp-json\/wp\/v2\/product"}],"about":[{"href":"https:\/\/jnats.eu\/ro\/wp-json\/wp\/v2\/types\/product"}],"replies":[{"embeddable":true,"href":"https:\/\/jnats.eu\/ro\/wp-json\/wp\/v2\/comments?post=5214"}],"wp:featuredmedia":[{"embeddable":true,"href":"https:\/\/jnats.eu\/ro\/wp-json\/wp\/v2\/media\/5216"}],"wp:attachment":[{"href":"https:\/\/jnats.eu\/ro\/wp-json\/wp\/v2\/media?parent=5214"}],"wp:term":[{"taxonomy":"product_brand","embeddable":true,"href":"https:\/\/jnats.eu\/ro\/wp-json\/wp\/v2\/product_brand?post=5214"},{"taxonomy":"product_cat","embeddable":true,"href":"https:\/\/jnats.eu\/ro\/wp-json\/wp\/v2\/product_cat?post=5214"},{"taxonomy":"product_tag","embeddable":true,"href":"https:\/\/jnats.eu\/ro\/wp-json\/wp\/v2\/product_tag?post=5214"}],"curies":[{"name":"wp","href":"https:\/\/api.w.org\/{rel}","templated":true}]}}