{"id":53,"date":"2024-02-15T12:17:41","date_gmt":"2024-02-15T10:17:41","guid":{"rendered":"http:\/\/jnats.eu\/?post_type=product&#038;p=53"},"modified":"2026-01-08T23:49:56","modified_gmt":"2026-01-08T21:49:56","slug":"nos-vintage-japanese-razor-kamisori-tamahagane-eisho-%e7%8e%89%e9%8b%bc-%e6%b0%b8%e6%ad%a3","status":"publish","type":"product","link":"https:\/\/jnats.eu\/ro\/product-2\/nos-vintage-japanese-razor-kamisori-tamahagane-eisho-%e7%8e%89%e9%8b%bc-%e6%b0%b8%e6%ad%a3\/","title":{"rendered":"NOS Brici japonez vintage Kamisori Tamahagane Eisho \u7389\u92fc \u6c38\u6b63"},"content":{"rendered":"<p>NOS (Stoc nou vechi) aparat de ras japonez Kamisori Tamahagane Eisho \u7389\u92fc \u6c38\u6b63.<\/p>\n\n\n\n<p>Sunt urme de timp \u0219i rugina. Privi\u021bi cu aten\u021bie fotografiile \u0219i videoclipurile.<\/p>\n\n\n\n<p>Briciul a fost realizat \u00een perioada Showa, aproximativ \u00een anii 1950. Are o lungime de 14,2 cm, l\u0103\u021bimea de 1,4 cm, lungimea muchiei de t\u0103iere de 3,6 cm, 4 mm grosime \u0219i o greutate de 37,0 g. O camisol\u0103 de m\u0103rime medie, cu greutate redus\u0103. <\/p>\n\n\n\n<p>Similar cu sabia tradi\u021bional\u0103 Samurai, acest Kamisori a fost forjat manual din 2 straturi, partea t\u0103ietoare este realizat\u0103 din o\u021bel cu con\u021binut ridicat de carbon \u0219i stratul de sus\u021binere din Fier. Ce este at\u00e2t de special la acest Kamisori este c\u0103 o\u021belul este Tamahagane adev\u0103rat. Tamahagane este o\u021belul tradi\u021bional produs \u00een Japonia de secole. Deoarece Japonia nu are resurse mari de minereu de fier, o\u021belul este produs manual din nisip de fier \u00eentr-un proces de c\u00e2teva zile. A fost sursa principal\u0103 pentru toate S\u0103biile Samurai. Stratul de o\u021bel este fragil \u0219i dur, \u00een timp ce fierul ofer\u0103 flexibilitatea potrivit\u0103. <\/p>\n\n\n\n<p>Ambele straturi nu sunt inoxidabile, a\u0219a c\u0103 p\u0103stra\u021bi \u00eentotdeauna aparatul de ras uscat dup\u0103 b\u0103rbierit \u0219i proteja\u021bi-l cu un strat sub\u021bire de ulei. De ce aceast\u0103 lam\u0103 nu este inoxidabil\u0103? Lamele din inox sunt realizate dintr-un aliaj care va preveni p\u0103tarea, dar o va face \u0219i mai pu\u021bin tare. O\u021belurile cu con\u021binut ridicat de carbon, precum stratul de t\u0103iere al acestui Kamisori, au o duritate mult mai mare \u0219i \u00ee\u0219i vor p\u0103stra calitatea de b\u0103rbierit neted\u0103 pentru mult mai mult timp \u00eenainte de a fi nevoi\u021bi s\u0103 le ascu\u021bi din nou, \u00een special acest strat de Tamahagane!<\/p>\n\n\n\n<p>O\u021belul Tamahagane \u7389\u92fc, un material legendar \u0219i venerat \u00een domeniul fabric\u0103rii tradi\u021bionale japoneze de s\u0103bii, de\u021bine un loc special \u00een inimile me\u0219terilor \u0219i pasiona\u021bilor deopotriv\u0103. Renumit pentru calitatea sa excep\u021bional\u0103 \u0219i pentru procesul meticulos al cre\u0103rii sale, o\u021belul Tamahagane \u00eentruchipeaz\u0103 amestecul perfect de art\u0103, tradi\u021bie \u0219i func\u021bionalitate. \u00cen acest articol, vom aprofunda originile, procesul de produc\u021bie \u0219i semnifica\u021bia o\u021belului Tamahagane \u00een cultura japonez\u0103.<\/p>\n\n\n\n<figure class=\"wp-block-embed is-type-video is-provider-youtube wp-block-embed-youtube wp-embed-aspect-16-9 wp-has-aspect-ratio\"><div class=\"wp-block-embed__wrapper\">\n<div class=\"video-container\"><iframe title=\"Nefolosit \u2606 aparat de ras japonez \u2606 Tamahagane Eisho\" width=\"1170\" height=\"658\" src=\"https:\/\/www.youtube.com\/embed\/9HariQcWgsI?feature=oembed\" frameborder=\"0\" allow=\"accelerometer; autoplay; clipboard-write; encrypted-media; gyroscope; picture-in-picture; web-share\" allowfullscreen><\/iframe><\/div>\n<\/div><\/figure>","protected":false},"excerpt":{"rendered":"<p>NOS (New Old Stock) aparat de ras japonez Kamisori Tamahagane Eisho \u7389\u92fc \u6c38\u6b63.<\/p>\n<p>Briciul a fost realizat \u00een perioada Showa, aproximativ \u00een anii 1950. Are o lungime de 14,2 cm, l\u0103\u021bimea de 1,4 cm, lungimea muchiei de t\u0103iere de 3,6 cm, 4 mm grosime \u0219i o greutate de 37,0 g. O camisol\u0103 de m\u0103rime medie, cu greutate redus\u0103.<\/p>\n<p>&nbsp;<\/p>","protected":false},"featured_media":1108,"comment_status":"open","ping_status":"closed","template":"","meta":[],"product_brand":[],"product_cat":[23],"product_tag":[27,25,26],"class_list":{"0":"post-53","1":"product","2":"type-product","3":"status-publish","4":"has-post-thumbnail","6":"product_cat-razors","7":"product_tag-eisho","8":"product_tag-kamisori","9":"product_tag-tamahagane","10":"product_shipping_class-light","12":"first","13":"instock","14":"sale","15":"sold-individually","16":"shipping-taxable","17":"purchasable","18":"product-type-variable"},"_links":{"self":[{"href":"https:\/\/jnats.eu\/ro\/wp-json\/wp\/v2\/product\/53","targetHints":{"allow":["GET"]}}],"collection":[{"href":"https:\/\/jnats.eu\/ro\/wp-json\/wp\/v2\/product"}],"about":[{"href":"https:\/\/jnats.eu\/ro\/wp-json\/wp\/v2\/types\/product"}],"replies":[{"embeddable":true,"href":"https:\/\/jnats.eu\/ro\/wp-json\/wp\/v2\/comments?post=53"}],"wp:featuredmedia":[{"embeddable":true,"href":"https:\/\/jnats.eu\/ro\/wp-json\/wp\/v2\/media\/1108"}],"wp:attachment":[{"href":"https:\/\/jnats.eu\/ro\/wp-json\/wp\/v2\/media?parent=53"}],"wp:term":[{"taxonomy":"product_brand","embeddable":true,"href":"https:\/\/jnats.eu\/ro\/wp-json\/wp\/v2\/product_brand?post=53"},{"taxonomy":"product_cat","embeddable":true,"href":"https:\/\/jnats.eu\/ro\/wp-json\/wp\/v2\/product_cat?post=53"},{"taxonomy":"product_tag","embeddable":true,"href":"https:\/\/jnats.eu\/ro\/wp-json\/wp\/v2\/product_tag?post=53"}],"curies":[{"name":"wp","href":"https:\/\/api.w.org\/{rel}","templated":true}]}}