{"id":5311,"date":"2025-10-08T11:11:10","date_gmt":"2025-10-08T08:11:10","guid":{"rendered":"https:\/\/jnats.eu\/?post_type=product&#038;p=5311"},"modified":"2025-11-11T19:57:46","modified_gmt":"2025-11-11T17:57:46","slug":"j-a-henckels-friodur-inox-no-stain-72-klasikinis-tiesus-skustuvas-solingen-vokietija","status":"publish","type":"product","link":"https:\/\/jnats.eu\/ro\/product-2\/j-a-henckels-friodur-inox-no-stain-72-klasikinis-tiesus-skustuvas-solingen-vokietija\/","title":{"rendered":"J.A. Henckels Friodur Inox No Stain 72 - aparat de ras clasic (Solingen, Germania)"},"content":{"rendered":"<p>Aparat de ras drept high-end de la legendarul <strong>J.A. Henckels Zwillingwerk<\/strong> Atelier \u00een Solingen, Germania. Model <strong>Friodur 72<\/strong> realizate din <strong>O\u021bel inoxidabil c\u0103lit (Inox No Stain)<\/strong>cu rezisten\u021b\u0103 excep\u021bional\u0103 la coroziune \u0219i durabilitate.<\/p>\n\n\n\n<figure class=\"wp-block-embed is-type-video is-provider-youtube wp-block-embed-youtube wp-embed-aspect-9-16 wp-has-aspect-ratio\"><div class=\"wp-block-embed__wrapper\">\n<div class=\"video-container\"><iframe title=\"J.A. Henckels Friodur Inox No Stain 72 Gold wash\" width=\"563\" height=\"1000\" src=\"https:\/\/www.youtube.com\/embed\/CQ2db5ramGI?feature=oembed\" frameborder=\"0\" allow=\"accelerometer; autoplay; clipboard-write; encrypted-media; gyroscope; picture-in-picture; web-share\" referrerpolicy=\"strict-origin-when-cross-origin\" allowfullscreen><\/iframe><\/div>\n<\/div><\/figure>\n\n\n\n<p>Latura lamei decorat\u0103 <strong>cu modelul original de sp\u0103lare a aurului (un strat sub\u021bire de aur real)<\/strong>pentru un aspect distinctiv, clasic. Este un aparat de ras cu valoare de colec\u021bie \u0219i practic\u0103, potrivit at\u00e2t pentru utilizare, c\u00e2t \u0219i pentru expunere.<\/p>\n\n\n\n<p><strong>Caracteristici:<\/strong><\/p>\n\n\n\n<ul class=\"wp-block-list\">\n<li>\u2705 <strong>Produc\u0103tor:<\/strong> J.A. Henckels Zwillingwerk AG (Solingen, Germania)<\/li>\n\n\n\n<li>\ud83e\ude92 <strong>Model:<\/strong> Friodur Inox No Stain 72<\/li>\n\n\n\n<li>\ud83d\udd2a <strong>Lam\u0103:<\/strong> O\u021bel inoxidabil, \u00eent\u0103rire criogenic\u0103 Friodur<\/li>\n\n\n\n<li>\u2728 <strong>Decora\u021biune:<\/strong> Model original de sp\u0103lare a aurului (strat sub\u021bire de aur real)<\/li>\n\n\n\n<li>\ud83e\uddf0 <strong>M\u00e2ner:<\/strong> Plastic \u00een stil clasic cu logo Friodur<\/li>\n\n\n\n<li>\ud83d\udce6 <strong>Ambalare:<\/strong> Cutie original\u0103 din plastic ro\u0219u cu logo auriu<\/li>\n\n\n\n<li>\ud83c\udde9\ud83c\uddea <strong>Origine:<\/strong> Solingen, Germania<\/li>\n<\/ul>\n\n\n\n<p><strong>Caracteristici:<\/strong><\/p>\n\n\n\n<ul class=\"wp-block-list\">\n<li>Margine foarte ascu\u021bit\u0103 \u0219i de lung\u0103 durat\u0103<\/li>\n\n\n\n<li>O\u021bel inoxidabil u\u0219or de \u00eentre\u021binut<\/li>\n\n\n\n<li>Produs autentic Solingen, model de colec\u021bie<\/li>\n\n\n\n<li>Perfect pentru pasiona\u021bii de b\u0103rbierit \u0219i colec\u021bionari deopotriv\u0103<\/li>\n<\/ul>","protected":false},"excerpt":{"rendered":"<ul>\n<li>O\u021bel inoxidabil Inox, Friodur - c\u0103lit la rece<\/li>\n<li>Latura lamei decorat\u0103 <strong>cu modelul original de sp\u0103lare a aurului (un strat sub\u021bire de aur real)<\/strong>,<\/li>\n<li>M\u00e2ner din polimer<\/li>\n<li>Cutie de plastic<\/li>\n<li>Greutate - 50 g<\/li>\n<li>Dimensiunile lamei \u2013 75x20x6 mm<\/li>\n<li>Aparatul de ras nu a fost folosit, dar din cauza depozit\u0103rii \u00eendelungate cutia are c\u00e2teva zg\u00e2rieturi minore.<\/li>\n<\/ul>","protected":false},"featured_media":5313,"comment_status":"open","ping_status":"closed","template":"","meta":[],"product_brand":[],"product_cat":[23],"product_tag":[158,156],"class_list":{"0":"post-5311","1":"product","2":"type-product","3":"status-publish","4":"has-post-thumbnail","6":"product_cat-razors","7":"product_tag-friodur","8":"product_tag-henckels","9":"product_shipping_class-light","11":"first","12":"outofstock","13":"shipping-taxable","14":"purchasable","15":"product-type-simple"},"_links":{"self":[{"href":"https:\/\/jnats.eu\/ro\/wp-json\/wp\/v2\/product\/5311","targetHints":{"allow":["GET"]}}],"collection":[{"href":"https:\/\/jnats.eu\/ro\/wp-json\/wp\/v2\/product"}],"about":[{"href":"https:\/\/jnats.eu\/ro\/wp-json\/wp\/v2\/types\/product"}],"replies":[{"embeddable":true,"href":"https:\/\/jnats.eu\/ro\/wp-json\/wp\/v2\/comments?post=5311"}],"wp:featuredmedia":[{"embeddable":true,"href":"https:\/\/jnats.eu\/ro\/wp-json\/wp\/v2\/media\/5313"}],"wp:attachment":[{"href":"https:\/\/jnats.eu\/ro\/wp-json\/wp\/v2\/media?parent=5311"}],"wp:term":[{"taxonomy":"product_brand","embeddable":true,"href":"https:\/\/jnats.eu\/ro\/wp-json\/wp\/v2\/product_brand?post=5311"},{"taxonomy":"product_cat","embeddable":true,"href":"https:\/\/jnats.eu\/ro\/wp-json\/wp\/v2\/product_cat?post=5311"},{"taxonomy":"product_tag","embeddable":true,"href":"https:\/\/jnats.eu\/ro\/wp-json\/wp\/v2\/product_tag?post=5311"}],"curies":[{"name":"wp","href":"https:\/\/api.w.org\/{rel}","templated":true}]}}