{"id":5329,"date":"2025-10-08T11:45:20","date_gmt":"2025-10-08T08:45:20","guid":{"rendered":"https:\/\/jnats.eu\/?post_type=product&#038;p=5329"},"modified":"2025-11-23T10:59:32","modified_gmt":"2025-11-23T08:59:32","slug":"ohira-uchigumori-naturalus-japoniskas-galandinimo-akmuo-%e5%86%85%e6%9b%87%e7%a0%a5","status":"publish","type":"product","link":"https:\/\/jnats.eu\/ro\/product-2\/ohira-uchigumori-naturalus-japoniskas-galandinimo-akmuo-%e5%86%85%e6%9b%87%e7%a0%a5\/","title":{"rendered":"Ohira Uchigumori - piatr\u0103 natural\u0103 japonez\u0103 de ascu\u021bit (\u5185\u66c7\u7825)"},"content":{"rendered":"<p>De \u00eenalt\u0103 calitate <strong>Uchigumori Japonez\u0103 natural\u0103<\/strong> o piatr\u0103 extras\u0103 din celebrul <strong>Ohira<\/strong> carier\u0103 din Kyoto, Japonia. Aceste pietre sunt utilizate \u00een mod tradi\u021bional <strong>finisarea final\u0103 \u0219i lustruirea lamelor<\/strong>, \u00een special pentru cu\u021bite forjate japoneze, s\u0103bii \u0219i unelte high-end.<\/p>\n\n\n\n<figure class=\"wp-block-embed is-type-video is-provider-youtube wp-block-embed-youtube wp-embed-aspect-16-9 wp-has-aspect-ratio\"><div class=\"wp-block-embed__wrapper\">\n<div class=\"video-container\"><iframe title=\"Piatra Ohira Uchigumori - piatr\u0103 legendar\u0103 de finisare japonez\u0103 WhetStone\" width=\"1170\" height=\"658\" src=\"https:\/\/www.youtube.com\/embed\/TtPEvr_U_To?feature=oembed\" frameborder=\"0\" allow=\"accelerometer; autoplay; clipboard-write; encrypted-media; gyroscope; picture-in-picture; web-share\" referrerpolicy=\"strict-origin-when-cross-origin\" allowfullscreen><\/iframe><\/div>\n<\/div><\/figure>\n\n\n\n<p>\"Pietrele Uchigumori sunt renumite pentru <strong>o senza\u021bie delicat\u0103 de m\u0103cinare<\/strong> \u0219i capacitatea de a crea produse unice <strong>kasumi (cea\u021b\u0103)<\/strong> sau <strong>contrast estompat<\/strong> \u00eentre o\u021belul mai dur al lamei \u0219i partea mai moale, ceea ce este foarte apreciat de artizanii profesioni\u0219ti \u0219i de pasiona\u021bii de cu\u021bite.<\/p>\n\n\n\n<hr class=\"wp-block-separator has-alpha-channel-opacity\"\/>\n\n\n\n<p><strong>Caracteristici:<\/strong><\/p>\n\n\n\n<ul class=\"wp-block-list\">\n<li>\ud83c\uddef\ud83c\uddf5 <strong>Origine:<\/strong> Ohira, Prefectura Kyoto, Japonia<\/li>\n\n\n\n<li>\ud83e\udea8 <strong>Tip:<\/strong> Piatr\u0103 de ap\u0103 natural\u0103 japonez\u0103 (Uchigumori - \u5185\u66c7\u7825)<\/li>\n\n\n\n<li>\ud83c\udf3f <strong>Utiliz\u0103ri:<\/strong> \u0218lefuirea final\u0103 (finisarea pietrei)<\/li>\n\n\n\n<li>\u2728 <strong>Rugozitate:<\/strong> Aproximativ 6000-8000+ (naturale, nu standardizate)<\/li>\n\n\n\n<li>\ud83e\uddf1 <strong>Duritate:<\/strong> De la mediu la moale (\u00een func\u021bie de pies\u0103)<\/li>\n\n\n\n<li>\ud83d\udca7 Utiliza\u021bi numai cu ap\u0103, f\u0103r\u0103 ulei<\/li>\n<\/ul>\n\n\n\n<hr class=\"wp-block-separator has-alpha-channel-opacity\"\/>\n\n\n\n<p><strong>Caracteristici:<\/strong><\/p>\n\n\n\n<ul class=\"wp-block-list\">\n<li>Creeaz\u0103 un clasic <strong>efect kasumi<\/strong> pe o lam\u0103 japonez\u0103<\/li>\n\n\n\n<li>Senza\u021bie de ascu\u021bire foarte moale, abrazivitate controlat\u0103<\/li>\n\n\n\n<li>Potrivit at\u00e2t pentru profesioni\u0219ti, c\u00e2t \u0219i pentru colec\u021bionarii care doresc un finisaj japonez autentic<\/li>\n\n\n\n<li>Fiecare piatr\u0103 este <strong>o pies\u0103 unic\u0103<\/strong>, cu o textur\u0103 \u0219i o structur\u0103 distincte<\/li>\n<\/ul>\n\n\n\n<hr class=\"wp-block-separator has-alpha-channel-opacity\"\/>\n\n\n\n<p>\ud83d\udcdd <strong>Observa\u021bie:<\/strong> Pietrele Uchigumori sunt adesea utilizate \u00een combina\u021bie cu nagura (o piatr\u0103 auxiliar\u0103 mai fin\u0103) pentru a forma un strat de suspensie care \u00eembun\u0103t\u0103\u021be\u0219te efectul de lustruire. Datorit\u0103 naturii lor naturale, acestea pot fi <strong>fisuri minore, stratificare sau incluziuni naturale<\/strong>care nu afecteaz\u0103 utilizarea.<\/p>","protected":false},"excerpt":{"rendered":"<ul>\n<li>Potrivit pentru lustruirea cu\u021bitelor \u0219i a altor unelte, precum \u0219i pentru ascu\u021bire<\/li>\n<li>Dimensiuni \u0219i greutate aproximative:<\/li>\n<li>1: 205x60x56 mm. 1750 g.<\/li>\n<li>2: 204x75x45 mm. 1810 g.<\/li>\n<li>3: 208x71x57 mm. 2170 g.<\/li>\n<li>Duritate: Lv 4. Mult mai greu dec\u00e2t Ohira Uchigumori clasic, amintind foarte mult de analogii Mizukihara.<\/li>\n<li>Suprafa\u021ba nu este complet neted\u0103, doar o parte din ea este preg\u0103tit\u0103 pentru utilizare. Putem netezi \u00eentreaga suprafa\u021b\u0103 dac\u0103 dori\u021bi, dar acest lucru va reduce greutatea cu c\u00e2teva zeci de grame.<\/li>\n<li><strong>Cel mai mic are o linie \"toxic\u0103\".<\/strong><\/li>\n<\/ul>","protected":false},"featured_media":5330,"comment_status":"open","ping_status":"closed","template":"","meta":[],"product_brand":[],"product_cat":[22],"product_tag":[47,193],"class_list":{"0":"post-5329","1":"product","2":"type-product","3":"status-publish","4":"has-post-thumbnail","6":"product_cat-jnats","7":"product_tag-ohira","8":"product_tag-uchigumori","9":"product_shipping_class-iprastas","11":"first","12":"instock","13":"shipping-taxable","14":"purchasable","15":"product-type-variable"},"_links":{"self":[{"href":"https:\/\/jnats.eu\/ro\/wp-json\/wp\/v2\/product\/5329","targetHints":{"allow":["GET"]}}],"collection":[{"href":"https:\/\/jnats.eu\/ro\/wp-json\/wp\/v2\/product"}],"about":[{"href":"https:\/\/jnats.eu\/ro\/wp-json\/wp\/v2\/types\/product"}],"replies":[{"embeddable":true,"href":"https:\/\/jnats.eu\/ro\/wp-json\/wp\/v2\/comments?post=5329"}],"wp:featuredmedia":[{"embeddable":true,"href":"https:\/\/jnats.eu\/ro\/wp-json\/wp\/v2\/media\/5330"}],"wp:attachment":[{"href":"https:\/\/jnats.eu\/ro\/wp-json\/wp\/v2\/media?parent=5329"}],"wp:term":[{"taxonomy":"product_brand","embeddable":true,"href":"https:\/\/jnats.eu\/ro\/wp-json\/wp\/v2\/product_brand?post=5329"},{"taxonomy":"product_cat","embeddable":true,"href":"https:\/\/jnats.eu\/ro\/wp-json\/wp\/v2\/product_cat?post=5329"},{"taxonomy":"product_tag","embeddable":true,"href":"https:\/\/jnats.eu\/ro\/wp-json\/wp\/v2\/product_tag?post=5329"}],"curies":[{"name":"wp","href":"https:\/\/api.w.org\/{rel}","templated":true}]}}