{"id":5400,"date":"2025-11-08T11:19:38","date_gmt":"2025-11-08T09:19:38","guid":{"rendered":"https:\/\/jnats.eu\/?post_type=product&#038;p=5400"},"modified":"2025-11-21T21:34:04","modified_gmt":"2025-11-21T19:34:04","slug":"zwilling-j-a-henkels-17-friodur-inox-no-stain-solingen-germany","status":"publish","type":"product","link":"https:\/\/jnats.eu\/ro\/product-2\/zwilling-j-a-henkels-17-friodur-inox-no-stain-solingen-germany\/","title":{"rendered":"Zwilling J.A. Henkels 17 Friodur Inox No Stain Solingen Germania"},"content":{"rendered":"<p>Aparat de ras drept high-end de la legendarul <strong>J.A. Henckels Zwillingwerk<\/strong> Atelier \u00een Solingen, Germania. Cel mai mare model al produc\u0103torului <strong>Friodur 17<\/strong> realizate din <strong>O\u021bel inoxidabil c\u0103lit (Inox No Stain)<\/strong>cu rezisten\u021b\u0103 excep\u021bional\u0103 la coroziune \u0219i durabilitate.<\/p>\n\n\n\n<figure class=\"wp-block-embed is-type-video is-provider-youtube wp-block-embed-youtube wp-embed-aspect-9-16 wp-has-aspect-ratio\"><div class=\"wp-block-embed__wrapper\">\n<div class=\"video-container\"><iframe title=\"Cel mai mare aparat de ras Zwilling J.A. Henkels\" width=\"563\" height=\"1000\" src=\"https:\/\/www.youtube.com\/embed\/yCK3QmOwc5E?feature=oembed\" frameborder=\"0\" allow=\"accelerometer; autoplay; clipboard-write; encrypted-media; gyroscope; picture-in-picture; web-share\" referrerpolicy=\"strict-origin-when-cross-origin\" allowfullscreen><\/iframe><\/div>\n<\/div><\/figure>\n\n\n\n<p><strong>Caracteristici:<\/strong><\/p>\n\n\n\n<ul class=\"wp-block-list\">\n<li>\u2705 <strong>Produc\u0103tor:<\/strong> J.A. Henckels Zwillingwerk AG (Solingen, Germania)<\/li>\n\n\n\n<li>\ud83e\ude92 <strong>Cel mai mare model al produc\u0103torului <strong>Friodur 17<\/strong>:<\/strong> Friodur Inox No Stain 17<\/li>\n\n\n\n<li>\ud83d\udd2a <strong>Lam\u0103:<\/strong> O\u021bel inoxidabil, \u00eent\u0103rire criogenic\u0103 Friodur<\/li>\n\n\n\n<li>\ud83e\uddf0 <strong>M\u00e2ner:<\/strong> Plastic \u00een stil clasic cu logo Friodur<\/li>\n\n\n\n<li>\ud83d\udce6 <strong>Ambalare:<\/strong> Pung\u0103 de plastic<\/li>\n\n\n\n<li>\ud83c\udde9\ud83c\uddea <strong>Origine:<\/strong> Solingen, Germania<\/li>\n<\/ul>\n\n\n\n<p><strong>Caracteristici:<\/strong><\/p>\n\n\n\n<ul class=\"wp-block-list\">\n<li>Margine foarte ascu\u021bit\u0103 \u0219i de lung\u0103 durat\u0103<\/li>\n\n\n\n<li>O\u021bel inoxidabil u\u0219or de \u00eentre\u021binut<\/li>\n\n\n\n<li>Produs autentic Solingen, model de colec\u021bie<\/li>\n\n\n\n<li>Perfect pentru pasiona\u021bii de b\u0103rbierit \u0219i colec\u021bionari deopotriv\u0103<\/li>\n<\/ul>","protected":false},"excerpt":{"rendered":"<ul>\n<li>O\u021bel inoxidabil Inox, Friodur - c\u0103lit la rece<\/li>\n<li>M\u00e2ner din polimer, <strong>lipit<\/strong><\/li>\n<li>F\u0103r\u0103 cutie, doar pung\u0103 de plastic cu instruc\u021biuni<\/li>\n<li>Greutate - 63 g<\/li>\n<li>Dimensiunile lamei - 75x22x6 mm<\/li>\n<li>Aparatul de ras pare nefolosit, dar are c\u00e2teva zg\u00e2rieturi minore datorate depozit\u0103rii \u00eendelungate.<\/li>\n<\/ul>","protected":false},"featured_media":5402,"comment_status":"closed","ping_status":"closed","template":"","meta":[],"product_brand":[],"product_cat":[23],"product_tag":[158,132,59],"class_list":{"0":"post-5400","1":"product","2":"type-product","3":"status-publish","4":"has-post-thumbnail","6":"product_cat-razors","7":"product_tag-friodur","8":"product_tag-henkels","9":"product_tag-zwilling","10":"product_shipping_class-light","12":"first","13":"outofstock","14":"shipping-taxable","15":"purchasable","16":"product-type-simple"},"_links":{"self":[{"href":"https:\/\/jnats.eu\/ro\/wp-json\/wp\/v2\/product\/5400","targetHints":{"allow":["GET"]}}],"collection":[{"href":"https:\/\/jnats.eu\/ro\/wp-json\/wp\/v2\/product"}],"about":[{"href":"https:\/\/jnats.eu\/ro\/wp-json\/wp\/v2\/types\/product"}],"replies":[{"embeddable":true,"href":"https:\/\/jnats.eu\/ro\/wp-json\/wp\/v2\/comments?post=5400"}],"wp:featuredmedia":[{"embeddable":true,"href":"https:\/\/jnats.eu\/ro\/wp-json\/wp\/v2\/media\/5402"}],"wp:attachment":[{"href":"https:\/\/jnats.eu\/ro\/wp-json\/wp\/v2\/media?parent=5400"}],"wp:term":[{"taxonomy":"product_brand","embeddable":true,"href":"https:\/\/jnats.eu\/ro\/wp-json\/wp\/v2\/product_brand?post=5400"},{"taxonomy":"product_cat","embeddable":true,"href":"https:\/\/jnats.eu\/ro\/wp-json\/wp\/v2\/product_cat?post=5400"},{"taxonomy":"product_tag","embeddable":true,"href":"https:\/\/jnats.eu\/ro\/wp-json\/wp\/v2\/product_tag?post=5400"}],"curies":[{"name":"wp","href":"https:\/\/api.w.org\/{rel}","templated":true}]}}