{"id":5423,"date":"2025-11-10T11:50:29","date_gmt":"2025-11-10T09:50:29","guid":{"rendered":"https:\/\/jnats.eu\/?post_type=product&#038;p=5423"},"modified":"2025-11-15T19:47:51","modified_gmt":"2025-11-15T17:47:51","slug":"japoniskas-naturalus-galandimo-akmuo-shohonyama-shiroto","status":"publish","type":"product","link":"https:\/\/jnats.eu\/ro\/product-2\/japoniskas-naturalus-galandimo-akmuo-shohonyama-shiroto\/","title":{"rendered":"Piatr\u0103 natural\u0103 japonez\u0103 de ascu\u021bit Sh\u014dhon'yama Shiroto"},"content":{"rendered":"<figure class=\"wp-block-embed is-type-video is-provider-youtube wp-block-embed-youtube wp-embed-aspect-16-9 wp-has-aspect-ratio\"><div class=\"wp-block-embed__wrapper\">\n<div class=\"video-container\"><iframe title=\"Pietre de \u0219lefuit japoneze naturale medii: fine \u0219i extrafine Aizu + Sh\u014dhon&#039;yama Shiroto\" width=\"1170\" height=\"658\" src=\"https:\/\/www.youtube.com\/embed\/AUi6ntDU60U?start=301&#038;feature=oembed\" frameborder=\"0\" allow=\"accelerometer; autoplay; clipboard-write; encrypted-media; gyroscope; picture-in-picture; web-share\" referrerpolicy=\"strict-origin-when-cross-origin\" allowfullscreen><\/iframe><\/div>\n<\/div><\/figure>\n\n\n\n<p>Eticheta este scris\u0103 \u00een japonez\u0103:<\/p>\n\n\n\n<p><strong>\u6b63\u672c\u5c71\u767d\u7825<\/strong> - <em>Sh\u014dhon'yama Shiroto<\/em><br><strong>\u5408\u7825\u632f\u7279\u64b0<\/strong> - <em>Aoto-furi Tokusen<\/em><br><strong>\u5408\u7825\u5c71\u7523<\/strong> - <em>Aoto-yama san<\/em> (\u00eensemn\u00e2nd \"excavat pe Muntele Aoto\")<\/p>\n\n\n\n<p>Traducere:<\/p>\n\n\n\n<blockquote class=\"wp-block-quote is-layout-flow wp-block-quote-is-layout-flow\">\n<p>\"O piatr\u0103 alb\u0103 de ascu\u021bit de origine original\u0103 din Muntele Aoto, special selectat\u0103.\"<\/p>\n<\/blockquote>\n\n\n\n<p>Aceasta este o piatr\u0103 de ascu\u021bit natural\u0103 japonez\u0103 <strong>Sh\u014dhon'yama Shiroto<\/strong>Adic\u0103 \"piatr\u0103 alb\u0103 autentic\u0103 din Sh\u014dhon'yama\". \"Tokusen\" (\u7279\u64b0) indic\u0103 faptul c\u0103 este <strong>de \u00eenalt\u0103 calitate, special selectate<\/strong> copii.<\/p>","protected":false},"excerpt":{"rendered":"<ul class=\"wp-block-list\">\n<li>Piatr\u0103 japonez\u0103 natural\u0103 de ascu\u021bit cu granula\u021bie medie <strong>Sh\u014dhon'yama Shiroto<\/strong>. \"Tokusen\" (\u7279\u64b0) indic\u0103 faptul c\u0103 acest <strong>de \u00eenalt\u0103 calitate, special selectate<\/strong> copii.<\/li>\n<li>Potrivit pentru ascu\u021birea intermediar\u0103 sau final\u0103 a cu\u021bitelor, foarfecelor, uneltelor de t\u00e2mpl\u0103rie \u0219i a altor unelte.<\/li>\n<li>Dimensiuni: fin 203x49x68 mm<\/li>\n<li>Greutate: 1680 g.<\/li>\n<li>Granula\u021bie de aproximativ 2000<\/li>\n<li>Duritate: Lv 4.5<\/li>\n<li>Piatra de epoc\u0103, extras\u0103 la mijlocul secolului trecut, se caracterizeaz\u0103 prin vitez\u0103 bun\u0103 de lucru \u0219i uniformitate.<\/li>\n<li>Toate laturile sunt aliniate \u0219i gata de lucru.<\/li>\n<li><strong>Pute\u021bi urm\u0103ri lucrarea \u00een videoclipul de mai jos.<\/strong><\/li>\n<\/ul>","protected":false},"featured_media":5428,"comment_status":"closed","ping_status":"closed","template":"","meta":[],"product_brand":[],"product_cat":[22],"product_tag":[363,375],"class_list":{"0":"post-5423","1":"product","2":"type-product","3":"status-publish","4":"has-post-thumbnail","6":"product_cat-jnats","7":"product_tag-nakatoishi","8":"product_tag-shiroto","9":"product_shipping_class-iprastas","11":"first","12":"outofstock","13":"shipping-taxable","14":"purchasable","15":"product-type-simple"},"_links":{"self":[{"href":"https:\/\/jnats.eu\/ro\/wp-json\/wp\/v2\/product\/5423","targetHints":{"allow":["GET"]}}],"collection":[{"href":"https:\/\/jnats.eu\/ro\/wp-json\/wp\/v2\/product"}],"about":[{"href":"https:\/\/jnats.eu\/ro\/wp-json\/wp\/v2\/types\/product"}],"replies":[{"embeddable":true,"href":"https:\/\/jnats.eu\/ro\/wp-json\/wp\/v2\/comments?post=5423"}],"wp:featuredmedia":[{"embeddable":true,"href":"https:\/\/jnats.eu\/ro\/wp-json\/wp\/v2\/media\/5428"}],"wp:attachment":[{"href":"https:\/\/jnats.eu\/ro\/wp-json\/wp\/v2\/media?parent=5423"}],"wp:term":[{"taxonomy":"product_brand","embeddable":true,"href":"https:\/\/jnats.eu\/ro\/wp-json\/wp\/v2\/product_brand?post=5423"},{"taxonomy":"product_cat","embeddable":true,"href":"https:\/\/jnats.eu\/ro\/wp-json\/wp\/v2\/product_cat?post=5423"},{"taxonomy":"product_tag","embeddable":true,"href":"https:\/\/jnats.eu\/ro\/wp-json\/wp\/v2\/product_tag?post=5423"}],"curies":[{"name":"wp","href":"https:\/\/api.w.org\/{rel}","templated":true}]}}