{"id":5474,"date":"2025-11-28T13:11:26","date_gmt":"2025-11-28T11:11:26","guid":{"rendered":"https:\/\/jnats.eu\/?post_type=product&#038;p=5474"},"modified":"2026-01-29T10:38:25","modified_gmt":"2026-01-29T08:38:25","slug":"old-hickory-ontario-knife-company-vintazinis-virtuvinis-peilis-1095-high-carbon-steel","status":"publish","type":"product","link":"https:\/\/jnats.eu\/ro\/product-2\/old-hickory-ontario-knife-company-vintazinis-virtuvinis-peilis-1095-high-carbon-steel\/","title":{"rendered":"Old Hickory \/ Ontario Knife Company - Cu\u021bit de buc\u0103t\u0103rie vintage (o\u021bel cu con\u021binut ridicat de carbon 1095)"},"content":{"rendered":"<h3 class=\"wp-block-heading\"><strong>Istoric \u0219i mo\u0219tenirea produc\u0103torului<\/strong><\/h3>\n\n\n\n<p><em>Compania Ontario Knife<\/em> \u00ee\u0219i trage r\u0103d\u0103cinile din anii 1920 \u0219i <strong>Old Hickory<\/strong> Linia a devenit una dintre cele mai longevive cu\u021bite de buc\u0103t\u0103rie tradi\u021bionale din SUA. Este un cu\u021bit dintr-o epoc\u0103 \u00een care func\u021bia primea \u00eenaintea designului, iar materialele erau nealterate natural. De-a lungul anilor, OKC a extins gama \u0219i a dezvoltat <strong>RAT<\/strong> o linie de cu\u021bite pliabile care a devenit o legend\u0103 printre pasiona\u021bii de bushcraft, EDC \u0219i tactic\u0103.<\/p>\n\n\n\n<p>Acest exemplar este o oportunitate de a avea o parte din acea istorie <strong>\u00eenainte de era RAT<\/strong>.<\/p>\n\n\n\n<figure class=\"wp-block-embed is-type-video is-provider-youtube wp-block-embed-youtube wp-embed-aspect-16-9 wp-has-aspect-ratio\"><div class=\"wp-block-embed__wrapper\">\n<div class=\"video-container\"><iframe title=\"Fabricat \u00een SUA: Ascu\u021birea cu pietre de ulei Arkansas - de la Washita la translucid\" width=\"1170\" height=\"658\" src=\"https:\/\/www.youtube.com\/embed\/pRUee3pQ0Ck?feature=oembed\" frameborder=\"0\" allow=\"accelerometer; autoplay; clipboard-write; encrypted-media; gyroscope; picture-in-picture; web-share\" referrerpolicy=\"strict-origin-when-cross-origin\" allowfullscreen><\/iframe><\/div>\n<\/div><\/figure>\n\n\n\n<hr class=\"wp-block-separator has-alpha-channel-opacity\"\/>\n\n\n\n<h3 class=\"wp-block-heading\"><strong>Maturitatea o\u021belului \u0219i caracterul de t\u0103iere<\/strong><\/h3>\n\n\n\n<p>O\u021belul 1095 dob\u00e2nde\u0219te stabilitate microstructural\u0103 \u0219i o ascu\u021bire lini\u0219tit\u0103, pl\u0103cut\u0103 \u00een timp. Cu\u021bitul a fost recondi\u021bionat profesional - <strong>Pietre naturale din Arkansas: washita \u2192 moale \u2192 tare \u2192 negru \u2192 translucid<\/strong>, astfel \u00eenc\u00e2t lama are o t\u0103iere agresiv\u0103, dar curat\u0103, potrivit\u0103 pentru buc\u0103t\u0103rie. <\/p>\n\n\n\n<p><strong>T\u0103ierea se simte \u201evie\u201c, rapid\u0103 \u0219i curat\u0103.<\/strong><br>Acesta este unul dintre motivele pentru care vechiul 1095 \u00eenc\u0103 mai are publicul s\u0103u, chiar \u0219i \u00een era o\u021belurilor praf.<\/p>\n\n\n\n<hr class=\"wp-block-separator has-alpha-channel-opacity\"\/>\n\n\n\n<h3 class=\"wp-block-heading\"><strong>Recomand\u0103ri pentru \u00eentre\u021binere<\/strong><\/h3>\n\n\n\n<p>- A se p\u0103stra uscat, a se \u0219terge dup\u0103 utilizare<br>- Se recomand\u0103 un strat u\u0219or de ulei pentru depozitare<br>- Patina - natural\u0103 \u0219i benefic\u0103, protejeaz\u0103 \u00eempotriva oxid\u0103rii<br>- Pietre naturale ideale pentru ascu\u021bire: Arkansas \/ Aizu \/ Nakayama<\/p>\n\n\n\n<p>Cu\u021bitul este gata de utilizare - trebuie doar s\u0103 \u00eel folosi\u021bi.<\/p>\n\n\n\n<hr class=\"wp-block-separator has-alpha-channel-opacity\"\/>\n\n\n\n<h3 class=\"wp-block-heading\"><strong>De ce de\u021bine\u021bi acest exemplar?<\/strong><\/h3>\n\n\n\n<p>\u2714 Vintage autentic din SUA din seria Old Hickory<br>\u2714 Acela\u0219i produc\u0103tor care a dezvoltat ulterior legendarul <strong>RAT<\/strong> dosar<br>\u2714 Neutilizat, doar restaurat profesional cu respectarea originalit\u0103\u021bii<br>\u2714 O\u021bel matur 1095 - agresiv, dar t\u0103iat curat<br>\u2714 Potrivit pentru colec\u021bie, entuzia\u0219ti de buc\u0103t\u0103rie \u0219i colec\u021bii istorice<\/p>","protected":false},"excerpt":{"rendered":"<p data-start=\"210\" data-end=\"565\">Cu\u021bit autentic fabricat \u00een SUA de la <strong data-start=\"244\" data-end=\"259\">Old Hickory<\/strong> linii, produse <em data-start=\"280\" data-end=\"303\">Compania Ontario Knife<\/em> - de aceea\u0219i companie care a dezvoltat ulterior una dintre cele mai renumite game moderne de cu\u021bite pliabile EDC <strong data-start=\"409\" data-end=\"420\">OKC RAT<\/strong> (RAT-1, RAT-2). Acest fapt face cu\u021bitul \u0219i mai interesant pentru colec\u021bionari: \u0219coal\u0103 veche, \u00eenainte ca OKC s\u0103 devin\u0103 un nume global pentru foldere moderne.<\/p>\n<p data-start=\"567\" data-end=\"953\">Cu\u021bit <strong data-start=\"574\" data-end=\"588\">neutilizat<\/strong>, conservat\u0103 \u00een stare de colec\u021bie. Despachetat cu aten\u021bie doar pentru a \u00eendep\u0103rta coroziunea de suprafa\u021b\u0103 \u0219i lama <strong data-start=\"706\" data-end=\"765\">ascu\u021bite profesional cu pietre naturale Arkansas<\/strong>, p\u0103str\u00e2nd profilul geometric original \u0219i oferindu-i o t\u0103ietur\u0103 ascu\u021bit\u0103, la nivelul briciului. Este un caz rar \u00een care o unealt\u0103 vintage r\u0103m\u00e2ne autentic\u0103 \u0219i, \u00een acela\u0219i timp, practic gata de utilizare.<\/p>\n<hr data-start=\"955\" data-end=\"958\" \/>\n<h3 data-start=\"960\" data-end=\"987\"><strong data-start=\"964\" data-end=\"987\">Date tehnice<\/strong><\/h3>\n<div class=\"_tableContainer_1rjym_1\">\n<div class=\"group _tableWrapper_1rjym_13 flex w-fit flex-col-reverse\" tabindex=\"-1\">\n<table class=\"w-fit min-w-(--thread-content-width)\" data-start=\"989\" data-end=\"1341\">\n<thead data-start=\"989\" data-end=\"1019\">\n<tr data-start=\"989\" data-end=\"1019\">\n<th data-start=\"989\" data-end=\"1002\" data-col-size=\"sm\">Parametru<\/th>\n<th data-start=\"1002\" data-end=\"1019\" data-col-size=\"md\">Specifica\u021bii<\/th>\n<\/tr>\n<\/thead>\n<tbody data-start=\"1030\" data-end=\"1341\">\n<tr data-start=\"1030\" data-end=\"1066\">\n<td data-start=\"1030\" data-end=\"1040\" data-col-size=\"sm\">O\u021bel<\/td>\n<td data-start=\"1040\" data-end=\"1066\" data-col-size=\"md\">O\u021bel cu con\u021binut ridicat de carbon 1095<\/td>\n<\/tr>\n<tr data-start=\"1067\" data-end=\"1098\">\n<td data-start=\"1067\" data-end=\"1084\" data-col-size=\"sm\">Lungimea lamei<\/td>\n<td data-col-size=\"md\" data-start=\"1084\" data-end=\"1098\"><strong data-start=\"1086\" data-end=\"1096\">205 mm<\/strong><\/td>\n<\/tr>\n<tr data-start=\"1099\" data-end=\"1129\">\n<td data-start=\"1099\" data-end=\"1116\" data-col-size=\"sm\">\u00cen\u0103l\u021bimea lamei<\/td>\n<td data-col-size=\"md\" data-start=\"1116\" data-end=\"1129\"><strong data-start=\"1118\" data-end=\"1127\">42 mm<\/strong><\/td>\n<\/tr>\n<tr data-start=\"1130\" data-end=\"1151\">\n<td data-start=\"1130\" data-end=\"1139\" data-col-size=\"sm\">Grosime<\/td>\n<td data-col-size=\"md\" data-start=\"1139\" data-end=\"1151\"><strong data-start=\"1141\" data-end=\"1149\">2 mm<\/strong><\/td>\n<\/tr>\n<tr data-start=\"1152\" data-end=\"1202\">\n<td data-start=\"1152\" data-end=\"1169\" data-col-size=\"sm\">Lungimea m\u00e2nerului<\/td>\n<td data-start=\"1169\" data-end=\"1202\" data-col-size=\"md\"><strong data-start=\"1171\" data-end=\"1200\">122 mm (Hickory hardwood) \u00eenseamn\u0103 curry sau hickory<\/strong><\/td>\n<\/tr>\n<tr data-start=\"1203\" data-end=\"1225\">\n<td data-start=\"1203\" data-end=\"1212\" data-col-size=\"sm\">Greutate<\/td>\n<td data-start=\"1212\" data-end=\"1225\" data-col-size=\"md\"><strong data-start=\"1214\" data-end=\"1223\">143 g<\/strong><\/td>\n<\/tr>\n<tr data-start=\"1226\" data-end=\"1273\">\n<td data-start=\"1226\" data-end=\"1241\" data-col-size=\"sm\">Construc\u021bie<\/td>\n<td data-start=\"1241\" data-end=\"1273\" data-col-size=\"md\">M\u00e2ner plin - nituit<\/td>\n<\/tr>\n<tr data-start=\"1274\" data-end=\"1341\">\n<td data-start=\"1274\" data-end=\"1282\" data-col-size=\"sm\">Stare<\/td>\n<td data-col-size=\"md\" data-start=\"1282\" data-end=\"1341\"><strong data-start=\"1284\" data-end=\"1339\">Nefolosit, doar despachetat, cur\u0103\u021bat \u0219i ascu\u021bit (vezi videoclipul de mai jos)<\/strong><\/td>\n<\/tr>\n<\/tbody>\n<\/table>\n<\/div>\n<\/div>\n<p data-start=\"1343\" data-end=\"1448\">Hickory este un lemn puternic, dens, cu o patin\u0103 u\u0219oar\u0103. Construc\u021bia este simpl\u0103, fiabil\u0103 \u0219i testat\u0103 \u00een timp.<\/p>","protected":false},"featured_media":5479,"comment_status":"closed","ping_status":"closed","template":"","meta":[],"product_brand":[],"product_cat":[24],"product_tag":[376,76],"class_list":{"0":"post-5474","1":"product","2":"type-product","3":"status-publish","4":"has-post-thumbnail","6":"product_cat-knifes","7":"product_tag-old-hickory","8":"product_tag-peilis","9":"product_shipping_class-iprastas","11":"first","12":"instock","13":"sale","14":"shipping-taxable","15":"purchasable","16":"product-type-simple"},"_links":{"self":[{"href":"https:\/\/jnats.eu\/ro\/wp-json\/wp\/v2\/product\/5474","targetHints":{"allow":["GET"]}}],"collection":[{"href":"https:\/\/jnats.eu\/ro\/wp-json\/wp\/v2\/product"}],"about":[{"href":"https:\/\/jnats.eu\/ro\/wp-json\/wp\/v2\/types\/product"}],"replies":[{"embeddable":true,"href":"https:\/\/jnats.eu\/ro\/wp-json\/wp\/v2\/comments?post=5474"}],"wp:featuredmedia":[{"embeddable":true,"href":"https:\/\/jnats.eu\/ro\/wp-json\/wp\/v2\/media\/5479"}],"wp:attachment":[{"href":"https:\/\/jnats.eu\/ro\/wp-json\/wp\/v2\/media?parent=5474"}],"wp:term":[{"taxonomy":"product_brand","embeddable":true,"href":"https:\/\/jnats.eu\/ro\/wp-json\/wp\/v2\/product_brand?post=5474"},{"taxonomy":"product_cat","embeddable":true,"href":"https:\/\/jnats.eu\/ro\/wp-json\/wp\/v2\/product_cat?post=5474"},{"taxonomy":"product_tag","embeddable":true,"href":"https:\/\/jnats.eu\/ro\/wp-json\/wp\/v2\/product_tag?post=5474"}],"curies":[{"name":"wp","href":"https:\/\/api.w.org\/{rel}","templated":true}]}}