{"id":5504,"date":"2026-02-02T11:05:28","date_gmt":"2026-02-02T09:05:28","guid":{"rendered":"https:\/\/jnats.eu\/?post_type=product&#038;p=5504"},"modified":"2026-02-04T16:13:55","modified_gmt":"2026-02-04T14:13:55","slug":"japoniskas-kalvio-darbo-virtuvinis-peilis-is-tamahagane","status":"publish","type":"product","link":"https:\/\/jnats.eu\/ro\/product-2\/japoniskas-kalvio-darbo-virtuvinis-peilis-is-tamahagane\/","title":{"rendered":"Cu\u021bit de buc\u0103t\u0103rie de fierar japonez din Tamahagan"},"content":{"rendered":"<figure class=\"wp-block-embed is-type-video is-provider-youtube wp-block-embed-youtube wp-embed-aspect-9-16 wp-has-aspect-ratio\"><div class=\"wp-block-embed__wrapper\">\n<div class=\"video-container\"><iframe title=\"Cu\u021bit de buc\u0103t\u0103rie japonez de fierar Tamahagane\" width=\"563\" height=\"1000\" src=\"https:\/\/www.youtube.com\/embed\/4o8h8KzLRsI?feature=oembed\" frameborder=\"0\" allow=\"accelerometer; autoplay; clipboard-write; encrypted-media; gyroscope; picture-in-picture; web-share\" referrerpolicy=\"strict-origin-when-cross-origin\" allowfullscreen><\/iframe><\/div>\n<\/div><\/figure>\n\n\n\n<p>Acesta este un cu\u021bit japonez autentic, forjat manual, fabricat din <strong>o\u021bel de tip tamahagane<\/strong> - acela\u0219i aliaj tradi\u021bional care a fost folosit \u00een Japonia timp de secole pentru a forja <strong>s\u0103bii de samurai (nihonto)<\/strong>. Lama este marcat\u0103 cu caractere:<\/p>\n\n\n\n<ul class=\"wp-block-list\">\n<li><strong>\u6700\u4e0a\u624b\u92fc - \u201eo\u021bel premium\u201c<\/strong><\/li>\n\n\n\n<li><strong>\u92fc\u821f\u935b\u4f5c - \u201eforjat de Maestrul K\u014dsh\u016b\u201c<\/strong><\/li>\n<\/ul>\n\n\n\n<p>Acest marcaj indic\u0103 \u00een mod clar faptul c\u0103 cu\u021bitul este fabricat \u00een tradi\u021bia clasic\u0103 japonez\u0103 a fier\u0103riei, unde metalul nu este doar modelat, ci \u0219i \u201ematurat\u201c printr-un ciclu lung: forjare repetat\u0103, \u00eemb\u0103tr\u00e2nire termic\u0103 \u0219i finisare final\u0103 cu pietre naturale.<\/p>\n\n\n\n<hr class=\"wp-block-separator has-alpha-channel-opacity\"\/>\n\n\n\n<h1 class=\"wp-block-heading\">\ud83d\udd25 <strong>Tamahagane - o\u021belul din care se na\u0219te katana<\/strong><\/h1>\n\n\n\n<p>Tamahagane este un o\u021bel japonez tradi\u021bional topit \u00eentr-un cuptor \u201etatara\u201c din:<\/p>\n\n\n\n<ul class=\"wp-block-list\">\n<li>nisip de fier (satetsu),<\/li>\n\n\n\n<li>C\u0103rbune japonez,<\/li>\n\n\n\n<li>procesul de ardere extrem de lent \u0219i precis.<\/li>\n<\/ul>\n\n\n\n<p>Acest o\u021bel a fost folosit de sute de ani pentru forjare:<\/p>\n\n\n\n<ul class=\"wp-block-list\">\n<li>katana,<\/li>\n\n\n\n<li>wakizashi,<\/li>\n\n\n\n<li>tant\u014d,<\/li>\n\n\n\n<li>\u0219i unelte high-end cu caracteristicile necesare pentru o ascu\u021bime \u0219i durabilitate extreme.<\/li>\n<\/ul>\n\n\n\n<p>Astfel de o\u021beluri sunt renumite pentru:<\/p>\n\n\n\n<h3 class=\"wp-block-heading\">\u2714 echilibru ridicat de duritate \u0219i ductilitate<\/h3>\n\n\n\n<h3 class=\"wp-block-heading\">\u2714 Ascu\u021bime suplimentar\u0103 \u0219i ascu\u021bire u\u0219oar\u0103<\/h3>\n\n\n\n<h3 class=\"wp-block-heading\">\u2714 Structur\u0103 omogen\u0103, curat\u0103 a carburii<\/h3>\n\n\n\n<h3 class=\"wp-block-heading\">\u2714 Durabilitate \u0219i rezisten\u021b\u0103 la microfisur\u0103<\/h3>\n\n\n\n<h3 class=\"wp-block-heading\">\u2714 Un sentiment unic \u201elive\u201c la t\u0103iere<\/h3>\n\n\n\n<p>Acest cu\u021bit surprinde perfect caracterul tamahaganee tradi\u021bional.<\/p>\n\n\n\n<hr class=\"wp-block-separator has-alpha-channel-opacity\"\/>\n\n\n\n<h1 class=\"wp-block-heading\">\ud83d\udd2a <strong>Date tehnice<\/strong><\/h1>\n\n\n\n<ul class=\"wp-block-list\">\n<li><strong>Lungimea lamei:<\/strong> 275 mm<\/li>\n\n\n\n<li><strong>\u00cen\u0103l\u021bime:<\/strong> 50 mm<\/li>\n\n\n\n<li><strong>Grosime:<\/strong> 2,40 mm \u2192 1,5 mm spre v\u00e2rf<\/li>\n\n\n\n<li><strong>Lungimea m\u00e2nerului:<\/strong> 120 mm<\/li>\n\n\n\n<li><strong>Greutate:<\/strong> 203 g<\/li>\n\n\n\n<li><strong>O\u0163el:<\/strong> Tradi\u021bional, o\u021bel carbon de tip tamahagane (\u6700\u4e0a\u624b\u92fc)<\/li>\n\n\n\n<li><strong>M\u00e2ner:<\/strong>  copac<\/li>\n<\/ul>\n\n\n\n<hr class=\"wp-block-separator has-alpha-channel-opacity\"\/>\n\n\n\n<h1 class=\"wp-block-heading\">\ud83c\udf0b <strong>Avantajele o\u021belului \u0219lefuit<\/strong><\/h1>\n\n\n\n<p>Ca \u0219i s\u0103biile tamahagane, acest cu\u021bit are ca efect \u201e\u00eemb\u0103tr\u00e2nirea\u201c o\u021belului:<\/p>\n\n\n\n<ul class=\"wp-block-list\">\n<li>dup\u0103 \u00eent\u0103rire o\u021belul a fost <strong>Maturizare<\/strong>, eliber\u00e2nd treptat tensiunile;<\/li>\n\n\n\n<li>se \u00eembun\u0103t\u0103\u021be\u0219te <strong>men\u021binerea clarit\u0103\u021bii<\/strong>;<\/li>\n\n\n\n<li>Reduce <strong>risc de micro-fisuri<\/strong>;<\/li>\n\n\n\n<li>permite lamei s\u0103 fie tare, dar \u00een acela\u0219i timp s\u0103 taie \u201eviu\u201c;<\/li>\n\n\n\n<li>patina natural\u0103 ac\u021bioneaz\u0103 ca un <strong>protec\u021bie \u00eempotriva coroziunii<\/strong>.<\/li>\n<\/ul>\n\n\n\n<hr class=\"wp-block-separator has-alpha-channel-opacity\"\/>\n\n\n\n<h1 class=\"wp-block-heading\">\ud83e\udeb5 <strong>M\u00e2ner din lemn<\/strong><\/h1>\n\n\n\n<p>Lemn extrem de rezistent \u0219i durabil, folosit de secole pentru unelte \u0219i topoare. M\u00e2ner:<\/p>\n\n\n\n<ul class=\"wp-block-list\">\n<li>rezistent la impact,<\/li>\n\n\n\n<li>asigur\u0103 o bun\u0103 aderen\u021b\u0103,<\/li>\n\n\n\n<li>ofer\u0103 echilibru \u0219i confort.<\/li>\n<\/ul>\n\n\n\n<hr class=\"wp-block-separator has-alpha-channel-opacity\"\/>\n\n\n\n<h1 class=\"wp-block-heading\">\ud83e\uddfc <strong>Ascu\u021bire \u0219i \u00eentre\u021binere<\/strong><\/h1>\n\n\n\n<p>Ideal pentru:<\/p>\n\n\n\n<ul class=\"wp-block-list\">\n<li><strong>Pietre naturale japoneze (Awasedo, Ozuku, Nakayama, etc.)<\/strong><\/li>\n<\/ul>\n\n\n\n<p>Recomand\u0103ri:<\/p>\n\n\n\n<ul class=\"wp-block-list\">\n<li>usca\u021bi \u00eentotdeauna dup\u0103 utilizare;<\/li>\n\n\n\n<li>protejeaz\u0103 \u00eempotriva umezelii;<\/li>\n\n\n\n<li>lubrifiate periodic cu ulei de camelie sau ulei mineral u\u0219or;<\/li>\n\n\n\n<li>nu lustrui\u021bi patina - aceasta protejeaz\u0103 lama.<\/li>\n<\/ul>\n\n\n\n<hr class=\"wp-block-separator has-alpha-channel-opacity\"\/>\n\n\n\n<h1 class=\"wp-block-heading\">\ud83d\udce6 <strong>Stare<\/strong><\/h1>\n\n\n\n<ul class=\"wp-block-list\">\n<li><strong>Cu\u021bit folosit<\/strong>.<\/li>\n\n\n\n<li>Coroziune superficial\u0103 minor\u0103 \u00eendep\u0103rtat\u0103, are zg\u00e2rieturi reziduale pe lam\u0103<\/li>\n\n\n\n<li>Ascu\u021birea f\u0103cut\u0103 <strong>pietre naturale japoneze<\/strong>, p\u0103str\u00e2nd geometria original\u0103 a masterului.<\/li>\n<\/ul>","protected":false},"excerpt":{"rendered":"<p><!-- wp:list --><\/p>\n<ul class=\"wp-block-list\"><!-- wp:list-item --><\/p>\n<li><strong>Cu\u021bit folosit<\/strong>.<\/li>\n<p><!-- \/wp:list-item --><\/p>\n<p><!-- wp:list-item --><\/p>\n<li>Coroziunea superficial\u0103 minor\u0103 a fost \u00eendep\u0103rtat\u0103, cu unele zg\u00e2rieturi r\u0103mase \u0219i daune de coroziune pe lam\u0103.<\/li>\n<p><!-- \/wp:list-item --><\/p>\n<p><!-- wp:list-item --><\/p>\n<li>Ascu\u021birea f\u0103cut\u0103 <strong>pietre naturale japoneze<\/strong>, p\u0103str\u00e2nd geometria original\u0103 a masterului.<\/li>\n<li><strong>Lungimea lamei:<\/strong> 130 mm<\/li>\n<li><strong>\u00cen\u0103l\u021bime \u00eenainte de m\u00e2ner:<\/strong> 22 mm<\/li>\n<p><!-- \/wp:list-item --><\/p>\n<p><!-- wp:list-item --><\/p>\n<li><strong>Grosime:<\/strong> 1,2 mm \u2192 0,1 mm spre v\u00e2rf<\/li>\n<p><!-- \/wp:list-item --><\/p>\n<p><!-- wp:list-item --><\/p>\n<li><strong>Lungimea m\u00e2nerului:<\/strong> 115 mm<\/li>\n<p><!-- \/wp:list-item --><\/p>\n<p><!-- wp:list-item --><\/p>\n<li><strong>Greutate:<\/strong> 64 g<\/li>\n<p><!-- \/wp:list-item --><\/p>\n<p><!-- wp:list-item --><\/p>\n<li><strong>O\u0163el:<\/strong> tradi\u021bional, tamahagane o\u021bel carbon (\u6700\u4e0a\u624b\u92fc)<\/li>\n<p><!-- \/wp:list-item --><\/p>\n<p><!-- wp:list-item --><\/p>\n<li><strong>M\u00e2ner:<\/strong> din lemn<\/li>\n<p><!-- \/wp:list-item --><\/ul>\n<p><!-- \/wp:list --><\/p>","protected":false},"featured_media":5712,"comment_status":"closed","ping_status":"closed","template":"","meta":[],"product_brand":[],"product_cat":[24],"product_tag":[76,26],"class_list":{"0":"post-5504","1":"product","2":"type-product","3":"status-publish","4":"has-post-thumbnail","6":"product_cat-knifes","7":"product_tag-peilis","8":"product_tag-tamahagane","9":"product_shipping_class-light","11":"first","12":"outofstock","13":"shipping-taxable","14":"purchasable","15":"product-type-simple"},"_links":{"self":[{"href":"https:\/\/jnats.eu\/ro\/wp-json\/wp\/v2\/product\/5504","targetHints":{"allow":["GET"]}}],"collection":[{"href":"https:\/\/jnats.eu\/ro\/wp-json\/wp\/v2\/product"}],"about":[{"href":"https:\/\/jnats.eu\/ro\/wp-json\/wp\/v2\/types\/product"}],"replies":[{"embeddable":true,"href":"https:\/\/jnats.eu\/ro\/wp-json\/wp\/v2\/comments?post=5504"}],"wp:featuredmedia":[{"embeddable":true,"href":"https:\/\/jnats.eu\/ro\/wp-json\/wp\/v2\/media\/5712"}],"wp:attachment":[{"href":"https:\/\/jnats.eu\/ro\/wp-json\/wp\/v2\/media?parent=5504"}],"wp:term":[{"taxonomy":"product_brand","embeddable":true,"href":"https:\/\/jnats.eu\/ro\/wp-json\/wp\/v2\/product_brand?post=5504"},{"taxonomy":"product_cat","embeddable":true,"href":"https:\/\/jnats.eu\/ro\/wp-json\/wp\/v2\/product_cat?post=5504"},{"taxonomy":"product_tag","embeddable":true,"href":"https:\/\/jnats.eu\/ro\/wp-json\/wp\/v2\/product_tag?post=5504"}],"curies":[{"name":"wp","href":"https:\/\/api.w.org\/{rel}","templated":true}]}}