{"id":5604,"date":"2026-01-13T11:20:28","date_gmt":"2026-01-13T09:20:28","guid":{"rendered":"https:\/\/jnats.eu\/?post_type=product&#038;p=5604"},"modified":"2026-01-31T19:37:32","modified_gmt":"2026-01-31T17:37:32","slug":"h-diamond-extra-steel-for-barbersuse-first-quality-naudoti-japoniski-skustuvai","status":"publish","type":"product","link":"https:\/\/jnats.eu\/ro\/product-2\/h-diamond-extra-steel-for-barbersuse-first-quality-naudoti-japoniski-skustuvai\/","title":{"rendered":"H.Diamond Extra Steel For Barbers'Use Aparate de ras japoneze de prim\u0103 calitate"},"content":{"rendered":"<figure class=\"wp-block-embed is-type-video is-provider-youtube wp-block-embed-youtube wp-embed-aspect-9-16 wp-has-aspect-ratio\"><div class=\"wp-block-embed__wrapper\">\n<div class=\"video-container\"><iframe title=\"Rade de epoc\u0103 H. Diamond Extra Steel - pentru b\u0103rbierit \ud83d\udd2a\u2728\" width=\"563\" height=\"1000\" src=\"https:\/\/www.youtube.com\/embed\/AnMmGvvxNtQ?feature=oembed\" frameborder=\"0\" allow=\"accelerometer; autoplay; clipboard-write; encrypted-media; gyroscope; picture-in-picture; web-share\" referrerpolicy=\"strict-origin-when-cross-origin\" allowfullscreen><\/iframe><\/div>\n<\/div><\/figure>\n\n\n\n<p>Original <strong>H. Diamant din o\u021bel extra<\/strong> lame de ras drepte pentru b\u0103rbierit profesional.<\/p>\n\n\n\n<p>Aparate de ras <strong>Utilizare<\/strong>, dar <strong>\u00een stare bun\u0103<\/strong>. Coroziunea de suprafa\u021b\u0103 de pe lam\u0103 a fost complet <strong>cur\u0103\u021bate cu \u0219mirghel fin \u0219i lustruite cu past\u0103 de diamant<\/strong>, astfel \u00eenc\u00e2t metalul este curat, f\u0103r\u0103 leziuni active de rugin\u0103. Geometria este intact\u0103.<\/p>\n\n\n\n<p><strong>Axa:<\/strong> O\u021bel extra, \u201ePentru uzul frizerilor\u2019, \u201cPrima calitate\u201e<br><strong>Stare:<\/strong> folosit, coroziune \u00eendep\u0103rtat\u0103, gata de ascu\u021bit<br><strong>M\u00e2nere:<\/strong> original, \u00een bun\u0103 stare, f\u0103r\u0103 fisuri<br><strong>Autenticitate:<\/strong> original, fabricat \u00een Japonia la mijlocul secolului trecut.<\/p>\n\n\n\n<p>Perfect at\u00e2t pentru <strong>pentru b\u0103rbierit<\/strong>, ambele <strong>pentru colector<\/strong>, pentru cei care apreciaz\u0103 instrumentele clasice de tuns barba.<\/p>","protected":false},"excerpt":{"rendered":"<ol>\n<li>H.Diamond 50<\/li>\n<li>H.Diamond 50<\/li>\n<li>H.Diamond 40<\/li>\n<li>H.Diamond 40<\/li>\n<li>H.Diamond 74<\/li>\n<\/ol>\n<p>&nbsp;<\/p>\n<ul>\n<li><strong>Axa:<\/strong> O\u021bel extra, \u201ePentru uzul frizerilor\u2019, \u201cPrima calitate\u201e<\/li>\n<li><strong>Dimensiuni lam\u0103<\/strong> aproximativ 75x20x5 mm<\/li>\n<li><strong>Greutate<\/strong> aproximativ 50 g.<\/li>\n<li><strong>Stare:<\/strong> folosit, coroziune \u00eendep\u0103rtat\u0103, gata de ascu\u021bit<\/li>\n<li><strong>M\u00e2nere:<\/strong> original, \u00een bun\u0103 stare, f\u0103r\u0103 fisuri<\/li>\n<li><strong>Autenticitate:<\/strong> original, fabricat \u00een Japonia la mijlocul secolului trecut.<\/li>\n<\/ul>","protected":false},"featured_media":5613,"comment_status":"closed","ping_status":"closed","template":"","meta":[],"product_brand":[],"product_cat":[23],"product_tag":[206,160],"class_list":{"0":"post-5604","1":"product","2":"type-product","3":"status-publish","4":"has-post-thumbnail","6":"product_cat-razors","7":"product_tag-h-diamond","8":"product_tag-skustuvai","9":"product_shipping_class-light","11":"first","12":"outofstock","13":"shipping-taxable","14":"product-type-variable"},"_links":{"self":[{"href":"https:\/\/jnats.eu\/ro\/wp-json\/wp\/v2\/product\/5604","targetHints":{"allow":["GET"]}}],"collection":[{"href":"https:\/\/jnats.eu\/ro\/wp-json\/wp\/v2\/product"}],"about":[{"href":"https:\/\/jnats.eu\/ro\/wp-json\/wp\/v2\/types\/product"}],"replies":[{"embeddable":true,"href":"https:\/\/jnats.eu\/ro\/wp-json\/wp\/v2\/comments?post=5604"}],"wp:featuredmedia":[{"embeddable":true,"href":"https:\/\/jnats.eu\/ro\/wp-json\/wp\/v2\/media\/5613"}],"wp:attachment":[{"href":"https:\/\/jnats.eu\/ro\/wp-json\/wp\/v2\/media?parent=5604"}],"wp:term":[{"taxonomy":"product_brand","embeddable":true,"href":"https:\/\/jnats.eu\/ro\/wp-json\/wp\/v2\/product_brand?post=5604"},{"taxonomy":"product_cat","embeddable":true,"href":"https:\/\/jnats.eu\/ro\/wp-json\/wp\/v2\/product_cat?post=5604"},{"taxonomy":"product_tag","embeddable":true,"href":"https:\/\/jnats.eu\/ro\/wp-json\/wp\/v2\/product_tag?post=5604"}],"curies":[{"name":"wp","href":"https:\/\/api.w.org\/{rel}","templated":true}]}}