{"id":5622,"date":"2026-01-14T12:09:44","date_gmt":"2026-01-14T10:09:44","guid":{"rendered":"https:\/\/jnats.eu\/?post_type=product&#038;p=5622"},"modified":"2026-01-15T12:27:23","modified_gmt":"2026-01-15T10:27:23","slug":"tsubaya-mioroshi-izuma-tamahagane-deba-peilis","status":"publish","type":"product","link":"https:\/\/jnats.eu\/ro\/product-2\/tsubaya-mioroshi-izuma-tamahagane-deba-peilis\/","title":{"rendered":"Tsubaya Mioroshi Izumo - cu\u021bit Tamahagane Deba"},"content":{"rendered":"<p>Japonez\u0103 autentic\u0103 <strong>Mioroshi Izumo Deba<\/strong> un tip de cu\u021bit de buc\u0103t\u0103rie fabricat \u00een mod tradi\u021bional din <strong>o\u021bel de tip tamahagane<\/strong>. Acest cu\u021bit este proiectat pentru prelucrarea profesional\u0103 a pe\u0219telui - filetare, separarea capului \u0219i dezosare - men\u021bin\u00e2nd \u00een acela\u0219i timp un control excelent al t\u0103ieturii.<\/p>\n\n\n\n<figure class=\"wp-block-embed is-type-video is-provider-youtube wp-block-embed-youtube wp-embed-aspect-16-9 wp-has-aspect-ratio\"><div class=\"wp-block-embed__wrapper\">\n<div class=\"video-container\"><iframe title=\"Cu\u021bit Tsutaya Mioroshi-B\u014dch\u014d rar - Forjat din Izumo Tamahagane\" width=\"1170\" height=\"658\" src=\"https:\/\/www.youtube.com\/embed\/ZwFuI3Lcr8o?feature=oembed\" frameborder=\"0\" allow=\"accelerometer; autoplay; clipboard-write; encrypted-media; gyroscope; picture-in-picture; web-share\" referrerpolicy=\"strict-origin-when-cross-origin\" allowfullscreen><\/iframe><\/div>\n<\/div><\/figure>\n\n\n\n<p>Lama este caracterizat\u0103 prin <strong>cu o pant\u0103 japonez\u0103 asimetric\u0103<\/strong>, pentru t\u0103ieri precise, curate \u0219i control excelent. Pentisul str\u00e2ns asigur\u0103 rezisten\u021b\u0103, \u00een timp ce geometria de conicitate progresiv\u0103 \u00eenainte permite lucrul cu precizie.<\/p>\n\n\n\n<p>Caracteristica distinctiv\u0103 a acestui cu\u021bit este o\u021belul s\u0103u - Izumo Tamahagane.<\/p>\n\n\n\n<p>Spre deosebire de o\u021belurile moderne, Tamahagane este fabricat folosind un proces tradi\u021bional de topire numit tartru, \u00een care nisipul de fier este transformat \u00een o\u021bel de \u00eenalt\u0103 puritate prin \u00eenc\u0103lzirea intensiv\u0103 a c\u0103rbunelui pe o perioad\u0103 de c\u00e2teva zile. Aceast\u0103 metod\u0103 a fost p\u0103strat\u0103 timp de secole \u0219i r\u0103m\u00e2ne unul dintre cele mai pre\u021bioase situri de patrimoniu cultural din Japonia.<\/p>\n\n\n\n<p>Izumo Tamahagane este special deoarece este singurul Tamahagane certificat oficial fabricat \u00een Japonia \u00een prezent. Strict controlat \u00een prefectura Shimane, acest o\u021bel este recunoscut de Agen\u021bia Japonez\u0103 pentru Afaceri Culturale \u0219i este furnizat spadasinilor autoriza\u021bi pentru forjarea s\u0103biilor japoneze autentice (nihont\u014d). Fiecare lot este atent clasificat \u0219i documentat \u0219i, prin urmare, are o autenticitate cu care niciun alt tamahagane de pe pia\u021b\u0103 nu se poate l\u0103uda.<\/p>\n\n\n\n<p>Datorit\u0103 rarit\u0103\u021bii \u0219i certific\u0103rii lor, cu\u021bitele forjate din Izumo Tamahagan sunt extrem de greu de g\u0103sit. Ele combin\u0103 ascu\u021bimea legendar\u0103 \u0219i p\u0103strarea lamei acestui o\u021bel cu valoarea cultural\u0103 de a avea o bucat\u0103 de tradi\u021bie japonez\u0103 vie. Pentru colec\u021bionari \u0219i profesioni\u0219ti, nu este doar un instrument de t\u0103iere, ci \u0219i o leg\u0103tur\u0103 direct\u0103 cu arta sabiei samurailor.<\/p>\n\n\n\n<h4 class=\"wp-block-heading\"><strong>Specificatii:<\/strong><\/h4>\n\n\n\n<ul class=\"wp-block-list\">\n<li><strong>Model:<\/strong> Tsubaya Mioroshi Izuma<\/li>\n\n\n\n<li><strong>O\u0163el:<\/strong> Tamahagane (o\u021bel japonez tradi\u021bional)<\/li>\n\n\n\n<li><strong>Greutate:<\/strong> 227 g<\/li>\n\n\n\n<li><strong>Lungimea lamei:<\/strong> 189 mm<\/li>\n\n\n\n<li><strong>\u00cen\u0103l\u021bimea lamei:<\/strong> 42 mm<\/li>\n\n\n\n<li><strong>Lungimea total\u0103:<\/strong> 229 mm<\/li>\n\n\n\n<li><strong>Lungimea m\u00e2nerului:<\/strong> 133 mm<\/li>\n\n\n\n<li><strong>Grosimea lamei la m\u00e2ner:<\/strong> ~6 mm, se sub\u021biaz\u0103 treptat spre v\u00e2rf<\/li>\n\n\n\n<li><strong>Panta:<\/strong> asimetric (japonez\u0103 tradi\u021bional\u0103)<\/li>\n<\/ul>\n\n\n\n<h4 class=\"wp-block-heading\"><strong>Caracteristici:<\/strong><\/h4>\n\n\n\n<ul class=\"wp-block-list\">\n<li>Cu\u021bit japonez fabricat manual<\/li>\n\n\n\n<li>Echilibrul perfect \u00eentre putere \u0219i precizie<\/li>\n\n\n\n<li>Pentru profesioni\u0219ti \u0219i colec\u021bionari<\/li>\n\n\n\n<li>Design tradi\u021bional cu o estetic\u0103 japonez\u0103 original\u0103<\/li>\n<\/ul>\n\n\n\n<blockquote class=\"wp-block-quote is-layout-flow wp-block-quote-is-layout-flow\">\n<p><strong>Observa\u021bie:<\/strong> O\u021belul Tamahagane necesit\u0103 o \u00eengrijire corespunz\u0103toare - se recomand\u0103 uscarea cu\u021bitului dup\u0103 utilizare \u0219i depozitarea acestuia \u00eentr-un loc uscat. Pentru depozitarea pe termen lung, recomand\u0103m lubrifierea cu un lubrifiant non-toxic (Balistol, Camelia, etc.)<\/p>\n<\/blockquote>","protected":false},"excerpt":{"rendered":"<ul>\n<li>Model: Tsubaya Mioroshi Izuma<\/li>\n<li>O\u021bel: Tamahagane (o\u021bel japonez tradi\u021bional)<\/li>\n<li>Greutate: 227 g<\/li>\n<li>Lungimea lamei: 189 mm<\/li>\n<li>\u00cen\u0103l\u021bimea lamei: 42 mm<\/li>\n<li>Lungime total\u0103: 229 mm<\/li>\n<li>Lungimea m\u00e2nerului: 133 mm<\/li>\n<li>Grosimea lamei la m\u00e2ner: ~6 mm, se \u00eengusteaz\u0103 treptat spre v\u00e2rf<\/li>\n<li>Panta: asimetric\u0103 (japonez\u0103 tradi\u021bional\u0103)<\/li>\n<li>Jachet\u0103 din lemn pentru depozitare<\/li>\n<\/ul>","protected":false},"featured_media":5623,"comment_status":"closed","ping_status":"closed","template":"","meta":[],"product_brand":[],"product_cat":[24],"product_tag":[76,26],"class_list":{"0":"post-5622","1":"product","2":"type-product","3":"status-publish","4":"has-post-thumbnail","6":"product_cat-knifes","7":"product_tag-peilis","8":"product_tag-tamahagane","9":"product_shipping_class-iprastas","11":"first","12":"instock","13":"shipping-taxable","14":"purchasable","15":"product-type-simple"},"_links":{"self":[{"href":"https:\/\/jnats.eu\/ro\/wp-json\/wp\/v2\/product\/5622","targetHints":{"allow":["GET"]}}],"collection":[{"href":"https:\/\/jnats.eu\/ro\/wp-json\/wp\/v2\/product"}],"about":[{"href":"https:\/\/jnats.eu\/ro\/wp-json\/wp\/v2\/types\/product"}],"replies":[{"embeddable":true,"href":"https:\/\/jnats.eu\/ro\/wp-json\/wp\/v2\/comments?post=5622"}],"wp:featuredmedia":[{"embeddable":true,"href":"https:\/\/jnats.eu\/ro\/wp-json\/wp\/v2\/media\/5623"}],"wp:attachment":[{"href":"https:\/\/jnats.eu\/ro\/wp-json\/wp\/v2\/media?parent=5622"}],"wp:term":[{"taxonomy":"product_brand","embeddable":true,"href":"https:\/\/jnats.eu\/ro\/wp-json\/wp\/v2\/product_brand?post=5622"},{"taxonomy":"product_cat","embeddable":true,"href":"https:\/\/jnats.eu\/ro\/wp-json\/wp\/v2\/product_cat?post=5622"},{"taxonomy":"product_tag","embeddable":true,"href":"https:\/\/jnats.eu\/ro\/wp-json\/wp\/v2\/product_tag?post=5622"}],"curies":[{"name":"wp","href":"https:\/\/api.w.org\/{rel}","templated":true}]}}