{"id":5635,"date":"2026-01-18T10:59:59","date_gmt":"2026-01-18T08:59:59","guid":{"rendered":"https:\/\/jnats.eu\/?post_type=product&#038;p=5635"},"modified":"2026-03-16T12:07:13","modified_gmt":"2026-03-16T10:07:13","slug":"ueno-medium-japanese-sharpening-whetstone","status":"publish","type":"product","link":"https:\/\/jnats.eu\/ro\/product-2\/ueno-medium-japanese-sharpening-whetstone\/","title":{"rendered":"Piatr\u0103 de ascu\u021bit japonez\u0103 medie Ueno"},"content":{"rendered":"<p>Piatra de ascu\u021bit japonez\u0103 medie Ueno se refer\u0103 la o piatr\u0103 de ascu\u021bit japonez\u0103 natural\u0103 (toishi) din mina\/zona Ueno (probabil o traducere gre\u0219it\u0103 sau o variant\u0103 legat\u0103 de pietrele naturale din regiunea Kyoto\/Tamba). Acestea sunt pietre de ap\u0103 naturale tradi\u021bionale, adesea clasificate ca fiind de la medii la fine, \u00een intervalul aproximativ 800-2000 grit (sau p\u00e2n\u0103 la mid-grit, cum ar fi ~ 4k \u00een unele clasific\u0103ri pentru exemple mai dure upper-mid). Acestea sunt cunoscute pentru ob\u021binerea unui finisaj kasumi (tulbure\/nebulos) neted \u0219i detaliat pe lame, cu o reac\u021bie \u0219i o vitez\u0103 bune pentru pietrele naturale.<\/p>\n\n\n\n<figure class=\"wp-block-embed is-type-video is-provider-youtube wp-block-embed-youtube wp-embed-aspect-16-9 wp-has-aspect-ratio\"><div class=\"wp-block-embed__wrapper\">\n<div class=\"video-container\"><iframe title=\"Piatr\u0103 de ascu\u021bit japonez\u0103 medie Ueno\" width=\"1170\" height=\"658\" src=\"https:\/\/www.youtube.com\/embed\/_OVy3WMI61M?feature=oembed\" frameborder=\"0\" allow=\"accelerometer; autoplay; clipboard-write; encrypted-media; gyroscope; picture-in-picture; web-share\" referrerpolicy=\"strict-origin-when-cross-origin\" allowfullscreen><\/iframe><\/div>\n<\/div><\/figure>","protected":false},"excerpt":{"rendered":"<ul>\n<li>Potrivit pentru etapa medie de ascu\u021bire a briciurilor, cu\u021bitelor, foarfecelor, t\u00e2mpl\u0103riei \u0219i a altor unelte<\/li>\n<li>Dimensiuni aprox: 210x77x57 mm<\/li>\n<li>Greutate: 2270g<\/li>\n<li>Duritate: Lv 4.5<\/li>\n<li>Dou\u0103 jum\u0103t\u0103\u021bi plate \u0219i gata<span data-mce-type=\"bookmark\" style=\"display: inline-block; width: 0px; overflow: hidden; line-height: 0;\" class=\"mce_SELRES_start\"><\/span>.<\/li>\n<li>Aproximativ 800 grit<\/li>\n<\/ul>","protected":false},"featured_media":5637,"comment_status":"closed","ping_status":"closed","template":"","meta":[],"product_brand":[],"product_cat":[22],"product_tag":[300,377],"class_list":{"0":"post-5635","1":"product","2":"type-product","3":"status-publish","4":"has-post-thumbnail","6":"product_cat-jnats","7":"product_tag-medium","8":"product_tag-ueno","9":"product_shipping_class-iprastas","11":"first","12":"outofstock","13":"shipping-taxable","14":"purchasable","15":"product-type-simple"},"_links":{"self":[{"href":"https:\/\/jnats.eu\/ro\/wp-json\/wp\/v2\/product\/5635","targetHints":{"allow":["GET"]}}],"collection":[{"href":"https:\/\/jnats.eu\/ro\/wp-json\/wp\/v2\/product"}],"about":[{"href":"https:\/\/jnats.eu\/ro\/wp-json\/wp\/v2\/types\/product"}],"replies":[{"embeddable":true,"href":"https:\/\/jnats.eu\/ro\/wp-json\/wp\/v2\/comments?post=5635"}],"wp:featuredmedia":[{"embeddable":true,"href":"https:\/\/jnats.eu\/ro\/wp-json\/wp\/v2\/media\/5637"}],"wp:attachment":[{"href":"https:\/\/jnats.eu\/ro\/wp-json\/wp\/v2\/media?parent=5635"}],"wp:term":[{"taxonomy":"product_brand","embeddable":true,"href":"https:\/\/jnats.eu\/ro\/wp-json\/wp\/v2\/product_brand?post=5635"},{"taxonomy":"product_cat","embeddable":true,"href":"https:\/\/jnats.eu\/ro\/wp-json\/wp\/v2\/product_cat?post=5635"},{"taxonomy":"product_tag","embeddable":true,"href":"https:\/\/jnats.eu\/ro\/wp-json\/wp\/v2\/product_tag?post=5635"}],"curies":[{"name":"wp","href":"https:\/\/api.w.org\/{rel}","templated":true}]}}