{"id":5646,"date":"2026-01-20T12:48:55","date_gmt":"2026-01-20T10:48:55","guid":{"rendered":"https:\/\/jnats.eu\/?post_type=product&#038;p=5646"},"modified":"2026-02-02T08:14:50","modified_gmt":"2026-02-02T06:14:50","slug":"japoniski-naturalus-galandinimo-akmenys-razor-finishers-nakayama-ozuku","status":"publish","type":"product","link":"https:\/\/jnats.eu\/ro\/product-2\/japoniski-naturalus-galandinimo-akmenys-razor-finishers-nakayama-ozuku\/","title":{"rendered":"Pietre de ascu\u021bit naturale japoneze - finisaje pentru brici (Nakayama \/ Ozuku?)"},"content":{"rendered":"<p>Pietre de ascu\u021bit naturale japoneze pentru <strong>ascu\u021birea briciului<\/strong>. \u00cen termeni de structur\u0103, culoare \u0219i performan\u021b\u0103, pietrele <strong>foarte probabil din mina Nakayama<\/strong>, unul posibil <strong>Ozuku sau Nakayama<\/strong>.<\/p>\n\n\n\n<figure class=\"wp-block-embed is-type-video is-provider-youtube wp-block-embed-youtube wp-embed-aspect-16-9 wp-has-aspect-ratio\"><div class=\"wp-block-embed__wrapper\">\n<div class=\"video-container\"><iframe title=\"Finisaje japoneze Razor - Nakayama Kiita, 8 straturi \u0219i Mizu Asagi explicate\" width=\"1170\" height=\"658\" src=\"https:\/\/www.youtube.com\/embed\/xlqDqxcMVfg?feature=oembed\" frameborder=\"0\" allow=\"accelerometer; autoplay; clipboard-write; encrypted-media; gyroscope; picture-in-picture; web-share\" referrerpolicy=\"strict-origin-when-cross-origin\" allowfullscreen><\/iframe><\/div>\n<\/div><\/figure>\n\n\n\n<p>Toate pietrele sunt potrivite <strong>pentru lucr\u0103ri la nivel de finisare<\/strong> (mai mult de 10.000 de granule) pentru o t\u0103iere curat\u0103 \u0219i un b\u0103rbierit de \u00eenalt\u0103 calitate.<\/p>\n\n\n\n<h3 class=\"wp-block-heading\"><strong>Specifica\u021bii pentru pietre<\/strong><\/h3>\n\n\n\n<p><strong>Nr. 1 - Kiita<\/strong> (Nakayama?)<\/p>\n\n\n\n<ul class=\"wp-block-list\">\n<li>Dimensiuni: <strong>209 \u00d7 75 \u00d7 25 mm<\/strong><\/li>\n\n\n\n<li>Greutate: <strong>920 g<\/strong><\/li>\n\n\n\n<li>Duritate: <strong>Lv 4,5<\/strong><\/li>\n\n\n\n<li>Tip.<\/li>\n\n\n\n<li>Note: piatr\u0103 echilibrat\u0103, delicat\u0103, dar clar\u0103<\/li>\n<\/ul>\n\n\n\n<p><strong>Nr. 2 - Asagi (8 straturi)<\/strong> (Nakayama?)<\/p>\n\n\n\n<ul class=\"wp-block-list\">\n<li>Dimensiuni: <strong>200 \u00d7 71 \u00d7 29 mm<\/strong><\/li>\n\n\n\n<li>Greutate: <strong>950 g<\/strong><\/li>\n\n\n\n<li>Duritate: <strong>Lv 4:7<\/strong><\/li>\n\n\n\n<li>Observa\u021bii: defecte naturale minore \u00een col\u021buri, nu interfereaz\u0103 cu munca<\/li>\n<\/ul>\n\n\n\n<p><strong>Nr. 3 - Mizu Asagi<\/strong> (Nakayama sau Ozuku?)<\/p>\n\n\n\n<ul class=\"wp-block-list\">\n<li>Dimensiuni: <strong>194 \u00d7 72 \u00d7 25 mm<\/strong><\/li>\n\n\n\n<li>Greutate: <strong>900 g<\/strong><\/li>\n\n\n\n<li>Duritate: <strong>Lv 5<\/strong><\/li>\n\n\n\n<li>Tip:Mizu Asagi<\/li>\n\n\n\n<li>Note: finisor solid, t\u0103iere foarte curat\u0103 \u0219i precis\u0103<br><em>(posibil Ozuku sau Nakayama)<\/em><\/li>\n<\/ul>\n\n\n\n<hr class=\"wp-block-separator has-alpha-channel-opacity\"\/>\n\n\n\n<h3 class=\"wp-block-heading\"><strong>Caracteristici de lucru<\/strong><\/h3>\n\n\n\n<ul class=\"wp-block-list\">\n<li><strong>Pietre mai moi<\/strong> furnizate de <strong>un b\u0103rbierit mai moale \u0219i mai confortabil<\/strong><\/li>\n\n\n\n<li><strong>Pietre mai dure<\/strong> duoda <strong>o t\u0103iere mai agresiv\u0103, dar extrem de curat\u0103 \u0219i precis\u0103<\/strong><\/li>\n\n\n\n<li>Perfect pentru <strong>brici drept<\/strong>, kamisori \u0219i instrumente high-end<\/li>\n<\/ul>","protected":false},"excerpt":{"rendered":"<p data-start=\"753\" data-end=\"770\"><strong data-start=\"753\" data-end=\"770\">Nr. 1 - Kiita<\/strong><\/p>\n<ul data-start=\"771\" data-end=\"920\">\n<li data-start=\"771\" data-end=\"803\">\n<p data-start=\"773\" data-end=\"803\">Dimensiuni: <strong data-start=\"783\" data-end=\"803\">209 \u00d7 75 \u00d7 25 mm<\/strong><\/p>\n<\/li>\n<li data-start=\"804\" data-end=\"823\">\n<p data-start=\"806\" data-end=\"823\">Greutate: <strong data-start=\"814\" data-end=\"823\">920 g<\/strong><\/p>\n<\/li>\n<li data-start=\"824\" data-end=\"846\">\n<p data-start=\"826\" data-end=\"846\">Duritate: <strong data-start=\"836\" data-end=\"846\">Lv 4,5<\/strong><\/p>\n<\/li>\n<li data-start=\"847\" data-end=\"861\">\n<p data-start=\"849\" data-end=\"861\">Tip.<\/p>\n<\/li>\n<li data-start=\"862\" data-end=\"920\">\n<p data-start=\"864\" data-end=\"920\">Note: piatr\u0103 echilibrat\u0103, delicat\u0103, dar clar\u0103<\/p>\n<\/li>\n<\/ul>\n<p data-start=\"922\" data-end=\"953\"><strong data-start=\"922\" data-end=\"953\">Nr. 2 - Asagi (8 straturi)<\/strong><\/p>\n<ul data-start=\"954\" data-end=\"1128\">\n<li data-start=\"954\" data-end=\"986\">\n<p data-start=\"956\" data-end=\"986\">Dimensiuni: <strong data-start=\"966\" data-end=\"986\">200 \u00d7 71 \u00d7 29 mm<\/strong><\/p>\n<\/li>\n<li data-start=\"987\" data-end=\"1006\">\n<p data-start=\"989\" data-end=\"1006\">Greutate: <strong data-start=\"997\" data-end=\"1006\">950 g<\/strong><\/p>\n<\/li>\n<li data-start=\"1007\" data-end=\"1029\">\n<p data-start=\"1009\" data-end=\"1029\">Duritate: <strong data-start=\"1019\" data-end=\"1029\">Lv 4:7<\/strong><\/p>\n<\/li>\n<li data-start=\"1030\" data-end=\"1055\">\n<p data-start=\"1032\" data-end=\"1055\">Structur\u0103: 8 straturi<\/p>\n<\/li>\n<li data-start=\"1056\" data-end=\"1128\">\n<p data-start=\"1058\" data-end=\"1128\">Observa\u021bii: defecte naturale minore \u00een col\u021buri, nu interfereaz\u0103 cu munca<\/p>\n<\/li>\n<\/ul>\n<p data-start=\"1130\" data-end=\"1152\"><strong data-start=\"1130\" data-end=\"1152\">Nr. 3 - Mizu Asagi<\/strong><\/p>\n<ul data-start=\"1153\" data-end=\"1342\">\n<li data-start=\"1153\" data-end=\"1185\">\n<p data-start=\"1155\" data-end=\"1185\">Dimensiuni: <strong data-start=\"1165\" data-end=\"1185\">194 \u00d7 72 \u00d7 25 mm<\/strong><\/p>\n<\/li>\n<li data-start=\"1186\" data-end=\"1205\">\n<p data-start=\"1188\" data-end=\"1205\">Greutate: <strong data-start=\"1196\" data-end=\"1205\">900 g<\/strong><\/p>\n<\/li>\n<li data-start=\"1206\" data-end=\"1226\">\n<p data-start=\"1208\" data-end=\"1226\">Duritate: <strong data-start=\"1218\" data-end=\"1226\">Lv 5<\/strong><\/p>\n<\/li>\n<li data-start=\"1227\" data-end=\"1246\">\n<p data-start=\"1229\" data-end=\"1246\">Tip:Mizu Asagi<\/p>\n<\/li>\n<li data-start=\"1247\" data-end=\"1342\">\n<p data-start=\"1249\" data-end=\"1342\">Note: finisor solid, t\u0103iere foarte curat\u0103 \u0219i precis\u0103<br data-start=\"1306\" data-end=\"1309\" \/><em data-start=\"1311\" data-end=\"1342\">(posibil Ozuku sau Nakayama)<\/em><\/p>\n<\/li>\n<\/ul>\n<hr data-start=\"1344\" data-end=\"1347\" \/>\n<h3 data-start=\"1349\" data-end=\"1373\"><strong data-start=\"1353\" data-end=\"1373\">Caracteristici de lucru<\/strong><\/h3>\n<ul data-start=\"1374\" data-end=\"1595\">\n<li data-start=\"1374\" data-end=\"1445\">\n<p data-start=\"1376\" data-end=\"1445\"><strong data-start=\"1376\" data-end=\"1398\">Pietre mai moi<\/strong> furnizate de <strong data-start=\"1408\" data-end=\"1445\">un b\u0103rbierit mai moale \u0219i mai confortabil<\/strong><\/p>\n<\/li>\n<li data-start=\"1446\" data-end=\"1522\">\n<p data-start=\"1448\" data-end=\"1522\"><strong data-start=\"1448\" data-end=\"1468\">Pietre mai dure<\/strong> duoda <strong data-start=\"1475\" data-end=\"1522\">o t\u0103iere mai agresiv\u0103, dar extrem de curat\u0103 \u0219i precis\u0103<\/strong><\/p>\n<\/li>\n<li data-start=\"1523\" data-end=\"1595\">\n<p data-start=\"1525\" data-end=\"1595\">Perfect pentru <strong data-start=\"1539\" data-end=\"1557\">brici drept<\/strong>, kamisori \u0219i instrumente high-end<\/p>\n<\/li>\n<\/ul>","protected":false},"featured_media":5660,"comment_status":"closed","ping_status":"closed","template":"","meta":[],"product_brand":[],"product_cat":[22],"product_tag":[49,66],"class_list":{"0":"post-5646","1":"product","2":"type-product","3":"status-publish","4":"has-post-thumbnail","6":"product_cat-jnats","7":"product_tag-nakayama","8":"product_tag-ozuku","9":"product_shipping_class-iprastas","11":"first","12":"instock","13":"shipping-taxable","14":"purchasable","15":"product-type-variable"},"_links":{"self":[{"href":"https:\/\/jnats.eu\/ro\/wp-json\/wp\/v2\/product\/5646","targetHints":{"allow":["GET"]}}],"collection":[{"href":"https:\/\/jnats.eu\/ro\/wp-json\/wp\/v2\/product"}],"about":[{"href":"https:\/\/jnats.eu\/ro\/wp-json\/wp\/v2\/types\/product"}],"replies":[{"embeddable":true,"href":"https:\/\/jnats.eu\/ro\/wp-json\/wp\/v2\/comments?post=5646"}],"wp:featuredmedia":[{"embeddable":true,"href":"https:\/\/jnats.eu\/ro\/wp-json\/wp\/v2\/media\/5660"}],"wp:attachment":[{"href":"https:\/\/jnats.eu\/ro\/wp-json\/wp\/v2\/media?parent=5646"}],"wp:term":[{"taxonomy":"product_brand","embeddable":true,"href":"https:\/\/jnats.eu\/ro\/wp-json\/wp\/v2\/product_brand?post=5646"},{"taxonomy":"product_cat","embeddable":true,"href":"https:\/\/jnats.eu\/ro\/wp-json\/wp\/v2\/product_cat?post=5646"},{"taxonomy":"product_tag","embeddable":true,"href":"https:\/\/jnats.eu\/ro\/wp-json\/wp\/v2\/product_tag?post=5646"}],"curies":[{"name":"wp","href":"https:\/\/api.w.org\/{rel}","templated":true}]}}