{"id":5698,"date":"2026-01-31T11:09:13","date_gmt":"2026-01-31T09:09:13","guid":{"rendered":"https:\/\/jnats.eu\/?post_type=product&#038;p=5698"},"modified":"2026-01-31T19:37:30","modified_gmt":"2026-01-31T17:37:30","slug":"vintazinis-belgiskas-coticule-akmuo","status":"publish","type":"product","link":"https:\/\/jnats.eu\/ro\/product-2\/vintazinis-belgiskas-coticule-akmuo\/","title":{"rendered":"Vintage Belgian Coticule Stone"},"content":{"rendered":"<p>Belgian de epoc\u0103 <strong>Coticule<\/strong> - O piatr\u0103 de \u0219lefuit natural\u0103 clasic\u0103, apreciat\u0103 pentru granula\u021bia sa excep\u021bional\u0103 \u0219i senza\u021bia sa m\u0103t\u0103soas\u0103. Ideal\u0103 pentru <strong>pentru finisarea cu\u021bitelor<\/strong>, o <strong>britvoms<\/strong> - la fel de \u00eenalt\u0103 calitate <strong>prefinisare<\/strong> etapa dinaintea lustruirii finale.<\/p>\n\n\n\n<p>Piatra are o \u00eendep\u0103rtare foarte bl\u00e2nd\u0103, dar eficient\u0103 a metalului, permi\u021b\u00e2nd o margine curat\u0103, controlat\u0103, f\u0103r\u0103 microzg\u00e2rieturi agresive. Perfect compatibil\u0103 cu <strong>suspend\u0103ri<\/strong> utilaje, dar pute\u021bi lucra \u0219i curate.<\/p>\n\n\n\n<p>Poate fi utilizat at\u00e2t cu <strong>ap\u0103<\/strong>, ambele cu <strong>tepalu<\/strong>, \u00een func\u021bie de viteza dorit\u0103 \u0219i de natura finisajului.<\/p>\n\n\n\n<figure class=\"wp-block-embed is-type-video is-provider-youtube wp-block-embed-youtube wp-embed-aspect-16-9 wp-has-aspect-ratio\"><div class=\"wp-block-embed__wrapper\">\n<div class=\"video-container\"><iframe title=\"Vintage vs Ardennes Coticule: Slurry vs Water pe un aparat de ras Daishi Tamahagane\" width=\"1170\" height=\"658\" src=\"https:\/\/www.youtube.com\/embed\/YiR2gv1Xe2A?start=641&#038;feature=oembed\" frameborder=\"0\" allow=\"accelerometer; autoplay; clipboard-write; encrypted-media; gyroscope; picture-in-picture; web-share\" referrerpolicy=\"strict-origin-when-cross-origin\" allowfullscreen><\/iframe><\/div>\n<\/div><\/figure>\n\n\n\n<p>Greutate cu cutie - <strong>680 g<\/strong><br>Dimensiuni: <strong>203 \u00d7 47 \u00d7 8 (deasupra cutiei) mm<\/strong><\/p>","protected":false},"excerpt":{"rendered":"<p>Poate fi utilizat cu ap\u0103 sau cu unsoare, \u00een func\u021bie de viteza \u0219i finisajul dorit.<\/p>\n<p>Liniile sunt sigure. Are un miros uleios.<\/p>\n<ul>\n<li>Greutate cu cutie inclus\u0103 - 680 g<\/li>\n<li>Dimensiuni: 203 \u00d7 47 \u00d7 8 (deasupra cutiei) mm<\/li>\n<\/ul>","protected":false},"featured_media":5704,"comment_status":"closed","ping_status":"closed","template":"","meta":[],"product_brand":[],"product_cat":[22],"product_tag":[378],"class_list":{"0":"post-5698","1":"product","2":"type-product","3":"status-publish","4":"has-post-thumbnail","6":"product_cat-jnats","7":"product_tag-coticule","8":"product_shipping_class-iprastas","10":"first","11":"outofstock","12":"shipping-taxable","13":"purchasable","14":"product-type-simple"},"_links":{"self":[{"href":"https:\/\/jnats.eu\/ro\/wp-json\/wp\/v2\/product\/5698","targetHints":{"allow":["GET"]}}],"collection":[{"href":"https:\/\/jnats.eu\/ro\/wp-json\/wp\/v2\/product"}],"about":[{"href":"https:\/\/jnats.eu\/ro\/wp-json\/wp\/v2\/types\/product"}],"replies":[{"embeddable":true,"href":"https:\/\/jnats.eu\/ro\/wp-json\/wp\/v2\/comments?post=5698"}],"wp:featuredmedia":[{"embeddable":true,"href":"https:\/\/jnats.eu\/ro\/wp-json\/wp\/v2\/media\/5704"}],"wp:attachment":[{"href":"https:\/\/jnats.eu\/ro\/wp-json\/wp\/v2\/media?parent=5698"}],"wp:term":[{"taxonomy":"product_brand","embeddable":true,"href":"https:\/\/jnats.eu\/ro\/wp-json\/wp\/v2\/product_brand?post=5698"},{"taxonomy":"product_cat","embeddable":true,"href":"https:\/\/jnats.eu\/ro\/wp-json\/wp\/v2\/product_cat?post=5698"},{"taxonomy":"product_tag","embeddable":true,"href":"https:\/\/jnats.eu\/ro\/wp-json\/wp\/v2\/product_tag?post=5698"}],"curies":[{"name":"wp","href":"https:\/\/api.w.org\/{rel}","templated":true}]}}