{"id":5715,"date":"2026-02-03T12:44:39","date_gmt":"2026-02-03T10:44:39","guid":{"rendered":"https:\/\/jnats.eu\/?post_type=product&#038;p=5715"},"modified":"2026-02-17T11:07:57","modified_gmt":"2026-02-17T09:07:57","slug":"dorko-solingen-no-3739-85-solingen-172-de-luxe-vintaziniai-vokiski-skustuvai-nos","status":"publish","type":"product","link":"https:\/\/jnats.eu\/ro\/product-2\/dorko-solingen-no-3739-85-solingen-172-de-luxe-vintaziniai-vokiski-skustuvai-nos\/","title":{"rendered":"Dorko Solingen No. 3739\/85 Solingen 172 De Luxe - aparate de ras germane de epoc\u0103 (NOS)"},"content":{"rendered":"<figure class=\"wp-block-embed is-type-video is-provider-youtube wp-block-embed-youtube wp-embed-aspect-9-16 wp-has-aspect-ratio\"><div class=\"wp-block-embed__wrapper\">\n<div class=\"video-container\"><iframe title=\"Aparate de ras drepte DORKO Solingen - NOS De Luxe (anii 1950)\" width=\"563\" height=\"1000\" src=\"https:\/\/www.youtube.com\/embed\/ZNubipgIW04?feature=oembed\" frameborder=\"0\" allow=\"accelerometer; autoplay; clipboard-write; encrypted-media; gyroscope; picture-in-picture; web-share\" referrerpolicy=\"strict-origin-when-cross-origin\" allowfullscreen><\/iframe><\/div>\n<\/div><\/figure>\n\n\n\n<p>N<strong>vintage folosit (NOS - New Old Stock)<\/strong> Aparate de ras germane <strong>Dorko Solingen nr. 3739\/85 Inox-Inox<\/strong> \u0219i <strong>Solingen 172 De Luxe<\/strong>, produs <strong>la mijlocul secolului trecut<\/strong>, \u00een legendara regiune Solingen.<\/p>\n\n\n\n<p>De\u0219i aparatele de ras sub aceast\u0103 marc\u0103 sunt fabricate \u0219i ast\u0103zi, <strong>Dorcas Vintage sunt semnificativ superioare omologilor lor moderni \u00een ceea ce prive\u0219te calitatea tratamentului termic \u0219i mecanic<\/strong>. Acestea sunt produse ale unei perioade \u00een care accentul se punea pe durabilitate \u0219i precizie.<\/p>\n\n\n\n<p>M\u00e2nerele sunt realizate din plastic sintetic de epoc\u0103 de \u00eenalt\u0103 calitate (bachelit\u0103 \/ stil filde\u0219) folosit de me\u0219terii din Solingen la mijlocul secolului al XX-lea. Stabile, f\u0103r\u0103 fisuri sau deform\u0103ri, cu embleme originale Dorko.<\/p>\n\n\n\n<p>Aparatele de ras au <strong>semnele naturale ale timpului<\/strong>, tipic pentru starea NOS, totu\u0219i:<\/p>\n\n\n\n<ul class=\"wp-block-list\">\n<li><strong>lama este complet intact\u0103<\/strong>,<\/li>\n\n\n\n<li><strong>Ascu\u021birea \u0219i utilizarea nu vor fi o problem\u0103<\/strong>,<\/li>\n\n\n\n<li><strong>mecanic\u0103 \u0219i geometrie \u00een stare perfect\u0103<\/strong>.<\/li>\n<\/ul>\n\n\n\n<p>Alegerea perfect\u0103 at\u00e2t pentru <strong>pentru utilizare la<\/strong>, ambele <strong>pentru colectarea<\/strong>.<\/p>\n\n\n\n<p>V\u0103 recomand\u0103m <strong>examina\u021bi cu aten\u021bie fotografiile \u0219i \u00eenregistr\u0103rile video<\/strong>, care sunt o parte important\u0103 a descrierii produsului.<\/p>\n\n\n\n<h3 class=\"wp-block-heading\">Date tehnice:<\/h3>\n\n\n\n<ul class=\"wp-block-list\">\n<li><strong>Dimensiunile lamei:<\/strong> 75 \u00d7 20 \u00d7 5 mm<\/li>\n\n\n\n<li><strong>Greutate:<\/strong>\n<ul class=\"wp-block-list\">\n<li>52 g - cu <strong>cu o inscrip\u021bie aurit\u0103 pe fundal<\/strong><\/li>\n\n\n\n<li>50 g - versiune standard<\/li>\n<\/ul>\n<\/li>\n<\/ul>","protected":false},"excerpt":{"rendered":"<p>Aparate de ras germane de epoc\u0103 neutilizate NOS (New old stock) Dorko Solingen nr. 3739\/85 Stainless-Inox Solingen 172 De Luxe. Fabricat la mijlocul secolului trecut. \u00cenc\u0103 fabricate sub aceast\u0103 marc\u0103, dar inferioare celor vintage \u00een ceea ce prive\u0219te calitatea tratamentului termic \u0219i mecanic. M\u00e2nerele sunt realizate din plastic sintetic vintage de \u00eenalt\u0103 calitate (bachelit\u0103 \/ stil filde\u0219) folosit de me\u0219terii Solingen la mijlocul secolului al XX-lea. Stabile, f\u0103r\u0103 fisuri sau deform\u0103ri, cu embleme originale Dorko. Exist\u0103 semne ale timpului, dar toate lamele sunt complet intacte, astfel \u00eenc\u00e2t ascu\u021birea \u0219i utilizarea nu vor fi o problem\u0103. Mecanica \u0219i geometria sunt perfecte. V\u0103 rug\u0103m s\u0103 v\u0103 uita\u021bi cu aten\u021bie la fotografii \u0219i video.<\/p>\n<ol>\n<li>Dimensiunile lamei 75x20x5 mm. Greutate 52 g. (fond aurit)<\/li>\n<li>Dimensiunile lamei 75x20x5 mm. Greutate 50 g.<\/li>\n<\/ol>\n<p><strong>Dac\u0103 nu vede\u021bi articolul \u00een lista derulant\u0103, \u00eenseamn\u0103 c\u0103 este v\u00e2ndut.\u00a0<\/strong><\/p>","protected":false},"featured_media":5749,"comment_status":"closed","ping_status":"closed","template":"","meta":[],"product_brand":[],"product_cat":[23],"product_tag":[379,55],"class_list":{"0":"post-5715","1":"product","2":"type-product","3":"status-publish","4":"has-post-thumbnail","6":"product_cat-razors","7":"product_tag-dorko","8":"product_tag-nos","9":"product_shipping_class-light","11":"first","12":"instock","13":"shipping-taxable","14":"purchasable","15":"product-type-variable"},"_links":{"self":[{"href":"https:\/\/jnats.eu\/ro\/wp-json\/wp\/v2\/product\/5715","targetHints":{"allow":["GET"]}}],"collection":[{"href":"https:\/\/jnats.eu\/ro\/wp-json\/wp\/v2\/product"}],"about":[{"href":"https:\/\/jnats.eu\/ro\/wp-json\/wp\/v2\/types\/product"}],"replies":[{"embeddable":true,"href":"https:\/\/jnats.eu\/ro\/wp-json\/wp\/v2\/comments?post=5715"}],"wp:featuredmedia":[{"embeddable":true,"href":"https:\/\/jnats.eu\/ro\/wp-json\/wp\/v2\/media\/5749"}],"wp:attachment":[{"href":"https:\/\/jnats.eu\/ro\/wp-json\/wp\/v2\/media?parent=5715"}],"wp:term":[{"taxonomy":"product_brand","embeddable":true,"href":"https:\/\/jnats.eu\/ro\/wp-json\/wp\/v2\/product_brand?post=5715"},{"taxonomy":"product_cat","embeddable":true,"href":"https:\/\/jnats.eu\/ro\/wp-json\/wp\/v2\/product_cat?post=5715"},{"taxonomy":"product_tag","embeddable":true,"href":"https:\/\/jnats.eu\/ro\/wp-json\/wp\/v2\/product_tag?post=5715"}],"curies":[{"name":"wp","href":"https:\/\/api.w.org\/{rel}","templated":true}]}}