{"id":578,"date":"2024-03-08T11:00:57","date_gmt":"2024-03-08T09:00:57","guid":{"rendered":"http:\/\/jnats.eu\/?post_type=product&#038;p=578"},"modified":"2024-05-16T14:43:36","modified_gmt":"2024-05-16T11:43:36","slug":"naudotas-angliskas-vintazinis-skustuvas-wadebutcher-sheffield","status":"publish","type":"product","link":"https:\/\/jnats.eu\/ro\/product-2\/naudotas-angliskas-vintazinis-skustuvas-wadebutcher-sheffield\/","title":{"rendered":"Razor englezesc Vintage folosit Wade&amp;Butcher Sheffield"},"content":{"rendered":"<p>Razor englezesc Vintage folosit Wade&amp;Butcher Sheffield<\/p>\n\n\n\n<p>Briciul vintage Wade &amp; Butcher este o pies\u0103 foarte apreciat\u0103 \u0219i c\u0103utat\u0103 printre colec\u021bionari \u0219i pasiona\u021bii de b\u0103rbierit. Wade &amp; Butcher a fost o companie englez\u0103 proeminent\u0103 de tac\u00e2muri care a func\u021bionat de la \u00eenceputul secolului al XIX-lea p\u00e2n\u0103 la mijlocul secolului al XX-lea. Erau renumi\u021bi pentru producerea de aparate de ras drepte de \u00eenalt\u0103 calitate, printre alte articole de tac\u00e2muri.<\/p>\n\n\n\n<p>Iat\u0103 o descriere general\u0103 a aparatului de ras vintage Wade &amp; Butcher:<\/p>\n\n\n\n<ol class=\"wp-block-list\">\n<li><strong>Material<\/strong>: De obicei, aceste aparate de ras sunt fabricate din o\u021bel carbon de \u00eenalt\u0103 calitate, care a fost materialul standard pentru aparatele de ras drepte \u00een perioada lor de glorie.<\/li>\n\n\n\n<li><strong>Proiecta<\/strong>: ma\u0219inile de ras Wade &amp; Butcher prezint\u0103 adesea modele elegante \u0219i complicate pe lam\u0103, m\u00e2nere \u0219i curele. Lamele sunt de obicei forjate cu precizie \u0219i pot purta sigla sau marcajele companiei, indic\u00e2nd autenticitatea lor.<\/li>\n\n\n\n<li><strong>Dimensiune<\/strong>: aparatele de ras Vintage Wade &amp; Butcher sunt disponibile \u00een diferite dimensiuni, inclusiv l\u0103\u021bimi de 5\/8\u2033, 6\/8\u2033 \u0219i 7\/8\u2033. M\u0103rimea se refer\u0103 la l\u0103\u021bimea lamei.<\/li>\n\n\n\n<li><strong>M\u00e2ner<\/strong>: M\u00e2nerul unui aparat de ras Wade &amp; Butcher poate varia ca material \u0219i design. Unele m\u00e2nere sunt realizate din celuloid de \u00eenalt\u0103 calitate, filde\u0219 sau corn, \u00een timp ce altele pot prezenta modele complicate sculptate \u00een materiale precum os sau lemn.<\/li>\n\n\n\n<li><strong>Stare<\/strong>: Starea unui aparat de ras vintage Wade &amp; Butcher poate varia in functie de varsta si utilizare. Unele aparate de ras pot prezenta semne de uzura si patina, in timp ce altele au fost restaurate meticulos de catre colectionari sau profesionisti.<\/li>\n\n\n\n<li><strong>Colectabilitate<\/strong>: Datorit\u0103 semnifica\u021biei lor istorice \u0219i a reputa\u021biei de m\u0103iestrie, aparatele de ras de epoc\u0103 Wade &amp; Butcher sunt obiecte de colec\u021bie. Colec\u021bionarii caut\u0103 adesea aparate de ras \u00een stare bun\u0103, cu lamele \u0219i m\u00e2nerele intacte.<\/li>\n\n\n\n<li><strong>Utilizare<\/strong>: \u00cen timp ce mul\u021bi colec\u021bionari achizi\u021bioneaz\u0103 aparate de ras Wade &amp; Butcher \u00een scopuri de expunere, unii entuzia\u0219ti se bucur\u0103 \u0219i de a le folosi pentru b\u0103rbierit umed tradi\u021bional. Cu \u00eentre\u021binerea \u0219i \u0219lefuirea corespunz\u0103toare, aceste aparate de ras vintage pot oferi \u00een continuare o experien\u021b\u0103 de b\u0103rbierit excelent\u0103.<\/li>\n<\/ol>\n\n\n\n<p>\u00cen general, aparatul de ras vintage Wade &amp; Butcher nu este doar un instrument func\u021bional de \u00eengrijire, ci \u0219i o bucat\u0103 de istorie care reflect\u0103 m\u0103iestria \u0219i mo\u0219tenirea instrumentelor tradi\u021bionale de b\u0103rbierit.<\/p>","protected":false},"excerpt":{"rendered":"<p>Razor englezesc Vintage folosit Wade&amp;Butcher Sheffield<\/p>\n<ul>\n<li>Lungimea lamei 70 mm<\/li>\n<li>Inaltimea lamei 19 mm<\/li>\n<li>Lungime totala 160 mm<\/li>\n<\/ul>","protected":false},"featured_media":1012,"comment_status":"open","ping_status":"closed","template":"","meta":[],"product_brand":[],"product_cat":[23],"product_tag":[138],"class_list":{"0":"post-578","1":"product","2":"type-product","3":"status-publish","4":"has-post-thumbnail","6":"product_cat-razors","7":"product_tag-wadebutcher","8":"product_shipping_class-light","10":"first","11":"outofstock","12":"sale","13":"shipping-taxable","14":"purchasable","15":"product-type-simple"},"_links":{"self":[{"href":"https:\/\/jnats.eu\/ro\/wp-json\/wp\/v2\/product\/578","targetHints":{"allow":["GET"]}}],"collection":[{"href":"https:\/\/jnats.eu\/ro\/wp-json\/wp\/v2\/product"}],"about":[{"href":"https:\/\/jnats.eu\/ro\/wp-json\/wp\/v2\/types\/product"}],"replies":[{"embeddable":true,"href":"https:\/\/jnats.eu\/ro\/wp-json\/wp\/v2\/comments?post=578"}],"wp:featuredmedia":[{"embeddable":true,"href":"https:\/\/jnats.eu\/ro\/wp-json\/wp\/v2\/media\/1012"}],"wp:attachment":[{"href":"https:\/\/jnats.eu\/ro\/wp-json\/wp\/v2\/media?parent=578"}],"wp:term":[{"taxonomy":"product_brand","embeddable":true,"href":"https:\/\/jnats.eu\/ro\/wp-json\/wp\/v2\/product_brand?post=578"},{"taxonomy":"product_cat","embeddable":true,"href":"https:\/\/jnats.eu\/ro\/wp-json\/wp\/v2\/product_cat?post=578"},{"taxonomy":"product_tag","embeddable":true,"href":"https:\/\/jnats.eu\/ro\/wp-json\/wp\/v2\/product_tag?post=578"}],"curies":[{"name":"wp","href":"https:\/\/api.w.org\/{rel}","templated":true}]}}