{"id":5784,"date":"2026-03-04T10:24:19","date_gmt":"2026-03-04T08:24:19","guid":{"rendered":"https:\/\/jnats.eu\/?post_type=product&#038;p=5784"},"modified":"2026-04-16T09:34:34","modified_gmt":"2026-04-16T06:34:34","slug":"vintage-razor-strops-pigeon-llama-shell-cordovan","status":"publish","type":"product","link":"https:\/\/jnats.eu\/ro\/product-2\/vintage-razor-strops-pigeon-llama-shell-cordovan\/","title":{"rendered":"Vintage Razor Strops - Pigeon &amp; LLAMA (Shell Cordovan)"},"content":{"rendered":"<p>Dou\u0103 lame de ras clasice concepute pentru men\u021binerea ascu\u021bimii briciurilor drepte.<\/p>\n\n\n\n<p><strong>1. Pigeon Brand de \u00eenalt\u0103 calitate TOyo Razor Plafon 6000<\/strong><br>Produc\u0103tor: <strong>Hashimoto Riki Co. Ltd (Japonia)<\/strong>.<br>Perie de ras tradi\u021bional\u0103 utilizat\u0103 pentru a men\u021bine \u0219i a rafina muchia unui aparat de ras drept.<\/p>\n\n\n\n<p><strong>2. LLAMA Brand Genuine Shell 440 Rex Razor Ceiling<\/strong><br>Un plafon clasic realizat cu <strong>piele natural\u0103 de cordovan<\/strong>, cunoscut pentru suprafa\u021ba sa neted\u0103 \u0219i propriet\u0103\u021bile excelente de frecare.<\/p>\n\n\n\n<p>C\u00e2nd v\u0103 b\u0103rbieri\u021bi cu un aparat de ras drept, lama \u00ee\u0219i pierde treptat ascu\u021bimea. Frecarea pe piele ajut\u0103 la realinierea \u0219i re\u00eemprosp\u0103tarea t\u0103i\u0219ului \u00eentre ascu\u021bituri.<\/p>\n\n\n\n<p>De obicei, un <strong>plafon de lenjerie<\/strong> (nu este inclus aici) se utilizeaz\u0103 mai \u00eent\u00e2i dac\u0103 lama este mai tocit\u0103 sau dup\u0103 ascu\u021birea pe pietre pentru a \u00eendep\u0103rta particulele metalice microscopice de pe margine \u00eenainte de finisarea pe piele.<\/p>\n\n\n\n<figure class=\"wp-block-embed is-type-video is-provider-youtube wp-block-embed-youtube wp-embed-aspect-16-9 wp-has-aspect-ratio\"><div class=\"wp-block-embed__wrapper\">\n<div class=\"video-container\"><iframe title=\"Vintage Razor Strops - Pigeon &amp; LLAMA (Shell Cordovan)\" width=\"1170\" height=\"658\" src=\"https:\/\/www.youtube.com\/embed\/q5TKCe55ioY?feature=oembed\" frameborder=\"0\" allow=\"accelerometer; autoplay; clipboard-write; encrypted-media; gyroscope; picture-in-picture; web-share\" referrerpolicy=\"strict-origin-when-cross-origin\" allowfullscreen><\/iframe><\/div>\n<\/div><\/figure>\n\n\n\n<p><strong>Mod de utilizare:<\/strong><br>Ag\u0103\u021ba\u021bi un cap\u0103t al c\u00e2rligului \u0219i \u021bine\u021bi ferm cel\u0103lalt cap\u0103t pentru a men\u021bine pielea str\u00e2ns\u0103 \u00een timp ce c\u00e2rpi\u021bi.<\/p>\n\n\n\n<p><strong>Construc\u021bie:<\/strong><br>Chingile constau din <strong>dou\u0103 straturi de piele<\/strong>:<\/p>\n\n\n\n<ul class=\"wp-block-list\">\n<li>Stratul superior - de lucru <strong>piele de cal coaj\u0103 cordovan<\/strong><\/li>\n\n\n\n<li>Stratul inferior - un strat de sus\u021binere realizat dintr-o piele mai economic\u0103.<\/li>\n<\/ul>\n\n\n\n<p><strong>Stare:<\/strong><br>Ambele praguri sunt <strong>folosit, dar \u00een stare bun\u0103<\/strong>, cu doar <strong>r\u0103suciri minore \u0219i zg\u00e2rieturi superficiale u\u0219oare<\/strong> de la utilizarea normal\u0103.<\/p>","protected":false},"excerpt":{"rendered":"<ol>\n<li>Pigeon Brand de \u00eenalt\u0103 calitate Toyo Razor Plafon 6000 Hashimoto Riki Co. ltd. <strong>Dimensiuni: 600x62x3 mm<\/strong><\/li>\n<li>Marca LLAMA Reg. Trd. Mark Genuine Shell 440 Rex Razor strop. <strong>Dimensiuni: 430x62x2 mm<\/strong><\/li>\n<\/ol>\n<p><strong data-start=\"1225\" data-end=\"1239\">Stare: <\/strong>Ambele praguri sunt <strong data-start=\"1258\" data-end=\"1288\">folosit, dar \u00een stare bun\u0103<\/strong>, cu doar <strong data-start=\"1300\" data-end=\"1344\">r\u0103suciri minore \u0219i zg\u00e2rieturi superficiale u\u0219oare<\/strong> de la utilizarea normal\u0103.<\/p>","protected":false},"featured_media":5788,"comment_status":"closed","ping_status":"closed","template":"","meta":[],"product_brand":[],"product_cat":[22],"product_tag":[380,381,293],"class_list":{"0":"post-5784","1":"product","2":"type-product","3":"status-publish","4":"has-post-thumbnail","6":"product_cat-jnats","7":"product_tag-llama","8":"product_tag-pigeon","9":"product_tag-strop","10":"product_shipping_class-iprastas","12":"first","13":"outofstock","14":"shipping-taxable","15":"product-type-variable"},"_links":{"self":[{"href":"https:\/\/jnats.eu\/ro\/wp-json\/wp\/v2\/product\/5784","targetHints":{"allow":["GET"]}}],"collection":[{"href":"https:\/\/jnats.eu\/ro\/wp-json\/wp\/v2\/product"}],"about":[{"href":"https:\/\/jnats.eu\/ro\/wp-json\/wp\/v2\/types\/product"}],"replies":[{"embeddable":true,"href":"https:\/\/jnats.eu\/ro\/wp-json\/wp\/v2\/comments?post=5784"}],"wp:featuredmedia":[{"embeddable":true,"href":"https:\/\/jnats.eu\/ro\/wp-json\/wp\/v2\/media\/5788"}],"wp:attachment":[{"href":"https:\/\/jnats.eu\/ro\/wp-json\/wp\/v2\/media?parent=5784"}],"wp:term":[{"taxonomy":"product_brand","embeddable":true,"href":"https:\/\/jnats.eu\/ro\/wp-json\/wp\/v2\/product_brand?post=5784"},{"taxonomy":"product_cat","embeddable":true,"href":"https:\/\/jnats.eu\/ro\/wp-json\/wp\/v2\/product_cat?post=5784"},{"taxonomy":"product_tag","embeddable":true,"href":"https:\/\/jnats.eu\/ro\/wp-json\/wp\/v2\/product_tag?post=5784"}],"curies":[{"name":"wp","href":"https:\/\/api.w.org\/{rel}","templated":true}]}}