{"id":5846,"date":"2026-03-17T08:56:53","date_gmt":"2026-03-17T06:56:53","guid":{"rendered":"https:\/\/jnats.eu\/?post_type=product&#038;p=5846"},"modified":"2026-03-17T08:56:55","modified_gmt":"2026-03-17T06:56:55","slug":"nishhoyama-suita-naturalus-japoniskas-galandimo-akmuo","status":"publish","type":"product","link":"https:\/\/jnats.eu\/ro\/product-2\/nishhoyama-suita-naturalus-japoniskas-galandimo-akmuo\/","title":{"rendered":"Nishhoyama Suita - piatr\u0103 natural\u0103 japonez\u0103 de ascu\u021bit"},"content":{"rendered":"<figure class=\"wp-block-embed is-type-video is-provider-youtube wp-block-embed-youtube wp-embed-aspect-16-9 wp-has-aspect-ratio\"><div class=\"wp-block-embed__wrapper\">\n<div class=\"video-container\"><iframe title=\"Ascu\u021birea cu\u021bitelor pe JNATS - Suita, Karasu \u0219i 8 straturi de pietre naturale japoneze (Test 14C28N)\" width=\"1170\" height=\"658\" src=\"https:\/\/www.youtube.com\/embed\/kSozhQunC4k?start=44&#038;feature=oembed\" frameborder=\"0\" allow=\"accelerometer; autoplay; clipboard-write; encrypted-media; gyroscope; picture-in-picture; web-share\" referrerpolicy=\"strict-origin-when-cross-origin\" allowfullscreen><\/iframe><\/div>\n<\/div><\/figure>\n\n\n\n<p>Autentic <strong>Apartamentul Nishhoyama<\/strong> un tip de piatr\u0103 natural\u0103 din Japonia - apreciat\u0103 pentru manopera curat\u0103, viteza \u0219i capacitatea de a crea un finisaj kasumi extrem de estetic. Aceast\u0103 piatr\u0103 are o structur\u0103 tipic\u0103 suita cu urme fine de \u201esu\u201c (buzunare de aer), care asigur\u0103 un echilibru abraziv excelent.<\/p>\n\n\n\n<h3 class=\"wp-block-heading\">Caracteristici principale:<\/h3>\n\n\n\n<ul class=\"wp-block-list\">\n<li><strong>Tip:<\/strong> Suite (awasedo \/ finisare - clasa de prefinisare)<\/li>\n\n\n\n<li><strong>Origine:<\/strong> Nishhoyama, Japonia<\/li>\n\n\n\n<li><strong>Duritate:<\/strong> Mediu<\/li>\n\n\n\n<li><strong>Viteza:<\/strong> generare rapid\u0103 \u0219i u\u0219oar\u0103 a suspensiei<\/li>\n\n\n\n<li><strong>Finisaj:<\/strong> kasumi curat, contrast foarte bun \u00eentre hagane \u0219i jigane<\/li>\n<\/ul>\n\n\n\n<h3 class=\"wp-block-heading\">Caracterul lucr\u0103rii:<\/h3>\n\n\n\n<ul class=\"wp-block-list\">\n<li>Lucr\u0103ri \u00een piatr\u0103 <strong>moale \u0219i uniform<\/strong>, ofer\u0103 un control foarte bun<\/li>\n\n\n\n<li>Excelent\u0103 \u201eag\u0103\u021bare\u201c a o\u021belului f\u0103r\u0103 a zg\u00e2ria suprafa\u021ba<\/li>\n\n\n\n<li>Potrivit pentru utilizare at\u00e2t cu ap\u0103, c\u00e2t \u0219i cu nafta - permite ajustarea agresivit\u0103\u021bii<\/li>\n<\/ul>\n\n\n\n<h3 class=\"wp-block-heading\">Linii:<\/h3>\n\n\n\n<p>Piatra are linii naturale, dar acestea sunt <strong>linii sigure<\/strong> - nu afecteaz\u0103 lama \u0219i nu interfereaz\u0103 cu lucrul. Aceasta este doar o caracteristic\u0103 estetic\u0103\/geologic\u0103 inerent\u0103 pietrelor naturale.<\/p>\n\n\n\n<h3 class=\"wp-block-heading\">Utilizare:<\/h3>\n\n\n\n<ul class=\"wp-block-list\">\n<li>Prefinisare \u00eempotriva pietrelor de finisare mai dure (de ex. Nakayama, Ozuku)<\/li>\n\n\n\n<li>Finisaj Kasumi pentru cu\u021bite japoneze<\/li>\n\n\n\n<li>Progresia briciului drept (dup\u0103 pietre cu granula\u021bie medie)<\/li>\n<\/ul>\n\n\n\n<h3 class=\"wp-block-heading\">Adecvare pentru o\u021beluri:<\/h3>\n\n\n\n<ul class=\"wp-block-list\">\n<li>O\u021beluri cu carbon (Shirogami, Aogami) - rezultat excelent<\/li>\n\n\n\n<li>O\u021bel inoxidabil - treab\u0103 bun\u0103<\/li>\n\n\n\n<li>HSS - func\u021bioneaz\u0103, dar eficacitatea depinde de presiune \u0219i suspensie<\/li>\n<\/ul>\n\n\n\n<h3 class=\"wp-block-heading\">Exclusivitate:<\/h3>\n\n\n\n<ul class=\"wp-block-list\">\n<li>Sentimentul tipic \u201elive\u201c al suitei \u00een timpul lucrului<\/li>\n\n\n\n<li>Model de suprafa\u021b\u0103 foarte frumos, natural<\/li>\n\n\n\n<li>O piatr\u0103 versatil\u0103 at\u00e2t pentru profesioni\u0219ti, c\u00e2t \u0219i pentru entuzia\u0219ti avansa\u021bi<\/li>\n<\/ul>","protected":false},"excerpt":{"rendered":"<ul>\n<li>Potrivit pentru cu\u021bite de finisare, foarfece, t\u00e2mpl\u0103rie \u0219i alte unelte<\/li>\n<li>Dimensiuni: 169x73x35 mm<\/li>\n<li>Greutate: 995 g<\/li>\n<li>Duritate: Lv 4<\/li>\n<li>Linii sigure<\/li>\n<li>Suprafa\u021ba este neted\u0103 \u0219i gata de utilizare.<\/li>\n<li>V\u0103 recomand\u0103m s\u0103 lucra\u021bi cu ap\u0103 cald\u0103, deoarece apa rece afecteaz\u0103 viteza \u0219i r\u0103spunsul<\/li>\n<\/ul>","protected":false},"featured_media":5851,"comment_status":"closed","ping_status":"closed","template":"","meta":[],"product_brand":[],"product_cat":[22],"product_tag":[382,50],"class_list":{"0":"post-5846","1":"product","2":"type-product","3":"status-publish","4":"has-post-thumbnail","6":"product_cat-jnats","7":"product_tag-nishhoyama","8":"product_tag-suita","9":"product_shipping_class-iprastas","11":"first","12":"instock","13":"shipping-taxable","14":"purchasable","15":"product-type-simple"},"_links":{"self":[{"href":"https:\/\/jnats.eu\/ro\/wp-json\/wp\/v2\/product\/5846","targetHints":{"allow":["GET"]}}],"collection":[{"href":"https:\/\/jnats.eu\/ro\/wp-json\/wp\/v2\/product"}],"about":[{"href":"https:\/\/jnats.eu\/ro\/wp-json\/wp\/v2\/types\/product"}],"replies":[{"embeddable":true,"href":"https:\/\/jnats.eu\/ro\/wp-json\/wp\/v2\/comments?post=5846"}],"wp:featuredmedia":[{"embeddable":true,"href":"https:\/\/jnats.eu\/ro\/wp-json\/wp\/v2\/media\/5851"}],"wp:attachment":[{"href":"https:\/\/jnats.eu\/ro\/wp-json\/wp\/v2\/media?parent=5846"}],"wp:term":[{"taxonomy":"product_brand","embeddable":true,"href":"https:\/\/jnats.eu\/ro\/wp-json\/wp\/v2\/product_brand?post=5846"},{"taxonomy":"product_cat","embeddable":true,"href":"https:\/\/jnats.eu\/ro\/wp-json\/wp\/v2\/product_cat?post=5846"},{"taxonomy":"product_tag","embeddable":true,"href":"https:\/\/jnats.eu\/ro\/wp-json\/wp\/v2\/product_tag?post=5846"}],"curies":[{"name":"wp","href":"https:\/\/api.w.org\/{rel}","templated":true}]}}