{"id":5861,"date":"2025-03-19T09:11:00","date_gmt":"2025-03-19T07:11:00","guid":{"rendered":"https:\/\/jnats.eu\/?post_type=product&#038;p=5861"},"modified":"2026-03-19T11:17:54","modified_gmt":"2026-03-19T09:17:54","slug":"stiga-carbonado-90-78-g-penhold","status":"publish","type":"product","link":"https:\/\/jnats.eu\/ro\/product-2\/stiga-carbonado-90-78-g-penhold\/","title":{"rendered":"Stiga Carbonado 90 (78 g, Penhold)"},"content":{"rendered":"<figure class=\"wp-block-embed is-type-video is-provider-youtube wp-block-embed-youtube wp-embed-aspect-9-16 wp-has-aspect-ratio\"><div class=\"wp-block-embed__wrapper\">\n<div class=\"video-container\"><iframe title=\"Stiga Carbonado 90 Penhold\" width=\"563\" height=\"1000\" src=\"https:\/\/www.youtube.com\/embed\/AmO66AXEUdE?feature=oembed\" frameborder=\"0\" allow=\"accelerometer; autoplay; clipboard-write; encrypted-media; gyroscope; picture-in-picture; web-share\" referrerpolicy=\"strict-origin-when-cross-origin\" allowfullscreen><\/iframe><\/div>\n<\/div><\/figure>\n\n\n\n<p>Stiga Carbonado 90 este o baz\u0103 de tenis de mas\u0103 premium proiectat\u0103 pentru vitez\u0103 \u0219i stabilitate maxim\u0103. Aceasta utilizeaz\u0103 o <strong>Tehnologia de carbon TeXtreme\u00ae<\/strong> (fibr\u0103 orientat\u0103 la 90\u00b0), care ofer\u0103 o senza\u021bie extrem de rigid\u0103, vitez\u0103 mare \u0219i o traiectorie foarte dreapt\u0103 a mingii.<\/p>\n\n\n\n<p>Acest model este apreciat \u00een special de cei care iubesc jocul agresiv - ideal pentru topspin-uri rapide, lovituri din apropiere \u0219i joc la distan\u021b\u0103 medie.<\/p>\n\n\n\n<p><strong>Specifica\u021bii:<\/strong><\/p>\n\n\n\n<ul class=\"wp-block-list\">\n<li>Model:Stiga Carbonado 90<\/li>\n\n\n\n<li>Greutate: 78 g (mai u\u0219oar\u0103 dec\u00e2t media - manevrabilitate mai bun\u0103)<\/li>\n\n\n\n<li>Rankena: Penhold (chinez\u0103 - CPEN)<\/li>\n\n\n\n<li>Construc\u021bie: 5 straturi de lemn + 2 straturi de carbon (TeXtreme\u00ae Carbon)<\/li>\n\n\n\n<li>Vitez\u0103: OFF+<\/li>\n\n\n\n<li>Control: mediu (orientat spre atac)<\/li>\n\n\n\n<li>Senza\u021bie: traiectorie abrupt\u0103, foarte dreapt\u0103<\/li>\n<\/ul>\n\n\n\n<p><strong>Stare:<\/strong><\/p>\n\n\n\n<ul class=\"wp-block-list\">\n<li>Nefolosit (nou)<\/li>\n\n\n\n<li>Cutia prezint\u0103 semne cosmetice de uzur\u0103 (ternit\u0103)<\/li>\n<\/ul>","protected":false},"excerpt":{"rendered":"<p>Model:Stiga Carbonado 90<\/p>\n<p>Greutate: 78 g (mai u\u0219oar\u0103 dec\u00e2t media - manevrabilitate mai bun\u0103)<\/p>\n<p>Rankena: Penhold (chinez\u0103 - CPEN)<\/p>\n<p>Construc\u021bie: 5 straturi de lemn + 2 straturi de carbon (TeXtreme\u00ae Carbon)<\/p>\n<p>Vitez\u0103: OFF+<\/p>\n<p>Control: mediu (orientat spre atac)<\/p>\n<p>Senza\u021bie: traiectorie abrupt\u0103, foarte dreapt\u0103<\/p>","protected":false},"featured_media":5865,"comment_status":"closed","ping_status":"closed","template":"","meta":[],"product_brand":[],"product_cat":[24],"product_tag":[383,384],"class_list":{"0":"post-5861","1":"product","2":"type-product","3":"status-publish","4":"has-post-thumbnail","6":"product_cat-knifes","7":"product_tag-stiga","8":"product_tag-tenisas","9":"product_shipping_class-iprastas","11":"first","12":"instock","13":"shipping-taxable","14":"purchasable","15":"product-type-simple"},"_links":{"self":[{"href":"https:\/\/jnats.eu\/ro\/wp-json\/wp\/v2\/product\/5861","targetHints":{"allow":["GET"]}}],"collection":[{"href":"https:\/\/jnats.eu\/ro\/wp-json\/wp\/v2\/product"}],"about":[{"href":"https:\/\/jnats.eu\/ro\/wp-json\/wp\/v2\/types\/product"}],"replies":[{"embeddable":true,"href":"https:\/\/jnats.eu\/ro\/wp-json\/wp\/v2\/comments?post=5861"}],"wp:featuredmedia":[{"embeddable":true,"href":"https:\/\/jnats.eu\/ro\/wp-json\/wp\/v2\/media\/5865"}],"wp:attachment":[{"href":"https:\/\/jnats.eu\/ro\/wp-json\/wp\/v2\/media?parent=5861"}],"wp:term":[{"taxonomy":"product_brand","embeddable":true,"href":"https:\/\/jnats.eu\/ro\/wp-json\/wp\/v2\/product_brand?post=5861"},{"taxonomy":"product_cat","embeddable":true,"href":"https:\/\/jnats.eu\/ro\/wp-json\/wp\/v2\/product_cat?post=5861"},{"taxonomy":"product_tag","embeddable":true,"href":"https:\/\/jnats.eu\/ro\/wp-json\/wp\/v2\/product_tag?post=5861"}],"curies":[{"name":"wp","href":"https:\/\/api.w.org\/{rel}","templated":true}]}}