{"id":5872,"date":"2026-03-20T09:48:10","date_gmt":"2026-03-20T07:48:10","guid":{"rendered":"https:\/\/jnats.eu\/?post_type=product&#038;p=5872"},"modified":"2026-03-23T08:20:53","modified_gmt":"2026-03-23T06:20:53","slug":"nakayama-nashiji-tomae-japoniskas-naturalus-galandimo-akmuo","status":"publish","type":"product","link":"https:\/\/jnats.eu\/ro\/product-2\/nakayama-nashiji-tomae-japoniskas-naturalus-galandimo-akmuo\/","title":{"rendered":"Piatr\u0103 de ascu\u021bit natural\u0103 japonez\u0103 Nakayama Nashiji Tomae"},"content":{"rendered":"<figure class=\"wp-block-embed is-type-video is-provider-youtube wp-block-embed-youtube wp-embed-aspect-16-9 wp-has-aspect-ratio\"><div class=\"wp-block-embed__wrapper\">\n<div class=\"video-container\"><iframe title=\"Ascu\u021birea unui brici drept Puma cu Nakayama Nashiji Tomae | Piatr\u0103 de finisare natural\u0103 japonez\u0103\" width=\"1170\" height=\"658\" src=\"https:\/\/www.youtube.com\/embed\/SxCkPyTNzhU?feature=oembed\" frameborder=\"0\" allow=\"accelerometer; autoplay; clipboard-write; encrypted-media; gyroscope; picture-in-picture; web-share\" referrerpolicy=\"strict-origin-when-cross-origin\" allowfullscreen><\/iframe><\/div>\n<\/div><\/figure>\n\n\n\n<p>O piatr\u0103 de ascu\u021bit natural\u0103 japonez\u0103 de \u00eenalt\u0103 calitate din faimoasa regiune Nakayama, una dintre cele mai apreciate pietre naturale din lume. Aceast\u0103 piatr\u0103 de tip Nashiji se caracterizeaz\u0103 prin lucrul s\u0103u moale \u0219i neted \u0219i prin capacitatea sa de a oferi un finisaj de calitate extrem de ridicat\u0103.<\/p>\n\n\n\n<p>Ideal\u0103 pentru lustruirea final\u0103 \u0219i rafinarea lamei la lamele de ras periculoase, cu\u021bite \u0219i alte unelte ascu\u021bite. Piatra produce lame curate, controlate, cu un echilibru excelent \u00eentre ascu\u021bime \u0219i moliciune.<\/p>\n\n\n\n<p>Exist\u0103 o fisur\u0103 \u00een mijlocul planului, dar acest lucru nu are nicio semnifica\u021bie practic\u0103 pentru utilizare. Pietrele de finisare se uzeaz\u0103 foarte lent, astfel \u00eenc\u00e2t acest lucru nu va fi o problem\u0103 pe termen lung (chiar \u0219i pentru \u201enepo\u021bi\u201c).<\/p>\n\n\n\n<p><strong>Caracteristici:<\/strong><\/p>\n\n\n\n<ul class=\"wp-block-list\">\n<li>Piatr\u0103 natural\u0103 japonez\u0103 de ascu\u021bit (JNat)<\/li>\n\n\n\n<li>Nakayama - una dintre cele mai bine cotate regiuni<\/li>\n\n\n\n<li>Stratul Nashiji Tomae - lucru moale \u0219i stabil<\/li>\n\n\n\n<li>Potrivit pentru aparate de ras, cu\u021bite \u0219i alte instrumente<\/li>\n\n\n\n<li>Uzur\u0103 lent\u0103, durabilitate<\/li>\n\n\n\n<li>Finisaje fine, de \u00eenalt\u0103 calitate<\/li>\n<\/ul>\n\n\n\n<p>O alegere excelent\u0103 at\u00e2t pentru colec\u021bionari, c\u00e2t \u0219i pentru profesioni\u0219tii care caut\u0103 o piatr\u0103 de finisaj japonez\u0103 autentic\u0103.<\/p>","protected":false},"excerpt":{"rendered":"<ul>\n<li>Potrivit pentru finisarea briciurilor, cu\u021bitelor, foarfecelor, t\u00e2mpl\u0103riei \u0219i a altor unelte.<\/li>\n<li>Dimensiuni: 206x78x34 mm<\/li>\n<li>Greutate: 1280 g<\/li>\n<li>Duritate: Lv 4<\/li>\n<li>Suprafa\u021b\u0103 neted\u0103 \u0219i gata de utilizare<\/li>\n<li>Laturi l\u0103cuite<\/li>\n<li><strong>Exist\u0103 o fisur\u0103 \u00een mijlocul planului, dar acest lucru nu are nicio semnifica\u021bie practic\u0103 pentru utilizare. Pietrele de finisare se uzeaz\u0103 foarte \u00eencet, astfel \u00eenc\u00e2t acest lucru nu va fi o problem\u0103 nici m\u0103car pe termen lung.<\/strong><\/li>\n<li>V\u0103 recomand\u0103m s\u0103 lucra\u021bi cu ap\u0103 cald\u0103, deoarece apa rece afecteaz\u0103 viteza \u0219i r\u0103spunsul<\/li>\n<\/ul>","protected":false},"featured_media":5879,"comment_status":"closed","ping_status":"closed","template":"","meta":[],"product_brand":[],"product_cat":[22],"product_tag":[49,48],"class_list":{"0":"post-5872","1":"product","2":"type-product","3":"status-publish","4":"has-post-thumbnail","6":"product_cat-jnats","7":"product_tag-nakayama","8":"product_tag-nashiji","9":"product_shipping_class-iprastas","11":"first","12":"instock","13":"shipping-taxable","14":"purchasable","15":"product-type-simple"},"_links":{"self":[{"href":"https:\/\/jnats.eu\/ro\/wp-json\/wp\/v2\/product\/5872","targetHints":{"allow":["GET"]}}],"collection":[{"href":"https:\/\/jnats.eu\/ro\/wp-json\/wp\/v2\/product"}],"about":[{"href":"https:\/\/jnats.eu\/ro\/wp-json\/wp\/v2\/types\/product"}],"replies":[{"embeddable":true,"href":"https:\/\/jnats.eu\/ro\/wp-json\/wp\/v2\/comments?post=5872"}],"wp:featuredmedia":[{"embeddable":true,"href":"https:\/\/jnats.eu\/ro\/wp-json\/wp\/v2\/media\/5879"}],"wp:attachment":[{"href":"https:\/\/jnats.eu\/ro\/wp-json\/wp\/v2\/media?parent=5872"}],"wp:term":[{"taxonomy":"product_brand","embeddable":true,"href":"https:\/\/jnats.eu\/ro\/wp-json\/wp\/v2\/product_brand?post=5872"},{"taxonomy":"product_cat","embeddable":true,"href":"https:\/\/jnats.eu\/ro\/wp-json\/wp\/v2\/product_cat?post=5872"},{"taxonomy":"product_tag","embeddable":true,"href":"https:\/\/jnats.eu\/ro\/wp-json\/wp\/v2\/product_tag?post=5872"}],"curies":[{"name":"wp","href":"https:\/\/api.w.org\/{rel}","templated":true}]}}