{"id":590,"date":"2024-03-09T12:30:54","date_gmt":"2024-03-09T10:30:54","guid":{"rendered":"http:\/\/jnats.eu\/?post_type=product&#038;p=590"},"modified":"2024-04-17T10:40:41","modified_gmt":"2024-04-17T07:40:41","slug":"auksciausios-kokybes-nakayama-kiita-honyama-japoniskas-naturalus-akmuo-galandimui","status":"publish","type":"product","link":"https:\/\/jnats.eu\/ro\/product-2\/auksciausios-kokybes-nakayama-kiita-honyama-japoniskas-naturalus-akmuo-galandimui\/","title":{"rendered":"Piatr\u0103 natural\u0103 de ascu\u021bit Nakayama Kiita Honyama de cea mai bun\u0103 calitate"},"content":{"rendered":"<p>Nakayama Kiita este o piatr\u0103 de ascu\u021bit foarte apreciat\u0103, originar\u0103 din Japonia, cunoscut\u0103 printre entuzia\u0219ti \u0219i profesioni\u0219ti pentru calitatea \u0219i performan\u021bele sale excep\u021bionale. Extras\u0103 din mun\u021bi, cunoscut\u0103 pentru granula\u021bia fin\u0103 \u0219i propriet\u0103\u021bile excelente de ascu\u021bire, piatra de ascu\u021bit Nakayama Kiita este apreciat\u0103 pentru capacitatea sa de a crea lame ascu\u021bite pentru cu\u021bite, brici \u0219i alte unelte de t\u0103iere.<\/p>\n\n\n\n<h2 class=\"wp-block-heading\">Principalele caracteristici \u0219i caracteristici ale pietrei de \u0219lefuit Nakayama Kiita:<\/h2>\n\n\n\n<p>Piatra naturala: Piatra Nakayama Kiita este o piatra naturala care a fost obtinuta din cariera Nakayama din Japonia la mijlocul secolului trecut. Aceast\u0103 piatr\u0103 natural\u0103 este apreciat\u0103 pentru compozi\u021bia sa unic\u0103 \u0219i pentru ascu\u021birea constant\u0103.<\/p>\n\n\n\n<p>Granula\u021bie fin\u0103: o piatr\u0103 de coagulare are de obicei o granula\u021bie fin\u0103, permi\u021b\u00e2ndu-i s\u0103 creeze lame extrem de ascu\u021bite, cu un finisaj neted. Piatra de ascu\u021bit Nakayama Kiita este cunoscut\u0103 pentru capacitatea sa de a \u0219lefui unelte cu o precizie ridicat\u0103, f\u0103c\u00e2nd-o potrivit\u0103 pentru uz profesional \u0219i sarcini complexe de ascu\u021bire.<\/p>\n\n\n\n<p>Recenzii excelente: utilizatorii laud\u0103 adesea piatra de ascu\u021bit Nakayama Kiita pentru r\u0103spunsul s\u0103u excelent \u00een timpul procesului de ascu\u021bire. Piatra ofer\u0103 o senza\u021bie tactil\u0103 care permite utilizatorului s\u0103 evalueze progresul ascu\u021birii \u0219i s\u0103 ating\u0103 nivelul dorit de claritate.<\/p>\n\n\n\n<p>Versatilitate: \u00cen timp ce piatra de copt Nakayama Kiita este folosit\u0103 \u00een principal pentru ascu\u021birea cu\u021bitelor \u0219i a aparatelor de ras, poate fi folosit\u0103 \u0219i pentru a ascu\u021bi o varietate de alte unelte de t\u0103iere, inclusiv d\u0103l\u021bi pentru prelucrarea lemnului, foarfece \u0219i unelte de sculptur\u0103.<\/p>\n\n\n\n<p>Estetic\u0103: Pe l\u00e2ng\u0103 propriet\u0103\u021bile sale func\u021bionale, piatra de copt Nakayama Kiita este apreciat\u0103 \u0219i pentru atractivitatea sa estetic\u0103. Piatra prezint\u0103 adesea modele, culori \u0219i texturi unice care \u00eei sporesc atractivitatea vizual\u0103 \u0219i \u00eei sporesc atractivitatea printre colec\u021bionari \u0219i pasiona\u021bii de ascu\u021bire.<\/p>\n\n\n\n<p>Durabilitate: Cu \u00eengrijire \u0219i \u00eentre\u021binere corespunz\u0103toare, piatra de ascu\u021bit Nakayama Kiita poate oferi performan\u021be de ascu\u021bire de \u00eencredere de ani de zile. Pentru a p\u0103stra integritatea pietrei \u0219i a asigura rezultate consistente \u00een timp, se recomand\u0103 netezirea acesteia \u00een mod regulat.<\/p>\n\n\n\n<p>\u00cen general, piatra de ascu\u021bit Nakayama Kiita este apogeul m\u0103iestriei japoneze \u0219i este apreciat\u0103 pentru capacitatea sa de a ob\u021bine o claritate excep\u021bional\u0103 cu precizie \u0219i subtilitate. Acesta este un instrument valoros pentru pasiona\u021bii de ascu\u021bire \u0219i profesioni\u0219tii care caut\u0103 o calitate \u0219i performan\u021b\u0103 f\u0103r\u0103 compromisuri a pietrei de ascu\u021bit.<\/p>\n\n\n\n<figure class=\"wp-block-embed is-type-video is-provider-youtube wp-block-embed-youtube wp-embed-aspect-16-9 wp-has-aspect-ratio\"><div class=\"wp-block-embed__wrapper\">\n<div class=\"video-container\"><iframe title=\"Nakayama Homdomae \u0219i Kiita Pietre de coacere naturale japoneze de calitate premium\" width=\"1170\" height=\"658\" src=\"https:\/\/www.youtube.com\/embed\/lq1ALjueKgw?start=195&#038;feature=oembed\" frameborder=\"0\" allow=\"accelerometer; autoplay; clipboard-write; encrypted-media; gyroscope; picture-in-picture; web-share\" allowfullscreen><\/iframe><\/div>\n<\/div><\/figure>","protected":false},"excerpt":{"rendered":"<ul>\n<li>Potrivit pentru finisarea briciurilor, cu\u021bitelor \u0219i uneltelor.<\/li>\n<li>Dimensiuni: 151x88x24 mm<\/li>\n<li>Greutate 785 g<\/li>\n<li>Duritate: Lv 4.5<\/li>\n<li>Cu \u0219tampila Honyama, care a fost plasat\u0103 pe pietrele Nakayama \u0219i Shobudani<\/li>\n<\/ul>","protected":false},"featured_media":989,"comment_status":"open","ping_status":"closed","template":"","meta":[],"product_brand":[],"product_cat":[22],"product_tag":[141,49,140],"class_list":{"0":"post-590","1":"product","2":"type-product","3":"status-publish","4":"has-post-thumbnail","6":"product_cat-jnats","7":"product_tag-kiita","8":"product_tag-nakayama","9":"product_tag-nakayama-kiita","10":"product_shipping_class-iprastas","12":"first","13":"outofstock","14":"sale","15":"shipping-taxable","16":"purchasable","17":"product-type-simple"},"_links":{"self":[{"href":"https:\/\/jnats.eu\/ro\/wp-json\/wp\/v2\/product\/590","targetHints":{"allow":["GET"]}}],"collection":[{"href":"https:\/\/jnats.eu\/ro\/wp-json\/wp\/v2\/product"}],"about":[{"href":"https:\/\/jnats.eu\/ro\/wp-json\/wp\/v2\/types\/product"}],"replies":[{"embeddable":true,"href":"https:\/\/jnats.eu\/ro\/wp-json\/wp\/v2\/comments?post=590"}],"wp:featuredmedia":[{"embeddable":true,"href":"https:\/\/jnats.eu\/ro\/wp-json\/wp\/v2\/media\/989"}],"wp:attachment":[{"href":"https:\/\/jnats.eu\/ro\/wp-json\/wp\/v2\/media?parent=590"}],"wp:term":[{"taxonomy":"product_brand","embeddable":true,"href":"https:\/\/jnats.eu\/ro\/wp-json\/wp\/v2\/product_brand?post=590"},{"taxonomy":"product_cat","embeddable":true,"href":"https:\/\/jnats.eu\/ro\/wp-json\/wp\/v2\/product_cat?post=590"},{"taxonomy":"product_tag","embeddable":true,"href":"https:\/\/jnats.eu\/ro\/wp-json\/wp\/v2\/product_tag?post=590"}],"curies":[{"name":"wp","href":"https:\/\/api.w.org\/{rel}","templated":true}]}}