{"id":5931,"date":"2026-04-01T10:25:24","date_gmt":"2026-04-01T07:25:24","guid":{"rendered":"https:\/\/jnats.eu\/?post_type=product&#038;p=5931"},"modified":"2026-04-01T11:45:30","modified_gmt":"2026-04-01T08:45:30","slug":"tiesiosiu-britvu-komplektas-2-8-ir-4-8-naujos-renaissance-solingen-germany-spitzenqualitat-meister-funk","status":"publish","type":"product","link":"https:\/\/jnats.eu\/ro\/product-2\/tiesiosiu-britvu-komplektas-2-8-ir-4-8-naujos-renaissance-solingen-germany-spitzenqualitat-meister-funk\/","title":{"rendered":"Set de lame (2\/8 \u0219i 4\/8), noi, Renaissance Solingen Germania, Spitzenqualitat Meister Funk"},"content":{"rendered":"<figure class=\"wp-block-embed is-type-video is-provider-youtube wp-block-embed-youtube wp-embed-aspect-9-16 wp-has-aspect-ratio\"><div class=\"wp-block-embed__wrapper\">\n<div class=\"video-container\"><iframe title=\"Straight Razors Renaissance, Solingen Germania, Spitzenqualitat Meister Funk\" width=\"563\" height=\"1000\" src=\"https:\/\/www.youtube.com\/embed\/i1XlX4nmuQA?feature=oembed\" frameborder=\"0\" allow=\"accelerometer; autoplay; clipboard-write; encrypted-media; gyroscope; picture-in-picture; web-share\" referrerpolicy=\"strict-origin-when-cross-origin\" allowfullscreen><\/iframe><\/div>\n<\/div><\/figure>\n\n\n\n<p>Set de dou\u0103 aparate de ras drepte de dimensiuni diferite din Solingen (Germania). Ambele aparate de ras de epoc\u0103 sunt neutilizate, \u00een stare excelent\u0103, cu lame decorate \u0219i m\u00e2nere clasice str\u0103lucitoare.<\/p>\n\n\n\n<p>Setul include:<\/p>\n\n\n\n<p><strong>Model 804 (4\/8)<\/strong><br>Dimensiunile lamei: 70 \u00d7 16 \u00d7 4 mm<br>Greutate: 31 g<br>Aparat de ras mai mare, mai versatil, convenabil pentru b\u0103rbieritul de baz\u0103<\/p>\n\n\n\n<p><strong>Model 802 (2\/8)<\/strong><br>Dimensiunile lamei: 70 \u00d7 10 \u00d7 3 mm<br>Greutate: 24 g<br>Aparat de ras mai mic, deosebit de convenabil pentru lucr\u0103ri specifice \u0219i zone greu accesibile (sub nas, \u00een jurul urechilor, contururi)<\/p>\n\n\n\n<p>Inscrip\u021bii pe lam\u0103: Renaissance, Solingen Germania, Spitzenqualitat, Meister Funk<br>M\u00e2nere: Solingen INOX \u0219i logo-ul Solingen<\/p>\n\n\n\n<p>Aparatele de ras sunt neutilizate, f\u0103r\u0103 semne de utilizare. Potrivite pentru b\u0103rbierit, colec\u021bionat sau oferit cadou. Este posibil s\u0103 necesite o u\u0219oar\u0103 ascu\u021bire sau re\u00eemprosp\u0103tare \u00eenainte de utilizare.<\/p>\n\n\n\n<p>Acestea nu sunt britvas vechi (de la \u00eenceputul sau mijlocul secolului al XX-lea) \u00een ceea ce prive\u0219te caracteristicile vizibile, ci mai degrab\u0103 <strong>Produc\u021bie t\u00e2rzie, \u00een jurul anilor 1980-2000<\/strong>, poate chiar pu\u021bin mai nou.<\/p>\n\n\n\n<p>De ce da:<\/p>\n\n\n\n<ul class=\"wp-block-list\">\n<li>Imprimat pe <strong>\u201cSolingen INOX\u201d<\/strong> indic\u0103 o\u021belul inoxidabil, care a \u00eenceput s\u0103 fie utilizat pe scar\u0103 larg\u0103 abia \u00een perioada ~1960-1970 \u0219i se g\u0103se\u0219te frecvent \u00een produsele ulterioare<\/li>\n\n\n\n<li><strong>\u201cRena\u0219tere\u201d<\/strong> - denumire Dovo tipic comercial\u0103, orientat\u0103 spre export, adesea utilizat\u0103 \u00een produc\u021bia ulterioar\u0103<\/li>\n\n\n\n<li>Gravurile \u0219i designul general arat\u0103 mai modern (produc\u021bie industrial\u0103 mai degrab\u0103 dec\u00e2t manual\u0103, produs\u0103 \u00een mas\u0103)<\/li>\n\n\n\n<li>Numerotarea modelelor (802, 804, 208) este tipic\u0103 pentru produsele catalogate ulterior<\/li>\n\n\n\n<li>M\u00e2nere din plastic (filde\u0219) mai degrab\u0103 dec\u00e2t din os sau corn adev\u0103rat - un alt semn al produc\u021biei mai moderne<\/li>\n<\/ul>\n\n\n\n<p>Important: acestea sunt \u00eenc\u0103 considerate <strong>vintage de c\u0103tre pasiona\u021bii de b\u0103rbierit<\/strong>, dar nu \u201eantic\u201c.<\/p>","protected":false},"excerpt":{"rendered":"<p><strong>Setul include: <\/strong><\/p>\n<ul>\n<li><strong>Model 804 (4\/8)<\/strong><\/li>\n<li>Dimensiunile lamei: 70 \u00d7 16 \u00d7 4 mm<\/li>\n<li>Greutate: 31 g<\/li>\n<li>Aparat de ras mai mare, mai versatil, convenabil pentru b\u0103rbieritul de baz\u0103<\/li>\n<\/ul>\n<p>&nbsp;<\/p>\n<ul>\n<li><strong>Model 802 (2\/8)<\/strong><\/li>\n<li>Dimensiunile lamei: 70 \u00d7 10 \u00d7 3 mm<\/li>\n<li>Greutate: 24 g<\/li>\n<li>Aparat de ras mai mic, deosebit de convenabil pentru lucr\u0103ri specifice \u0219i zone greu accesibile (sub nas, \u00een jurul urechilor, contururi)<\/li>\n<\/ul>","protected":false},"featured_media":5940,"comment_status":"closed","ping_status":"closed","template":"","meta":[],"product_brand":[],"product_cat":[23],"product_tag":[385,84],"class_list":{"0":"post-5931","1":"product","2":"type-product","3":"status-publish","4":"has-post-thumbnail","6":"product_cat-razors","7":"product_tag-renaissance","8":"product_tag-solingen","9":"product_shipping_class-light","11":"first","12":"instock","13":"shipping-taxable","14":"purchasable","15":"product-type-simple"},"_links":{"self":[{"href":"https:\/\/jnats.eu\/ro\/wp-json\/wp\/v2\/product\/5931","targetHints":{"allow":["GET"]}}],"collection":[{"href":"https:\/\/jnats.eu\/ro\/wp-json\/wp\/v2\/product"}],"about":[{"href":"https:\/\/jnats.eu\/ro\/wp-json\/wp\/v2\/types\/product"}],"replies":[{"embeddable":true,"href":"https:\/\/jnats.eu\/ro\/wp-json\/wp\/v2\/comments?post=5931"}],"wp:featuredmedia":[{"embeddable":true,"href":"https:\/\/jnats.eu\/ro\/wp-json\/wp\/v2\/media\/5940"}],"wp:attachment":[{"href":"https:\/\/jnats.eu\/ro\/wp-json\/wp\/v2\/media?parent=5931"}],"wp:term":[{"taxonomy":"product_brand","embeddable":true,"href":"https:\/\/jnats.eu\/ro\/wp-json\/wp\/v2\/product_brand?post=5931"},{"taxonomy":"product_cat","embeddable":true,"href":"https:\/\/jnats.eu\/ro\/wp-json\/wp\/v2\/product_cat?post=5931"},{"taxonomy":"product_tag","embeddable":true,"href":"https:\/\/jnats.eu\/ro\/wp-json\/wp\/v2\/product_tag?post=5931"}],"curies":[{"name":"wp","href":"https:\/\/api.w.org\/{rel}","templated":true}]}}