{"id":5995,"date":"2026-04-29T11:43:58","date_gmt":"2026-04-29T08:43:58","guid":{"rendered":"https:\/\/jnats.eu\/?post_type=product&#038;p=5995"},"modified":"2026-04-29T11:45:05","modified_gmt":"2026-04-29T08:45:05","slug":"suita-japoniskas-naturalus-galandinimo-akmuo-finishing-whestone","status":"publish","type":"product","link":"https:\/\/jnats.eu\/ro\/product-2\/suita-japoniskas-naturalus-galandinimo-akmuo-finishing-whestone\/","title":{"rendered":"Suita Piatr\u0103 japonez\u0103 de finisare natural\u0103 cu suport din lemn"},"content":{"rendered":"<figure class=\"wp-block-embed is-type-video is-provider-youtube wp-block-embed-youtube wp-embed-aspect-16-9 wp-has-aspect-ratio\"><div class=\"wp-block-embed__wrapper\">\n<div class=\"video-container\"><iframe title=\"Cu\u021bitul t\u0103u devine tern dup\u0103 2 lovituri?! Iat\u0103 motivul REAL\" width=\"1170\" height=\"658\" src=\"https:\/\/www.youtube.com\/embed\/L6PCKJuG2o4?start=872&#038;feature=oembed\" frameborder=\"0\" allow=\"accelerometer; autoplay; clipboard-write; encrypted-media; gyroscope; picture-in-picture; web-share\" referrerpolicy=\"strict-origin-when-cross-origin\" allowfullscreen><\/iframe><\/div>\n<\/div><\/figure>\n\n\n\n<p>Calitate <strong>Suit\u0103<\/strong> tip Japanese Natural Whetstone (JNATS) din regiunea Kyoto (straturi de tip Kyoto Suita \/ Shohonyama).<\/p>\n\n\n\n<p><strong>Date tehnice:<\/strong><\/p>\n\n\n\n<ul class=\"wp-block-list\">\n<li><strong>Duritate:<\/strong> Lv 4.7 (mediu-dur - potrivit at\u00e2t pentru \u00eendep\u0103rtarea rapid\u0103 a metalului, c\u00e2t \u0219i pentru un finisaj excelent)<\/li>\n\n\n\n<li><strong>Dimensiuni:<\/strong> 165 \u00d7 70 \u00d7 53 mm<\/li>\n\n\n\n<li><strong>Greutate cu suport:<\/strong> 1640 g<\/li>\n\n\n\n<li><strong>Suprafa\u021b\u0103:<\/strong> Model frumos de marmur\u0103 cu linii naturale albe \u0219i gri<\/li>\n\n\n\n<li><strong>Laturi:<\/strong> L\u0103cuit cu lac maro \u00eenchis - pentru aspect estetic \u0219i protec\u021bie<\/li>\n\n\n\n<li><strong>Stare:<\/strong> Marginile au mici fisuri naturale (tipice pietrei naturale, nu afecteaz\u0103 performan\u021ba)<\/li>\n<\/ul>\n\n\n\n<p><strong>Utilizare:<\/strong> Perfect pentru <strong>pentru cu\u021bite<\/strong> (buc\u0103t\u0103rie, v\u00e2n\u0103toare, forfecare etc.) \u0219i alte unelte pentru ascu\u021bire \u0219i finisare. Piatra genereaz\u0103 o suspensie bun\u0103, liniile sunt sigure pentru lamele de cu\u021bit (non-toxice). Potrivit pentru ascu\u021birea medie, precum \u0219i pentru ob\u021binerea unei muchii foarte fine, lustruite.<\/p>\n\n\n\n<p>Piatra este lipit\u0103 de un suport stabil, frumos l\u0103cuit, din lemn \u00eenchis, care nu numai c\u0103 spore\u0219te estetica, dar asigur\u0103 \u0219i o func\u021bionare confortabil\u0103 \u0219i stabil\u0103.<\/p>\n\n\n\n<p><strong>Origine:<\/strong> Piatr\u0103 natural\u0103 japonez\u0103 Suita din prefectura Kyoto (probabil Shohonyama sau un strat Suita similar).<\/p>\n\n\n\n<p>Pietrele japoneze naturale sunt apreciate pentru structura lor unic\u0103 \u0219i pentru capacitatea lor de a oferi cu\u021bitelor o ascu\u021bime excep\u021bional\u0103 \u0219i de lung\u0103 durat\u0103, pe care ascu\u021bitoarele sintetice nu o pot ob\u021bine.<\/p>","protected":false},"excerpt":{"rendered":"<ul>\n<li><strong>Duritate:<\/strong> Lv 4.7 (mediu-dur - potrivit at\u00e2t pentru \u00eendep\u0103rtarea rapid\u0103 a metalului, c\u00e2t \u0219i pentru un finisaj excelent)<\/li>\n<li><strong>Dimensiuni:<\/strong> 165 \u00d7 70 \u00d7 53 mm<\/li>\n<li><strong>Greutate cu suport:<\/strong> 1640 g<\/li>\n<li><strong>Suprafa\u021b\u0103:<\/strong> Model frumos de marmur\u0103 cu linii naturale albe \u0219i gri<\/li>\n<li><strong>Laturi:<\/strong> L\u0103cuit cu lac maro \u00eenchis - pentru aspect estetic \u0219i protec\u021bie<\/li>\n<li><strong>Stare:<\/strong> Marginile au mici fisuri naturale (tipice pietrei naturale, nu afecteaz\u0103 performan\u021ba)<\/li>\n<\/ul>","protected":false},"featured_media":5999,"comment_status":"closed","ping_status":"closed","template":"","meta":[],"product_brand":[],"product_cat":[22],"product_tag":[386,387,362,365,388,50],"class_list":{"0":"post-5995","1":"product","2":"type-product","3":"status-publish","4":"has-post-thumbnail","6":"product_cat-jnats","7":"product_tag-finishing-stone","8":"product_tag-japoniskas-galastuvas","9":"product_tag-jnats","10":"product_tag-naturalus-akmuo","11":"product_tag-peiliu-galandimas","12":"product_tag-suita","13":"product_shipping_class-iprastas","15":"first","16":"instock","17":"shipping-taxable","18":"purchasable","19":"product-type-simple"},"_links":{"self":[{"href":"https:\/\/jnats.eu\/ro\/wp-json\/wp\/v2\/product\/5995","targetHints":{"allow":["GET"]}}],"collection":[{"href":"https:\/\/jnats.eu\/ro\/wp-json\/wp\/v2\/product"}],"about":[{"href":"https:\/\/jnats.eu\/ro\/wp-json\/wp\/v2\/types\/product"}],"replies":[{"embeddable":true,"href":"https:\/\/jnats.eu\/ro\/wp-json\/wp\/v2\/comments?post=5995"}],"wp:featuredmedia":[{"embeddable":true,"href":"https:\/\/jnats.eu\/ro\/wp-json\/wp\/v2\/media\/5999"}],"wp:attachment":[{"href":"https:\/\/jnats.eu\/ro\/wp-json\/wp\/v2\/media?parent=5995"}],"wp:term":[{"taxonomy":"product_brand","embeddable":true,"href":"https:\/\/jnats.eu\/ro\/wp-json\/wp\/v2\/product_brand?post=5995"},{"taxonomy":"product_cat","embeddable":true,"href":"https:\/\/jnats.eu\/ro\/wp-json\/wp\/v2\/product_cat?post=5995"},{"taxonomy":"product_tag","embeddable":true,"href":"https:\/\/jnats.eu\/ro\/wp-json\/wp\/v2\/product_tag?post=5995"}],"curies":[{"name":"wp","href":"https:\/\/api.w.org\/{rel}","templated":true}]}}