{"id":6062,"date":"2026-05-14T10:46:55","date_gmt":"2026-05-14T07:46:55","guid":{"rendered":"https:\/\/jnats.eu\/?post_type=product&#038;p=6062"},"modified":"2026-05-14T10:47:33","modified_gmt":"2026-05-14T07:47:33","slug":"medium-grade-ohira-uchigumori-kasumi-finishing-stone","status":"publish","type":"product","link":"https:\/\/jnats.eu\/ro\/product-2\/medium-grade-ohira-uchigumori-kasumi-finishing-stone\/","title":{"rendered":"Ohira Uchigumori de grad mediu - piatr\u0103 de finisare Kasumi"},"content":{"rendered":"<figure class=\"wp-block-embed is-type-video is-provider-youtube wp-block-embed-youtube wp-embed-aspect-16-9 wp-has-aspect-ratio\"><div class=\"wp-block-embed__wrapper\">\n<div class=\"video-container\"><iframe title=\"Ohira Uchigumori Kasumi Compara\u021bie finisaj | Mid Grade vs Top Grade Lotus Pattern Whetstone\" width=\"1170\" height=\"658\" src=\"https:\/\/www.youtube.com\/embed\/lnU0K-G4t-Q?feature=oembed\" frameborder=\"0\" allow=\"accelerometer; autoplay; clipboard-write; encrypted-media; gyroscope; picture-in-picture; web-share\" referrerpolicy=\"strict-origin-when-cross-origin\" allowfullscreen><\/iframe><\/div>\n<\/div><\/figure>\n\n\n\n<p>Piatr\u0103 natural\u0103 de finisare Ohira Uchigumori autentic\u0103, potrivit\u0103 pentru lustruirea tradi\u021bional\u0103 a kasumi \u0219i finisarea rafinat\u0103 a cu\u021bitelor de buc\u0103t\u0103rie.<\/p>\n\n\n\n<p>Aceast\u0103 piatr\u0103 ofer\u0103 o combina\u021bie echilibrat\u0103 de vitez\u0103 de t\u0103iere, generare de suspensie \u0219i control, ceea ce o face o alegere excelent\u0103 pentru utilizatorii care caut\u0103 o experien\u021b\u0103 Uchigumori practic\u0103 \u0219i tolerant\u0103. Aceasta produce un finisaj kasumi moale, tulbure, cu un contrast bun pe lamele japoneze laminate \u0219i func\u021bioneaz\u0103 deosebit de bine cu o\u021belurile cu carbon.<\/p>\n\n\n\n<p>Comparativ cu Uchigumori de calitate superioar\u0103, aceast\u0103 piatr\u0103 ofer\u0103 un contrast \u0219i un rafinament u\u0219or mai sc\u0103zute, dar ofer\u0103 totu\u0219i un finisaj tradi\u021bional atractiv \u0219i o senza\u021bie pl\u0103cut\u0103 de ascu\u021bire.<\/p>\n\n\n\n<h3 class=\"wp-block-heading\">Caracteristici<\/h3>\n\n\n\n<ul class=\"wp-block-list\">\n<li>Grad mediu Ohira Uchigumori<\/li>\n\n\n\n<li>Potrivit pentru \u0219lefuirea kasumi \u0219i rafinarea marginilor<\/li>\n\n\n\n<li>Generarea u\u0219oar\u0103 a suspensiei<\/li>\n\n\n\n<li>Feedback u\u0219or \u0219i previzibil<\/li>\n\n\n\n<li>Echilibru bun \u00eentre vitez\u0103 \u0219i calitatea finis\u0103rii<\/li>\n\n\n\n<li>Func\u021bioneaz\u0103 bine cu \u00eenveli\u0219uri din fier moale \u0219i miezuri din o\u021bel carbon<\/li>\n\n\n\n<li>Potrivit pentru cu\u021bite, lustruire cu conuri largi \u0219i finisare de \u00eentre\u021binere<\/li>\n<\/ul>\n\n\n\n<h3 class=\"wp-block-heading\">Utilizare recomandat\u0103<\/h3>\n\n\n\n<p>Se utilizeaz\u0103 cel mai bine cu o suspensie u\u0219oar\u0103 generat\u0103 de tomo nagura sau placa diamantat\u0103. Excelent\u0103 ca piatr\u0103 practic\u0103 de finisare kasumi de zi cu zi pentru cu\u021bitele de buc\u0103t\u0103rie japoneze.<\/p>","protected":false},"excerpt":{"rendered":"<ul>\n<li>Ohira Uchigumori este cel mai apreciat pentru finisajul Kasumi de pe lama Sanmai (o\u021bel dur acoperit cu un strat mai moale), eviden\u021biind diferen\u021ba dintre straturile dur \u0219i moale.<\/li>\n<li>Duritate: Lv 4<\/li>\n<li>Dimensiuni aprox. 208x75x34 mm<\/li>\n<li>Greutate 1310 g.<\/li>\n<\/ul>","protected":false},"featured_media":6065,"comment_status":"closed","ping_status":"closed","template":"","meta":[],"product_brand":[],"product_cat":[22],"product_tag":[47,193],"class_list":{"0":"post-6062","1":"product","2":"type-product","3":"status-publish","4":"has-post-thumbnail","6":"product_cat-jnats","7":"product_tag-ohira","8":"product_tag-uchigumori","9":"product_shipping_class-iprastas","11":"first","12":"instock","13":"shipping-taxable","14":"purchasable","15":"product-type-simple"},"_links":{"self":[{"href":"https:\/\/jnats.eu\/ro\/wp-json\/wp\/v2\/product\/6062","targetHints":{"allow":["GET"]}}],"collection":[{"href":"https:\/\/jnats.eu\/ro\/wp-json\/wp\/v2\/product"}],"about":[{"href":"https:\/\/jnats.eu\/ro\/wp-json\/wp\/v2\/types\/product"}],"replies":[{"embeddable":true,"href":"https:\/\/jnats.eu\/ro\/wp-json\/wp\/v2\/comments?post=6062"}],"wp:featuredmedia":[{"embeddable":true,"href":"https:\/\/jnats.eu\/ro\/wp-json\/wp\/v2\/media\/6065"}],"wp:attachment":[{"href":"https:\/\/jnats.eu\/ro\/wp-json\/wp\/v2\/media?parent=6062"}],"wp:term":[{"taxonomy":"product_brand","embeddable":true,"href":"https:\/\/jnats.eu\/ro\/wp-json\/wp\/v2\/product_brand?post=6062"},{"taxonomy":"product_cat","embeddable":true,"href":"https:\/\/jnats.eu\/ro\/wp-json\/wp\/v2\/product_cat?post=6062"},{"taxonomy":"product_tag","embeddable":true,"href":"https:\/\/jnats.eu\/ro\/wp-json\/wp\/v2\/product_tag?post=6062"}],"curies":[{"name":"wp","href":"https:\/\/api.w.org\/{rel}","templated":true}]}}