{"id":6071,"date":"2026-05-14T10:53:36","date_gmt":"2026-05-14T07:53:36","guid":{"rendered":"https:\/\/jnats.eu\/?post_type=product&#038;p=6071"},"modified":"2026-05-14T10:53:36","modified_gmt":"2026-05-14T07:53:36","slug":"premium-ohira-uchigumori-high-grade-kasumi-finishing-whetstone","status":"publish","type":"product","link":"https:\/\/jnats.eu\/ro\/product-2\/premium-ohira-uchigumori-high-grade-kasumi-finishing-whetstone\/","title":{"rendered":"Premium Ohira Uchigumori - piatr\u0103 de finisare Kasumi de \u00eenalt\u0103 calitate"},"content":{"rendered":"<figure class=\"wp-block-embed is-type-video is-provider-youtube wp-block-embed-youtube wp-embed-aspect-16-9 wp-has-aspect-ratio\"><div class=\"wp-block-embed__wrapper\">\n<div class=\"video-container\"><iframe title=\"Ohira Uchigumori Kasumi Compara\u021bie finisaj | Mid Grade vs Top Grade Lotus Pattern Whetstone\" width=\"1170\" height=\"658\" src=\"https:\/\/www.youtube.com\/embed\/lnU0K-G4t-Q?start=213&#038;feature=oembed\" frameborder=\"0\" allow=\"accelerometer; autoplay; clipboard-write; encrypted-media; gyroscope; picture-in-picture; web-share\" referrerpolicy=\"strict-origin-when-cross-origin\" allowfullscreen><\/iframe><\/div>\n<\/div><\/figure>\n\n\n\n<p>Piatr\u0103 natural\u0103 Ohira Uchigumori de calitate superioar\u0103 excep\u021bional\u0103, cu numeroase modele frumoase de \u201cflori de lotus\u201d \u0219i performan\u021be remarcabile de finisare.<\/p>\n\n\n\n<p>Aceast\u0103 piatr\u0103 reprezint\u0103 limita superioar\u0103 a calit\u0103\u021bii Uchigumori, at\u00e2t din punct de vedere vizual, c\u00e2t \u0219i func\u021bional. Ea produce un finisaj kasumi foarte rafinat, str\u0103lucitor, cu un contrast excelent, detalii fine \u0219i un aspect foarte elegant al suprafe\u021bei. Senza\u021bia de lustruire este neted\u0103, bogat\u0103 \u0219i foarte receptiv\u0103, oferind un feedback tactil excelent \u00een timpul utiliz\u0103rii.<\/p>\n\n\n\n<p>Suspensia dens\u0103, dar cremoas\u0103, permite lustruirea controlat\u0103, men\u021bin\u00e2nd \u00een acela\u0219i timp o capacitate puternic\u0103 de t\u0103iere, ceea ce face ca aceast\u0103 piatr\u0103 s\u0103 fie ideal\u0103 pentru lucr\u0103rile kasumi de nivel \u00eenalt pe lamele japoneze premium.<\/p>\n\n\n\n<h3 class=\"wp-block-heading\">Caracteristici<\/h3>\n\n\n\n<ul class=\"wp-block-list\">\n<li>Grad ridicat Ohira Uchigumori<\/li>\n\n\n\n<li>Numeroase modele naturale de \u201cflori de lotus\u201d<\/li>\n\n\n\n<li>Contrast \u0219i rafinament kasumi superior<\/li>\n\n\n\n<li>Senza\u021bie neted\u0103, cremoas\u0103 de ascu\u021bire<\/li>\n\n\n\n<li>Feedback excelent \u0219i control al lustruirii<\/li>\n\n\n\n<li>Comportament abraziv fin \u0219i consistent<\/li>\n\n\n\n<li>Ideal\u0103 pentru cu\u021bite cu te\u0219itur\u0103 larg\u0103 premium \u0219i lucr\u0103ri de finisare detaliate<\/li>\n\n\n\n<li>Frumos aspect de colec\u021bie<\/li>\n<\/ul>\n\n\n\n<h3 class=\"wp-block-heading\">Utilizare recomandat\u0103<\/h3>\n\n\n\n<p>Utiliza\u021bi cu un nagura natural moale sau cu o suspensie u\u0219oar\u0103 pentru un contrast kasumi maxim \u0219i o textur\u0103 rafinat\u0103 a suprafe\u021bei. Potrivit\u0103 \u00een special pentru cu\u021bite high-end din o\u021bel carbon \u0219i lamele tradi\u021bionale japoneze cu o singur\u0103 conic\u0103.<\/p>\n\n\n\n<p>Acest tip de Uchigumori este apreciat nu numai pentru performan\u021b\u0103, ci \u0219i pentru raritatea, frumuse\u021bea vizual\u0103 \u0219i caracterul s\u0103u unic de finisare.<\/p>","protected":false},"excerpt":{"rendered":"<ul>\n<li>Ohira Uchigumori este cel mai apreciat pentru finisajul Kasumi de pe lama Sanmai (o\u021bel dur acoperit cu un strat mai moale), eviden\u021biind diferen\u021ba dintre straturile dur \u0219i moale.<\/li>\n<li>Duritate: Lv 3.5<\/li>\n<li>Dimensiuni aprox. 193x69x30 mm<\/li>\n<li>Greutate 1050 g.<\/li>\n<li>Linii sigure<\/li>\n<\/ul>","protected":false},"featured_media":6073,"comment_status":"closed","ping_status":"closed","template":"","meta":[],"product_brand":[],"product_cat":[22],"product_tag":[47,193],"class_list":{"0":"post-6071","1":"product","2":"type-product","3":"status-publish","4":"has-post-thumbnail","6":"product_cat-jnats","7":"product_tag-ohira","8":"product_tag-uchigumori","9":"product_shipping_class-iprastas","11":"first","12":"instock","13":"shipping-taxable","14":"purchasable","15":"product-type-simple"},"_links":{"self":[{"href":"https:\/\/jnats.eu\/ro\/wp-json\/wp\/v2\/product\/6071","targetHints":{"allow":["GET"]}}],"collection":[{"href":"https:\/\/jnats.eu\/ro\/wp-json\/wp\/v2\/product"}],"about":[{"href":"https:\/\/jnats.eu\/ro\/wp-json\/wp\/v2\/types\/product"}],"replies":[{"embeddable":true,"href":"https:\/\/jnats.eu\/ro\/wp-json\/wp\/v2\/comments?post=6071"}],"wp:featuredmedia":[{"embeddable":true,"href":"https:\/\/jnats.eu\/ro\/wp-json\/wp\/v2\/media\/6073"}],"wp:attachment":[{"href":"https:\/\/jnats.eu\/ro\/wp-json\/wp\/v2\/media?parent=6071"}],"wp:term":[{"taxonomy":"product_brand","embeddable":true,"href":"https:\/\/jnats.eu\/ro\/wp-json\/wp\/v2\/product_brand?post=6071"},{"taxonomy":"product_cat","embeddable":true,"href":"https:\/\/jnats.eu\/ro\/wp-json\/wp\/v2\/product_cat?post=6071"},{"taxonomy":"product_tag","embeddable":true,"href":"https:\/\/jnats.eu\/ro\/wp-json\/wp\/v2\/product_tag?post=6071"}],"curies":[{"name":"wp","href":"https:\/\/api.w.org\/{rel}","templated":true}]}}