{"id":621,"date":"2024-03-09T14:36:54","date_gmt":"2024-03-09T12:36:54","guid":{"rendered":"http:\/\/jnats.eu\/?post_type=product&#038;p=621"},"modified":"2026-03-25T23:53:21","modified_gmt":"2026-03-25T21:53:21","slug":"shapton-pro-stone-grit-30000-super-smulkus-galandimo-akmuo-murasaki-k0711","status":"publish","type":"product","link":"https:\/\/jnats.eu\/ro\/product-2\/shapton-pro-stone-grit-30000-super-smulkus-galandimo-akmuo-murasaki-k0711\/","title":{"rendered":"Shapton Pro Stone grit 30000 piatr\u0103 de ascu\u021bit super fin\u0103, murasaki, K0711"},"content":{"rendered":"<p>Aceast\u0103 piatr\u0103 Shapton Pro Stone 30.000 Grit, Murasaki este o piatr\u0103 de ascu\u021bit foarte special\u0103, cu o dimensiune de granula\u021bie de 30.000. Este at\u00e2t de fin \u00eenc\u00e2t aproape c\u0103 se simte moale. Ca \u0219i \u00een cazul tuturor pietrelor Shapton Pro, pute\u021bi ascu\u021bi foarte rapid \u0219i uniform cu aceast\u0103 piatr\u0103 de 30.000. O piatr\u0103 de ascu\u021bit este cu adev\u0103rat conceput\u0103 pentru ultima etap\u0103 a procesului de ascu\u021bire, astfel \u00eenc\u00e2t chiar \u0219i ultimul milimetru al muchiei este absolut ascu\u021bit. Acesta este ideal pentru ascu\u021birea aparatelor de ras drepte, de exemplu. Ve\u021bi dori s\u0103 utiliza\u021bi o piatr\u0103 de 12.000 dac\u0103 ascu\u021bi o\u021bel mai dur \u00eenainte de a trece la aceast\u0103 piatr\u0103. Pentru o\u021bel mai moale, o piatr\u0103 cu granula\u021bie de 8.000 este mai potrivit\u0103. Dac\u0103 utiliza\u021bi corect aceast\u0103 piatr\u0103 de 30.000 dup\u0103 aceea, marginea va fi mai ascu\u021bit\u0103 dec\u00e2t oric\u00e2nd.<\/p>\n\n\n\n<p>\u00cen special cu aceast\u0103 piatr\u0103 deosebit de fin\u0103 de 30.000, este foarte important s\u0103 lucra\u021bi c\u00e2t mai curat posibil. Mai ales dac\u0103 tocmai a\u021bi ascu\u021bit pe o piatr\u0103 mai mare \u00eenainte. Cur\u0103\u021ba\u021bi bine cu\u021bitul\/unealta \u00eenainte de a folosi piatra. Acela\u0219i lucru este valabil \u0219i pentru m\u00e2ini \u0219i sub unghii. Acest lucru reduce \u0219ansa ca suprafa\u021ba fin\u0103 a pietrei s\u0103 fie redus\u0103.<\/p>\n\n\n\n<p>\u00cen Japonia, aceste pietre de ascu\u021bit Shapton Pro colorate sunt cunoscute \u0219i sub numele de Shapton Ha-No-Kuromaku. Acestea sunt cele mai groase pietre de ascu\u021bit Shapton, cu o grosime de 15 mm. Dup\u0103 cum se potrive\u0219te lui Shapton, fiecare piatr\u0103 are o structur\u0103 frumos uniform\u0103, cu particule de ascu\u021bire ceramice distribuite uniform. Acest lucru asigur\u0103 un rezultat de ascu\u021bire cu adev\u0103rat uniform. Deoarece pietrele sunt destul de dure, \u00eendep\u0103rteaz\u0103 rapid o\u021belul \u0219i nu se uzeaz\u0103 mult timp.<\/p>\n\n\n\n<figure class=\"wp-block-embed is-type-video is-provider-youtube wp-block-embed-youtube wp-embed-aspect-16-9 wp-has-aspect-ratio\"><div class=\"wp-block-embed__wrapper\">\n<div class=\"video-container\"><iframe title=\"30.000 de granule!\" width=\"1170\" height=\"658\" src=\"https:\/\/www.youtube.com\/embed\/Ut_PF5dlmlQ?feature=oembed\" frameborder=\"0\" allow=\"accelerometer; autoplay; clipboard-write; encrypted-media; gyroscope; picture-in-picture; web-share\" allowfullscreen><\/iframe><\/div>\n<\/div><\/figure>","protected":false},"excerpt":{"rendered":"<ul>\n<li>Cea mai mic\u0103 piatr\u0103 de ascu\u021bit de pe pia\u021b\u0103<\/li>\n<li>Poate fi folosit cu ap\u0103 sau ulei<\/li>\n<li>Dimensiuni si greutate:<\/li>\n<li>Inaltime 1,6 cm<\/li>\n<li>Inaltime cutie\/cutie 3,7 cm<\/li>\n<li>Inaltime utila 1,6 cm<\/li>\n<li>Lungime 21 cm<\/li>\n<li>Lungime cutie 22,3 cm<\/li>\n<li>Piesa utilizabila 21 cm<\/li>\n<li>Greutate 510 g<\/li>\n<li>Latime 7 cm<\/li>\n<li>Latime cutie 8,6 cm<\/li>\n<li>L\u0103\u021bimea util\u0103 a p\u0103r\u021bii 7 cm<\/li>\n<li>Materiale:<\/li>\n<li>Ceramica abraziva, alumina alba<\/li>\n<li>Liant ceramic<\/li>\n<\/ul>","protected":false},"featured_media":624,"comment_status":"open","ping_status":"closed","template":"","meta":[],"product_brand":[],"product_cat":[290],"product_tag":[145,144,143],"class_list":{"0":"post-621","1":"product","2":"type-product","3":"status-publish","4":"has-post-thumbnail","6":"product_cat-whetstones","7":"product_tag-k0711","8":"product_tag-murasaki","9":"product_tag-shapton","10":"product_shipping_class-iprastas","12":"first","13":"outofstock","14":"shipping-taxable","15":"purchasable","16":"product-type-simple"},"_links":{"self":[{"href":"https:\/\/jnats.eu\/ro\/wp-json\/wp\/v2\/product\/621","targetHints":{"allow":["GET"]}}],"collection":[{"href":"https:\/\/jnats.eu\/ro\/wp-json\/wp\/v2\/product"}],"about":[{"href":"https:\/\/jnats.eu\/ro\/wp-json\/wp\/v2\/types\/product"}],"replies":[{"embeddable":true,"href":"https:\/\/jnats.eu\/ro\/wp-json\/wp\/v2\/comments?post=621"}],"wp:featuredmedia":[{"embeddable":true,"href":"https:\/\/jnats.eu\/ro\/wp-json\/wp\/v2\/media\/624"}],"wp:attachment":[{"href":"https:\/\/jnats.eu\/ro\/wp-json\/wp\/v2\/media?parent=621"}],"wp:term":[{"taxonomy":"product_brand","embeddable":true,"href":"https:\/\/jnats.eu\/ro\/wp-json\/wp\/v2\/product_brand?post=621"},{"taxonomy":"product_cat","embeddable":true,"href":"https:\/\/jnats.eu\/ro\/wp-json\/wp\/v2\/product_cat?post=621"},{"taxonomy":"product_tag","embeddable":true,"href":"https:\/\/jnats.eu\/ro\/wp-json\/wp\/v2\/product_tag?post=621"}],"curies":[{"name":"wp","href":"https:\/\/api.w.org\/{rel}","templated":true}]}}