{"id":628,"date":"2024-03-11T10:24:53","date_gmt":"2024-03-11T08:24:53","guid":{"rendered":"http:\/\/jnats.eu\/?post_type=product&#038;p=628"},"modified":"2024-09-21T14:43:37","modified_gmt":"2024-09-21T11:43:37","slug":"kamisori-tamahagane-tradicinis-japoniskas-skustuvas","status":"publish","type":"product","link":"https:\/\/jnats.eu\/ro\/product-2\/kamisori-tamahagane-tradicinis-japoniskas-skustuvas\/","title":{"rendered":"Kamisori Tamahagane Eisho aparat de ras tradi\u021bional japonez"},"content":{"rendered":"<p>Brici antic japonez Kamisori Eisho cu lam\u0103 de o\u021bel Tamahagane<\/p>\n\n\n\n<p>Experimenta\u021bi m\u0103iestria atemporal\u0103 \u0219i m\u0103iestria de neegalat a fabric\u0103rii aparatului de ras japonez cu aparatul de ras antic Kamisori cu lame de o\u021bel Tamahagane. Creat de me\u0219teri pricepu\u021bi, acest aparat de ras \u00eentruchipeaz\u0103 secole de tradi\u021bii japoneze de fier\u0103rie a s\u0103biilor, oferind o combina\u021bie de design rafinat \u0219i un b\u0103rbierit excelent.<\/p>\n\n\n\n<p>Lama acestui aparat de ras Kamisori este forjat\u0103 din o\u021bel autentic Tamahagane, renumit pentru claritatea excep\u021bional\u0103, durabilitatea \u0219i modelele de granula\u021bie clare. Fiecare cu\u021bit este realizat cu aten\u021bie pentru a asigura performan\u021be excelente de t\u0103iere \u0219i durabilitate.<\/p>\n\n\n\n<p>Fierarul \u00eenvele\u0219te un miez de o\u021bel dur \u00eentr-o teac\u0103 mai moale, la fel ca \u00een celebrele katane japoneze.<\/p>\n\n\n\n<p>Autenticitate \u0219i patrimoniu: Fiind o pies\u0103 antic\u0103, acest aparat de ras Kamisori are o mo\u0219tenire bogat\u0103 de m\u0103iestrie japonez\u0103 \u0219i semnifica\u021bie cultural\u0103. Fiecare aparat de ras este o dovad\u0103 a d\u0103ruirii \u0219i a talentului artizanilor care au p\u0103strat tradi\u021bia de produc\u021bie Kamisori de genera\u021bii.<\/p>\n\n\n\n<p>Specificatii:<\/p>\n\n\n\n<ul class=\"wp-block-list\">\n<li>Materialul lamei: o\u021belul Tamahagane este \u00eent\u0103rit la o duritate foarte mare \u2013 p\u00e2n\u0103 la 70 HRC. Prin urmare, \u00ee\u0219i p\u0103streaz\u0103 claritatea mult timp.<\/li>\n\n\n\n<li>Lungimea lamei: 40 mm<\/li>\n\n\n\n<li>Material maner: otel<\/li>\n\n\n\n<li>Lungime totala: 143 mm<\/li>\n\n\n\n<li>Maestrul: Eisho<\/li>\n\n\n\n<li>Origine: Japonia<\/li>\n<\/ul>\n\n\n\n<figure class=\"wp-block-embed is-type-video is-provider-youtube wp-block-embed-youtube wp-embed-aspect-16-9 wp-has-aspect-ratio\"><div class=\"wp-block-embed__wrapper\">\n<div class=\"video-container\"><iframe title=\"Brici tradi\u021bional japonez Kamisori Tamahagane\" width=\"1170\" height=\"658\" src=\"https:\/\/www.youtube.com\/embed\/Xmzw6qqJJ6w?feature=oembed\" frameborder=\"0\" allow=\"accelerometer; autoplay; clipboard-write; encrypted-media; gyroscope; picture-in-picture; web-share\" allowfullscreen><\/iframe><\/div>\n<\/div><\/figure>","protected":false},"excerpt":{"rendered":"<ul>\n<li>Materialul lamei: o\u021belul Tamahagane este \u00eent\u0103rit la o duritate foarte mare \u2013 p\u00e2n\u0103 la 70 HRC. Prin urmare, \u00ee\u0219i p\u0103streaz\u0103 claritatea mult timp.<\/li>\n<li>Lungimea lamei: 40 mm<\/li>\n<li>Material maner: otel<\/li>\n<li>Lungime totala: 143 mm<\/li>\n<li>Maestrul: Eisho<\/li>\n<li>Origine: Japonia<\/li>\n<\/ul>","protected":false},"featured_media":1095,"comment_status":"open","ping_status":"closed","template":"","meta":[],"product_brand":[],"product_cat":[23],"product_tag":[25,147,26],"class_list":{"0":"post-628","1":"product","2":"type-product","3":"status-publish","4":"has-post-thumbnail","6":"product_cat-razors","7":"product_tag-kamisori","8":"product_tag-kamisori-tamahagane","9":"product_tag-tamahagane","10":"product_shipping_class-light","12":"first","13":"outofstock","14":"sold-individually","15":"shipping-taxable","16":"purchasable","17":"product-type-variable"},"_links":{"self":[{"href":"https:\/\/jnats.eu\/ro\/wp-json\/wp\/v2\/product\/628","targetHints":{"allow":["GET"]}}],"collection":[{"href":"https:\/\/jnats.eu\/ro\/wp-json\/wp\/v2\/product"}],"about":[{"href":"https:\/\/jnats.eu\/ro\/wp-json\/wp\/v2\/types\/product"}],"replies":[{"embeddable":true,"href":"https:\/\/jnats.eu\/ro\/wp-json\/wp\/v2\/comments?post=628"}],"wp:featuredmedia":[{"embeddable":true,"href":"https:\/\/jnats.eu\/ro\/wp-json\/wp\/v2\/media\/1095"}],"wp:attachment":[{"href":"https:\/\/jnats.eu\/ro\/wp-json\/wp\/v2\/media?parent=628"}],"wp:term":[{"taxonomy":"product_brand","embeddable":true,"href":"https:\/\/jnats.eu\/ro\/wp-json\/wp\/v2\/product_brand?post=628"},{"taxonomy":"product_cat","embeddable":true,"href":"https:\/\/jnats.eu\/ro\/wp-json\/wp\/v2\/product_cat?post=628"},{"taxonomy":"product_tag","embeddable":true,"href":"https:\/\/jnats.eu\/ro\/wp-json\/wp\/v2\/product_tag?post=628"}],"curies":[{"name":"wp","href":"https:\/\/api.w.org\/{rel}","templated":true}]}}