{"id":638,"date":"2025-01-22T14:32:21","date_gmt":"2025-01-22T12:32:21","guid":{"rendered":"http:\/\/jnats.eu\/?post_type=product&#038;p=638"},"modified":"2026-01-17T11:36:53","modified_gmt":"2026-01-17T09:36:53","slug":"kamisori-tradiciniai-japoniski-skustuvai","status":"publish","type":"product","link":"https:\/\/jnats.eu\/ro\/product-2\/kamisori-tradiciniai-japoniski-skustuvai\/","title":{"rendered":"Aparate de ras japoneze tradi\u021bionale de epoc\u0103 Kamisori"},"content":{"rendered":"<p>Similar cu o sabie tradi\u021bional\u0103 de samurai, ace\u0219ti Kamisori au fost forja\u021bi manual din 2 straturi, partea t\u0103ietoare din o\u021bel cu con\u021binut ridicat de carbon \u0219i stratul de sus\u021binere a unuia mai simplu. Stratul de o\u021bel este fragil \u0219i dur, \u00een timp ce carcasa ofer\u0103 flexibilitatea necesar\u0103.<\/p>\n\n\n\n<figure class=\"wp-block-embed is-type-video is-provider-youtube wp-block-embed-youtube wp-embed-aspect-16-9 wp-has-aspect-ratio\"><div class=\"wp-block-embed__wrapper\">\n<div class=\"video-container\"><iframe title=\"Brici tradi\u021bionale japoneze de epoc\u0103 Kamisori\" width=\"1170\" height=\"658\" src=\"https:\/\/www.youtube.com\/embed\/mX8JwuToyuw?feature=oembed\" frameborder=\"0\" allow=\"accelerometer; autoplay; clipboard-write; encrypted-media; gyroscope; picture-in-picture; web-share\" referrerpolicy=\"strict-origin-when-cross-origin\" allowfullscreen><\/iframe><\/div>\n<\/div><\/figure>\n\n\n\n<p>Ambele straturi nu sunt rezistente la rugin\u0103, a\u0219a c\u0103 p\u0103stra\u021bi \u00eentotdeauna aparatul de ras uscat dup\u0103 b\u0103rbierit \u0219i proteja\u021bi-l cu un strat sub\u021bire de ulei. De ce rugine\u0219te acest cu\u021bit? Cu\u021bitele din inox sunt fabricate dintr-un aliaj care va preveni formarea petelor de coroziune, dar va fi \u0219i mai pu\u021bin dure. O\u021belul cu con\u021binut ridicat de carbon, precum stratul de t\u0103iere al acestui Kamisori, ofer\u0103 o duritate mult mai mare \u0219i va men\u021bine un b\u0103rbierit fin mult mai mult timp \u00eenainte de a fi nevoie s\u0103 fie ascu\u021bit din nou!<\/p>","protected":false},"excerpt":{"rendered":"<p>Similar cu o sabie tradi\u021bional\u0103 de samurai, ace\u0219ti Kamisori au fost forja\u021bi manual din 2 straturi, partea t\u0103ietoare din o\u021bel cu con\u021binut ridicat de carbon \u0219i stratul de sus\u021binere a unuia mai simplu. Stratul de o\u021bel este fragil \u0219i dur, \u00een timp ce carcasa ofer\u0103 flexibilitatea necesar\u0103.<\/p>\n<p><strong>Folosi\u021bi \u0219i nu ascu\u021bi\u021bi.<\/strong><\/p>\n<p>Dac\u0103 nu vezi nr. \u00eenseamn\u0103 c\u0103 articolul este v\u00e2ndut.<\/p>\n<p>&nbsp;<\/p>","protected":false},"featured_media":3833,"comment_status":"open","ping_status":"closed","template":"","meta":[],"product_brand":[],"product_cat":[23],"product_tag":[25],"class_list":{"0":"post-638","1":"product","2":"type-product","3":"status-publish","4":"has-post-thumbnail","6":"product_cat-razors","7":"product_tag-kamisori","8":"product_shipping_class-light","10":"first","11":"instock","12":"sale","13":"sold-individually","14":"shipping-taxable","15":"purchasable","16":"product-type-variable"},"_links":{"self":[{"href":"https:\/\/jnats.eu\/ro\/wp-json\/wp\/v2\/product\/638","targetHints":{"allow":["GET"]}}],"collection":[{"href":"https:\/\/jnats.eu\/ro\/wp-json\/wp\/v2\/product"}],"about":[{"href":"https:\/\/jnats.eu\/ro\/wp-json\/wp\/v2\/types\/product"}],"replies":[{"embeddable":true,"href":"https:\/\/jnats.eu\/ro\/wp-json\/wp\/v2\/comments?post=638"}],"wp:featuredmedia":[{"embeddable":true,"href":"https:\/\/jnats.eu\/ro\/wp-json\/wp\/v2\/media\/3833"}],"wp:attachment":[{"href":"https:\/\/jnats.eu\/ro\/wp-json\/wp\/v2\/media?parent=638"}],"wp:term":[{"taxonomy":"product_brand","embeddable":true,"href":"https:\/\/jnats.eu\/ro\/wp-json\/wp\/v2\/product_brand?post=638"},{"taxonomy":"product_cat","embeddable":true,"href":"https:\/\/jnats.eu\/ro\/wp-json\/wp\/v2\/product_cat?post=638"},{"taxonomy":"product_tag","embeddable":true,"href":"https:\/\/jnats.eu\/ro\/wp-json\/wp\/v2\/product_tag?post=638"}],"curies":[{"name":"wp","href":"https:\/\/api.w.org\/{rel}","templated":true}]}}