{"id":688,"date":"2025-03-20T09:13:48","date_gmt":"2025-03-20T07:13:48","guid":{"rendered":"http:\/\/jnats.eu\/?post_type=product&#038;p=688"},"modified":"2026-03-10T23:08:44","modified_gmt":"2026-03-10T21:08:44","slug":"shobudani-ikumurasaki-japoniskas-naturalus-galandimo-akmuo","status":"publish","type":"product","link":"https:\/\/jnats.eu\/ro\/product-2\/shobudani-ikumurasaki-japoniskas-naturalus-galandimo-akmuo\/","title":{"rendered":"Shobudani Ikumurasaki Lv 4 Piatr\u0103 natural\u0103 japonez\u0103 de ascu\u021bit"},"content":{"rendered":"<p>Shobudani este una dintre cele mai faimoase \u0219i foarte apreciate mine (dup\u0103 Nakayama) din Japonia, renumit\u0103 pentru pietrele naturale de ascu\u021bit de \u00eenalt\u0103 calitate. Aceste pietre sunt apreciate pentru propriet\u0103\u021bile lor unice, care ajut\u0103 la ob\u021binerea unor rezultate excelente de ascu\u021bire.<\/p>\n\n\n\n<figure class=\"wp-block-embed is-type-video is-provider-youtube wp-block-embed-youtube wp-embed-aspect-16-9 wp-has-aspect-ratio\"><div class=\"wp-block-embed__wrapper\">\n<div class=\"video-container\"><iframe title=\"Jnats: Nakayama Tomae, Aiwatani Kiita, Shobudani Ikimurasaki\" width=\"1170\" height=\"658\" src=\"https:\/\/www.youtube.com\/embed\/MiOfq4JKRL4?start=125&#038;feature=oembed\" frameborder=\"0\" allow=\"accelerometer; autoplay; clipboard-write; encrypted-media; gyroscope; picture-in-picture; web-share\" referrerpolicy=\"strict-origin-when-cross-origin\" allowfullscreen><\/iframe><\/div>\n<\/div><\/figure>\n\n\n\n<p>Pietrele naturale japoneze de ascu\u021bit, cum ar fi cele extrase la mina Shobudani, sunt cunoscute pentru capacitatea lor de a oferi lamelor ascu\u021bire de lung\u0103 durat\u0103 \u0219i un finisaj de \u00eenalt\u0103 calitate. Ele sunt adesea folosite pentru ascu\u021birea aparatelor de ras, cu\u021bitelor \u0219i uneltelor de t\u00e2mpl\u0103rie. Datorit\u0103 rarit\u0103\u021bii \u0219i valorii lor estetice, pietrele de \u00eenalt\u0103 calitate de la Shobudani sunt foarte apreciate de colec\u021bionari \u0219i ascu\u021bitori profesioni\u0219ti.<\/p>","protected":false},"excerpt":{"rendered":"<ul>\n<li>Potrivit pentru finisarea briciurilor, cu\u021bitelor \u0219i uneltelor.<\/li>\n<li>Dimensiuni: 205x74x22 mm<\/li>\n<li>Greutate cu suport 810 g<\/li>\n<li>Duritate: Lv 4<\/li>\n<li>Linii sigure<\/li>\n<\/ul>","protected":false},"featured_media":4174,"comment_status":"open","ping_status":"closed","template":"","meta":[],"product_brand":[],"product_cat":[22],"product_tag":[44],"class_list":{"0":"post-688","1":"product","2":"type-product","3":"status-publish","4":"has-post-thumbnail","6":"product_cat-jnats","7":"product_tag-shobudani","8":"product_shipping_class-iprastas","10":"first","11":"outofstock","12":"shipping-taxable","13":"purchasable","14":"product-type-simple"},"_links":{"self":[{"href":"https:\/\/jnats.eu\/ro\/wp-json\/wp\/v2\/product\/688","targetHints":{"allow":["GET"]}}],"collection":[{"href":"https:\/\/jnats.eu\/ro\/wp-json\/wp\/v2\/product"}],"about":[{"href":"https:\/\/jnats.eu\/ro\/wp-json\/wp\/v2\/types\/product"}],"replies":[{"embeddable":true,"href":"https:\/\/jnats.eu\/ro\/wp-json\/wp\/v2\/comments?post=688"}],"wp:featuredmedia":[{"embeddable":true,"href":"https:\/\/jnats.eu\/ro\/wp-json\/wp\/v2\/media\/4174"}],"wp:attachment":[{"href":"https:\/\/jnats.eu\/ro\/wp-json\/wp\/v2\/media?parent=688"}],"wp:term":[{"taxonomy":"product_brand","embeddable":true,"href":"https:\/\/jnats.eu\/ro\/wp-json\/wp\/v2\/product_brand?post=688"},{"taxonomy":"product_cat","embeddable":true,"href":"https:\/\/jnats.eu\/ro\/wp-json\/wp\/v2\/product_cat?post=688"},{"taxonomy":"product_tag","embeddable":true,"href":"https:\/\/jnats.eu\/ro\/wp-json\/wp\/v2\/product_tag?post=688"}],"curies":[{"name":"wp","href":"https:\/\/api.w.org\/{rel}","templated":true}]}}