{"id":698,"date":"2024-03-11T18:21:19","date_gmt":"2024-03-11T16:21:19","guid":{"rendered":"http:\/\/jnats.eu\/?post_type=product&#038;p=698"},"modified":"2025-01-25T14:00:21","modified_gmt":"2025-01-25T12:00:21","slug":"narutaki-japoniskas-naturalus-galandimo-akmuo-2","status":"publish","type":"product","link":"https:\/\/jnats.eu\/ro\/product-2\/narutaki-japoniskas-naturalus-galandimo-akmuo-2\/","title":{"rendered":"Piatr\u0103 de ascu\u021bit natural\u0103 japonez\u0103 Narutaki"},"content":{"rendered":"<p>Nr. 1&nbsp;<\/p>\n\n\n\n<ul class=\"wp-block-list\">\n<li>Potrivit pentru finisarea briciurilor, cu\u021bitelor \u0219i a altor instrumente.<\/li>\n\n\n\n<li>Dimensiuni: 208x78x33 mm<\/li>\n\n\n\n<li>Greutate 1320 g<\/li>\n\n\n\n<li>Duritate: Lv 4<\/li>\n<\/ul>\n\n\n\n<figure class=\"wp-block-embed is-type-video is-provider-youtube wp-block-embed-youtube wp-embed-aspect-16-9 wp-has-aspect-ratio\"><div class=\"wp-block-embed__wrapper\">\n<div class=\"video-container\"><iframe title=\"Narutaki japonez natural ascu\u021bire whetstone Pace razor de epoc\u0103\" width=\"1170\" height=\"658\" src=\"https:\/\/www.youtube.com\/embed\/cjV-H4y3MSs?feature=oembed\" frameborder=\"0\" allow=\"accelerometer; autoplay; clipboard-write; encrypted-media; gyroscope; picture-in-picture; web-share\" referrerpolicy=\"strict-origin-when-cross-origin\" allowfullscreen><\/iframe><\/div>\n<\/div><\/figure>\n\n\n\n<p>Nr. 2<\/p>\n\n\n\n<ul class=\"wp-block-list\">\n<li>Potrivit pentru finisarea briciurilor, cu\u021bitelor \u0219i uneltelor.<\/li>\n\n\n\n<li>Dimensiuni: 207x76x32 mm<\/li>\n\n\n\n<li>Greutate 1270 g<\/li>\n\n\n\n<li>Duritate: Lv 4.5<\/li>\n<\/ul>\n\n\n\n<figure class=\"wp-block-embed is-type-video is-provider-youtube wp-block-embed-youtube wp-embed-aspect-16-9 wp-has-aspect-ratio\"><div class=\"wp-block-embed__wrapper\">\n<div class=\"video-container\"><iframe title=\"Narutaki Piatr\u0103 de ascu\u021bit natural\u0103 japonez\u0103 Whetstone\" width=\"1170\" height=\"658\" src=\"https:\/\/www.youtube.com\/embed\/0nEhbGQTV3Y?feature=oembed\" frameborder=\"0\" allow=\"accelerometer; autoplay; clipboard-write; encrypted-media; gyroscope; picture-in-picture; web-share\" referrerpolicy=\"strict-origin-when-cross-origin\" allowfullscreen><\/iframe><\/div>\n<\/div><\/figure>\n\n\n\n<p>Nr. 3<\/p>\n\n\n\n<ul class=\"wp-block-list\">\n<li>Potrivit pentru cu\u021bite \u0219i unelte de finisare.<\/li>\n\n\n\n<li>Dimensiuni: 204x73x36 mm<\/li>\n\n\n\n<li>Greutate 1500 g<\/li>\n\n\n\n<li>Duritate: Lv 4<\/li>\n<\/ul>\n\n\n\n<figure class=\"wp-block-embed is-type-video is-provider-youtube wp-block-embed-youtube wp-embed-aspect-16-9 wp-has-aspect-ratio\"><div class=\"wp-block-embed__wrapper\">\n<div class=\"video-container\"><iframe title=\"Piatr\u0103 de ascu\u021bit natural\u0103 japonez\u0103 Narutaki\" width=\"1170\" height=\"658\" src=\"https:\/\/www.youtube.com\/embed\/0Y3N0kWd9cM?feature=oembed\" frameborder=\"0\" allow=\"accelerometer; autoplay; clipboard-write; encrypted-media; gyroscope; picture-in-picture; web-share\" allowfullscreen><\/iframe><\/div>\n<\/div><\/figure>\n\n\n\n<p>Principalele avantaje ale pietrelor naturale japoneze de ascu\u021bit:<\/p>\n\n\n\n<ul class=\"wp-block-list\">\n<li>Uneltele r\u0103m\u00e2n ascu\u021bite mai mult timp<\/li>\n\n\n\n<li>Pietrele nu se contamineaz\u0103 cu de\u0219euri metalice<\/li>\n\n\n\n<li>U\u0219or de \u00eendep\u0103rtat supapa de poart\u0103<\/li>\n\n\n\n<li>Un r\u0103spuns uimitor care v\u0103 permite s\u0103 sim\u021bi\u021bi exact ce se \u00eent\u00e2mpl\u0103 pe suprafa\u021ba metalic\u0103.<\/li>\n<\/ul>","protected":false},"excerpt":{"rendered":"<p>Nr. 1<\/p>\n<ul>\n<li>Potrivit pentru cu\u021bite \u0219i unelte de finisare.<\/li>\n<li>Dimensiuni: 208x78x33 mm<\/li>\n<li>Greutate 1320 g<\/li>\n<li>Duritate: Lv 4<\/li>\n<\/ul>\n<p>Nr. 2<\/p>\n<ul>\n<li>Potrivit pentru finisarea briciurilor, cu\u021bitelor \u0219i uneltelor.<\/li>\n<li>Dimensiuni: 207x76x32 mm<\/li>\n<li>Greutate 1270 g<\/li>\n<li>Duritate: Lv 4.5<\/li>\n<\/ul>\n<p>Nr. 3<\/p>\n<ul>\n<li>Potrivit pentru cu\u021bite \u0219i unelte de finisare.<\/li>\n<li>Dimensiuni: 204x73x36 mm<\/li>\n<li>Greutate 1500 g<\/li>\n<li>Duritate: Lv 4<\/li>\n<\/ul>","protected":false},"featured_media":1320,"comment_status":"open","ping_status":"closed","template":"","meta":[],"product_brand":[],"product_cat":[22],"product_tag":[146],"class_list":{"0":"post-698","1":"product","2":"type-product","3":"status-publish","4":"has-post-thumbnail","6":"product_cat-jnats","7":"product_tag-narutaki","8":"product_shipping_class-iprastas","10":"first","11":"instock","12":"sold-individually","13":"shipping-taxable","14":"purchasable","15":"product-type-variable"},"_links":{"self":[{"href":"https:\/\/jnats.eu\/ro\/wp-json\/wp\/v2\/product\/698","targetHints":{"allow":["GET"]}}],"collection":[{"href":"https:\/\/jnats.eu\/ro\/wp-json\/wp\/v2\/product"}],"about":[{"href":"https:\/\/jnats.eu\/ro\/wp-json\/wp\/v2\/types\/product"}],"replies":[{"embeddable":true,"href":"https:\/\/jnats.eu\/ro\/wp-json\/wp\/v2\/comments?post=698"}],"wp:featuredmedia":[{"embeddable":true,"href":"https:\/\/jnats.eu\/ro\/wp-json\/wp\/v2\/media\/1320"}],"wp:attachment":[{"href":"https:\/\/jnats.eu\/ro\/wp-json\/wp\/v2\/media?parent=698"}],"wp:term":[{"taxonomy":"product_brand","embeddable":true,"href":"https:\/\/jnats.eu\/ro\/wp-json\/wp\/v2\/product_brand?post=698"},{"taxonomy":"product_cat","embeddable":true,"href":"https:\/\/jnats.eu\/ro\/wp-json\/wp\/v2\/product_cat?post=698"},{"taxonomy":"product_tag","embeddable":true,"href":"https:\/\/jnats.eu\/ro\/wp-json\/wp\/v2\/product_tag?post=698"}],"curies":[{"name":"wp","href":"https:\/\/api.w.org\/{rel}","templated":true}]}}