{"id":714,"date":"2024-03-11T18:36:21","date_gmt":"2024-03-11T16:36:21","guid":{"rendered":"http:\/\/jnats.eu\/?post_type=product&#038;p=714"},"modified":"2025-01-02T11:05:58","modified_gmt":"2025-01-02T09:05:58","slug":"mikawa-button-nagura","status":"publish","type":"product","link":"https:\/\/jnats.eu\/ro\/product-2\/mikawa-button-nagura\/","title":{"rendered":"Mikawa Botan Nagura Piatra naturala de ascutit japoneza"},"content":{"rendered":"<p>Aceste pietre de coacere naturale, extrase \u00een prefectura Aichi, Japonia, au fost folosite de secole ca parte a procesului de lustruire a s\u0103biilor tradi\u021bionale samurai japoneze. Au devenit populare \u00een ultimii ani \u0219i sunt folosite pentru lustruirea \u0219i ascu\u021birea multor alte unelte ascu\u021bite. Datorit\u0103 vitezei \u0219i dimensiunii uniforme ale particulelor, aceste pietre sunt foarte eficiente pentru cu\u021bitele de buc\u0103t\u0103rie. Capacitatea de a crea o margine ascu\u021bit\u0103 cu un echilibru perfect de claritate \u0219i perfec\u021biune, precum \u0219i lustruire detaliat\u0103 \u0219i uniform\u0103 a suprafe\u021bei. Sunt ideale pentru ascu\u021birea dup\u0103 zg\u00e2rieturi de la pietrele de copt sintetice cu granula\u021bie medie. Poate fi util ca lustruitor primar \u00eempotriva pietrelor naturale foarte fine \u0219i poate servi bine pentru finisarea cu\u021bitelor din o\u021bel laminat \u0219i mono.<\/p>\n\n\n\n<p>Piatra Mikawa Botan Nagura \u00eendep\u0103rteaz\u0103 cu u\u0219urin\u021b\u0103 zg\u00e2rieturile mai grosiere. Senza\u021bie de ascu\u021bire neted\u0103 care nu \u201eprinde\u201d lama \u0219i linie detaliat\u0103 de \u0219urub \u0219i \u00eenghe\u021b str\u0103lucitor pe o\u021bel cu zg\u00e2rieturi fine. Lama perfect zim\u021bat\u0103 este potrivit\u0103 pentru orice cu\u021bit de buc\u0103t\u0103rie.<\/p>\n\n\n\n<ul class=\"wp-block-list\">\n<li>Potrivit pentru finisarea \u0219i lustruirea cu\u021bitelor \u0219i uneltelor<\/li>\n\n\n\n<li>Dimensiuni: 210x79x41 mm<\/li>\n\n\n\n<li>Greutate 1470 g<\/li>\n\n\n\n<li>Duritate: Lv 3.5<\/li>\n\n\n\n<li>Piatra de forma foarte rapida si regulata.<\/li>\n\n\n\n<li>Ambele p\u0103r\u021bi sunt potrivite pentru lucru.<\/li>\n<\/ul>\n\n\n\n<figure class=\"wp-block-embed is-type-video is-provider-youtube wp-block-embed-youtube wp-embed-aspect-16-9 wp-has-aspect-ratio\"><div class=\"wp-block-embed__wrapper\">\n<div class=\"video-container\"><iframe title=\"Mikawa Button Nagura piatr\u0103 natural\u0103 japonez\u0103\" width=\"1170\" height=\"658\" src=\"https:\/\/www.youtube.com\/embed\/J3MLGWThONE?feature=oembed\" frameborder=\"0\" allow=\"accelerometer; autoplay; clipboard-write; encrypted-media; gyroscope; picture-in-picture; web-share\" allowfullscreen><\/iframe><\/div>\n<\/div><\/figure>\n\n\n\n<p>Principalele avantaje ale pietrelor naturale japoneze de ascu\u021bit:<\/p>\n\n\n\n<ul class=\"wp-block-list\">\n<li>Uneltele r\u0103m\u00e2n ascu\u021bite mai mult timp<\/li>\n\n\n\n<li>Pietrele nu se contamineaz\u0103 cu de\u0219euri metalice<\/li>\n\n\n\n<li>U\u0219or de \u00eendep\u0103rtat supapa de poart\u0103<\/li>\n\n\n\n<li>Un r\u0103spuns uimitor care v\u0103 permite s\u0103 sim\u021bi\u021bi exact ce se \u00eent\u00e2mpl\u0103 pe suprafa\u021ba metalic\u0103.<\/li>\n<\/ul>","protected":false},"excerpt":{"rendered":"<p><!-- wp:list --><\/p>\n<ul><!-- wp:list-item --><\/p>\n<li>Potrivit pentru finisarea \u0219i lustruirea cu\u021bitelor \u0219i uneltelor<\/li>\n<p><!-- \/wp:list-item --><\/p>\n<p><!-- wp:list-item --><\/p>\n<li>Dimensiuni: 210\u00d741 mm<\/li>\n<p><!-- \/wp:list-item --><\/p>\n<p><!-- wp:list-item --><\/p>\n<li>Greutate 1470 g<\/li>\n<p><!-- \/wp:list-item --><\/p>\n<p><!-- wp:list-item --><\/p>\n<li>Duritate: Lv 3.5<\/li>\n<p><!-- \/wp:list-item --><\/p>\n<p><!-- wp:list-item --><\/p>\n<li>Piatra de forma foarte rapida si regulata.<\/li>\n<p><!-- \/wp:list-item --><\/p>\n<p><!-- wp:list-item --><\/p>\n<li>Ambele p\u0103r\u021bi sunt potrivite pentru lucru.<\/li>\n<p><!-- \/wp:list-item --><\/ul>\n<p><!-- \/wp:list --><\/p>","protected":false},"featured_media":1308,"comment_status":"open","ping_status":"closed","template":"","meta":[],"product_brand":[],"product_cat":[22],"product_tag":[152,151,153],"class_list":{"0":"post-714","1":"product","2":"type-product","3":"status-publish","4":"has-post-thumbnail","6":"product_cat-jnats","7":"product_tag-button","8":"product_tag-mikawa","9":"product_tag-nagura","10":"product_shipping_class-iprastas","12":"first","13":"outofstock","14":"sale","15":"shipping-taxable","16":"purchasable","17":"product-type-simple"},"_links":{"self":[{"href":"https:\/\/jnats.eu\/ro\/wp-json\/wp\/v2\/product\/714","targetHints":{"allow":["GET"]}}],"collection":[{"href":"https:\/\/jnats.eu\/ro\/wp-json\/wp\/v2\/product"}],"about":[{"href":"https:\/\/jnats.eu\/ro\/wp-json\/wp\/v2\/types\/product"}],"replies":[{"embeddable":true,"href":"https:\/\/jnats.eu\/ro\/wp-json\/wp\/v2\/comments?post=714"}],"wp:featuredmedia":[{"embeddable":true,"href":"https:\/\/jnats.eu\/ro\/wp-json\/wp\/v2\/media\/1308"}],"wp:attachment":[{"href":"https:\/\/jnats.eu\/ro\/wp-json\/wp\/v2\/media?parent=714"}],"wp:term":[{"taxonomy":"product_brand","embeddable":true,"href":"https:\/\/jnats.eu\/ro\/wp-json\/wp\/v2\/product_brand?post=714"},{"taxonomy":"product_cat","embeddable":true,"href":"https:\/\/jnats.eu\/ro\/wp-json\/wp\/v2\/product_cat?post=714"},{"taxonomy":"product_tag","embeddable":true,"href":"https:\/\/jnats.eu\/ro\/wp-json\/wp\/v2\/product_tag?post=714"}],"curies":[{"name":"wp","href":"https:\/\/api.w.org\/{rel}","templated":true}]}}