{"id":726,"date":"2024-03-11T18:46:54","date_gmt":"2024-03-11T16:46:54","guid":{"rendered":"http:\/\/jnats.eu\/?post_type=product&#038;p=726"},"modified":"2024-10-21T14:33:04","modified_gmt":"2024-10-21T11:33:04","slug":"ho-nagura-japoniskas-naturalus-akmuo","status":"publish","type":"product","link":"https:\/\/jnats.eu\/ro\/product-2\/ho-nagura-japoniskas-naturalus-akmuo\/","title":{"rendered":"Piatra naturala japoneza Ho Nagura"},"content":{"rendered":"<p>Aceste pietre de coacere naturale, extrase \u00een prefectura Aichi, Japonia, au fost folosite de secole ca parte a procesului de lustruire a s\u0103biilor tradi\u021bionale samurai japoneze. Au devenit populare \u00een ultimii ani \u0219i sunt folosite pentru lustruirea \u0219i ascu\u021birea multor alte unelte ascu\u021bite. Datorit\u0103 vitezei \u0219i dimensiunii uniforme ale particulelor, aceste pietre sunt foarte eficiente pentru cu\u021bitele de buc\u0103t\u0103rie. Capacitatea de a crea o margine ascu\u021bit\u0103 cu un echilibru perfect de claritate \u0219i perfec\u021biune, precum \u0219i lustruire detaliat\u0103 \u0219i uniform\u0103 a suprafe\u021bei. Sunt ideale pentru ascu\u021birea dup\u0103 zg\u00e2rieturi de la pietrele de copt sintetice cu granula\u021bie medie. Poate fi util ca lustruitor primar \u00eempotriva pietrelor naturale foarte fine \u0219i poate servi bine pentru finisarea cu\u021bitelor din o\u021bel laminat \u0219i mono.<\/p>\n\n\n\n<p>Piatra Mikawa Button Nagura \u00eendep\u0103rteaz\u0103 cu u\u0219urin\u021b\u0103 zg\u00e2rieturile mai grosiere. Senza\u021bie de ascu\u021bire neted\u0103 care nu \u201eprinde\u201d lama \u0219i linie detaliat\u0103 de \u0219urub \u0219i \u00eenghe\u021b str\u0103lucitor pe o\u021bel cu zg\u00e2rieturi fine \u0219i pu\u021bin ad\u00e2nci. Lama perfect zim\u021bat\u0103 este potrivit\u0103 pentru orice cu\u021bit de buc\u0103t\u0103rie.<\/p>","protected":false},"excerpt":{"rendered":"<ul>\n<li>Potrivit pentru finisarea \u0219i lustruirea cu\u021bitelor \u0219i uneltelor<\/li>\n<p><!-- \/wp:list-item --><\/p>\n<p><!-- wp:list-item --><\/p>\n<li>Dimensiuni: 197x59x27 mm<\/li>\n<p><!-- \/wp:list-item --><\/p>\n<p><!-- wp:list-item --><\/p>\n<li>Greutate cu suport 840 g<\/li>\n<p><!-- \/wp:list-item --><\/p>\n<p><!-- wp:list-item --><\/p>\n<li>Duritate: Lv 3.5<\/li>\n<p><!-- \/wp:list-item --><\/p>\n<p><!-- wp:list-item --><\/p>\n<li>Piatra de forma foarte rapida si regulata.<\/li>\n<\/ul>","protected":false},"featured_media":1295,"comment_status":"open","ping_status":"closed","template":"","meta":[],"product_brand":[],"product_cat":[22],"product_tag":[153],"class_list":{"0":"post-726","1":"product","2":"type-product","3":"status-publish","4":"has-post-thumbnail","6":"product_cat-jnats","7":"product_tag-nagura","8":"product_shipping_class-iprastas","10":"first","11":"outofstock","12":"shipping-taxable","13":"purchasable","14":"product-type-simple"},"_links":{"self":[{"href":"https:\/\/jnats.eu\/ro\/wp-json\/wp\/v2\/product\/726","targetHints":{"allow":["GET"]}}],"collection":[{"href":"https:\/\/jnats.eu\/ro\/wp-json\/wp\/v2\/product"}],"about":[{"href":"https:\/\/jnats.eu\/ro\/wp-json\/wp\/v2\/types\/product"}],"replies":[{"embeddable":true,"href":"https:\/\/jnats.eu\/ro\/wp-json\/wp\/v2\/comments?post=726"}],"wp:featuredmedia":[{"embeddable":true,"href":"https:\/\/jnats.eu\/ro\/wp-json\/wp\/v2\/media\/1295"}],"wp:attachment":[{"href":"https:\/\/jnats.eu\/ro\/wp-json\/wp\/v2\/media?parent=726"}],"wp:term":[{"taxonomy":"product_brand","embeddable":true,"href":"https:\/\/jnats.eu\/ro\/wp-json\/wp\/v2\/product_brand?post=726"},{"taxonomy":"product_cat","embeddable":true,"href":"https:\/\/jnats.eu\/ro\/wp-json\/wp\/v2\/product_cat?post=726"},{"taxonomy":"product_tag","embeddable":true,"href":"https:\/\/jnats.eu\/ro\/wp-json\/wp\/v2\/product_tag?post=726"}],"curies":[{"name":"wp","href":"https:\/\/api.w.org\/{rel}","templated":true}]}}