{"id":741,"date":"2024-03-12T09:46:27","date_gmt":"2024-03-12T07:46:27","guid":{"rendered":"http:\/\/jnats.eu\/?post_type=product&#038;p=741"},"modified":"2025-03-02T02:24:54","modified_gmt":"2025-03-02T00:24:54","slug":"ozuku-mizu-asagi-japoniskas-naturalus-galandimo-akmuo","status":"publish","type":"product","link":"https:\/\/jnats.eu\/ro\/product-2\/ozuku-mizu-asagi-japoniskas-naturalus-galandimo-akmuo\/","title":{"rendered":"Ozuku Mizu Asagi Piatr\u0103 natural\u0103 japonez\u0103 de ascu\u021bit"},"content":{"rendered":"<ul class=\"wp-block-list\">\n<li>Potrivit pentru finisarea briciurilor, cu\u021bitelor \u0219i uneltelor.<\/li>\n\n\n\n<li>Dimensiuni: 208x72x12 mm<\/li>\n\n\n\n<li>Greutate cu suport 830 g<\/li>\n\n\n\n<li>Duritate: Lv 5+<\/li>\n\n\n\n<li>Linii sigure<\/li>\n\n\n\n<li>Piatra foarte dur\u0103 Ozuku Mizu Asagi este favorit\u0103 printre ascu\u021bitoarele de brici, deoarece permite o claritate maxim\u0103. Lucrul poate fi accelerat cu ajutorul suspensiei Nagura sau prin frecare cu o plac\u0103 de diamant grosier, dar acest lucru nu este necesar.<\/li>\n\n\n\n<li>Nu este dur, dar este foarte rezistent. Prin urmare, se va uza foarte \u00eencet \u0219i va dura mul\u021bi ani.<\/li>\n<\/ul>\n\n\n\n<figure class=\"wp-block-embed is-type-video is-provider-youtube wp-block-embed-youtube wp-embed-aspect-16-9 wp-has-aspect-ratio\"><div class=\"wp-block-embed__wrapper\">\n<div class=\"video-container\"><iframe title=\"Okudo Nashiji, Ozuku Mizu Asagi, Aiwatani pietre de ascu\u021bit naturale japoneze\" width=\"1170\" height=\"658\" src=\"https:\/\/www.youtube.com\/embed\/VB9YnumSvYY?start=315&#038;feature=oembed\" frameborder=\"0\" allow=\"accelerometer; autoplay; clipboard-write; encrypted-media; gyroscope; picture-in-picture; web-share\" allowfullscreen><\/iframe><\/div>\n<\/div><\/figure>\n\n\n\n<p>Principalele avantaje ale pietrelor naturale japoneze de ascu\u021bit:<\/p>\n\n\n\n<ul class=\"wp-block-list\">\n<li>Uneltele r\u0103m\u00e2n ascu\u021bite mai mult timp<\/li>\n\n\n\n<li>Pietrele nu se contamineaz\u0103 cu de\u0219euri metalice<\/li>\n\n\n\n<li>U\u0219or de \u00eendep\u0103rtat supapa de poart\u0103<\/li>\n\n\n\n<li>Un r\u0103spuns uimitor care v\u0103 permite s\u0103 sim\u021bi\u021bi exact ce se \u00eent\u00e2mpl\u0103 pe suprafa\u021ba metalic\u0103.<\/li>\n<\/ul>","protected":false},"excerpt":{"rendered":"<ul>\n<li>Potrivit pentru finisarea briciurilor, cu\u021bitelor \u0219i uneltelor.<\/li>\n<li>Dimensiuni: 208x72x12 mm<\/li>\n<li>Greutate cu suport 830 g<\/li>\n<li>Duritate: Lv 5+<\/li>\n<li>Linii sigure<\/li>\n<li>Piatra foarte dur\u0103 Ozuku Mizu Asagi este favorit\u0103 printre ascu\u021bitoarele de brici, deoarece permite o claritate maxim\u0103. Pute\u021bi accelera lucrul cu ajutorul suspensiei Nagura sau prin frecare cu o plac\u0103 de diamant grosier, dar acest lucru nu este necesar.<\/li>\n<li>Nu este dur, dar este foarte rezistent. Prin urmare, se va uza foarte \u00eencet \u0219i va dura mul\u021bi ani.<\/li>\n<\/ul>","protected":false},"featured_media":1339,"comment_status":"open","ping_status":"closed","template":"","meta":[],"product_brand":[],"product_cat":[22],"product_tag":[45,154,66],"class_list":{"0":"post-741","1":"product","2":"type-product","3":"status-publish","4":"has-post-thumbnail","6":"product_cat-jnats","7":"product_tag-asagi","8":"product_tag-mizu","9":"product_tag-ozuku","10":"product_shipping_class-iprastas","12":"first","13":"outofstock","14":"sale","15":"shipping-taxable","16":"purchasable","17":"product-type-simple"},"_links":{"self":[{"href":"https:\/\/jnats.eu\/ro\/wp-json\/wp\/v2\/product\/741","targetHints":{"allow":["GET"]}}],"collection":[{"href":"https:\/\/jnats.eu\/ro\/wp-json\/wp\/v2\/product"}],"about":[{"href":"https:\/\/jnats.eu\/ro\/wp-json\/wp\/v2\/types\/product"}],"replies":[{"embeddable":true,"href":"https:\/\/jnats.eu\/ro\/wp-json\/wp\/v2\/comments?post=741"}],"wp:featuredmedia":[{"embeddable":true,"href":"https:\/\/jnats.eu\/ro\/wp-json\/wp\/v2\/media\/1339"}],"wp:attachment":[{"href":"https:\/\/jnats.eu\/ro\/wp-json\/wp\/v2\/media?parent=741"}],"wp:term":[{"taxonomy":"product_brand","embeddable":true,"href":"https:\/\/jnats.eu\/ro\/wp-json\/wp\/v2\/product_brand?post=741"},{"taxonomy":"product_cat","embeddable":true,"href":"https:\/\/jnats.eu\/ro\/wp-json\/wp\/v2\/product_cat?post=741"},{"taxonomy":"product_tag","embeddable":true,"href":"https:\/\/jnats.eu\/ro\/wp-json\/wp\/v2\/product_tag?post=741"}],"curies":[{"name":"wp","href":"https:\/\/api.w.org\/{rel}","templated":true}]}}