{"id":754,"date":"2024-03-14T10:10:53","date_gmt":"2024-03-14T08:10:53","guid":{"rendered":"http:\/\/jnats.eu\/?post_type=product&#038;p=754"},"modified":"2025-08-11T19:28:19","modified_gmt":"2025-08-11T16:28:19","slug":"vintage-straight-razor-wade-butcher-frameback","status":"publish","type":"product","link":"https:\/\/jnats.eu\/ro\/product-2\/vintage-straight-razor-wade-butcher-frameback\/","title":{"rendered":"Razor drept vintage Wade &amp; Butcher Frameback"},"content":{"rendered":"<iframe width=\"560\" height=\"315\" src=\"https:\/\/www.youtube.com\/embed\/bfKa5VEhH0Q?si=WDpyiQD5cFJIpWQv\" title=\"player video YouTube\" frameborder=\"0\" allow=\"accelerometer; autoplay; clipboard-write; encrypted-media; gyroscope; picture-in-picture; web-share\" allowfullscreen><\/iframe>\n\n\n\n<p>Briciul drept Vintage Wade &amp; Butcher Frameback este un instrument clasic de \u00eengrijire care \u00eentruchipeaz\u0103 m\u0103iestria atemporal\u0103 a m\u0103rcii Wade &amp; Butcher. Realizat cu precizie \u0219i aten\u021bie la detalii, acest aparat de ras ofer\u0103 o experien\u021b\u0103 tradi\u021bional\u0103 de b\u0103rbierit, care aminte\u0219te de vremurile trecute.<\/p>\n\n\n\n<p>Caracteristici cheie:<\/p>\n\n\n\n<ol class=\"wp-block-list\">\n<li><strong>O\u021bel de \u00eenalt\u0103 calitate:<\/strong> Construit din o\u021bel de calitate premium, aparatul de ras Wade &amp; Butcher Frameback se m\u00e2ndre\u0219te cu o durabilitate excep\u021bional\u0103 \u0219i o re\u021binere a marginilor, asigur\u00e2nd performan\u021be de lung\u0103 durat\u0103.<\/li>\n\n\n\n<li><strong>Design vintage:<\/strong> Av\u00e2nd un design clasic, acest aparat de ras eman\u0103 elegan\u021b\u0103 \u0219i sofisticare. Estetica sa vintage \u00eei atrage pe pasiona\u021bii de instrumente tradi\u021bionale de \u00eengrijire.<\/li>\n\n\n\n<li><strong>M\u00e2ner lucrat manual:<\/strong> M\u00e2nerul aparatului de ras este proiectat cu experien\u021b\u0103 pentru un confort ergonomic \u0219i o prindere sigur\u0103 \u00een timpul sesiunilor de b\u0103rbierit. Designul s\u0103u atemporal se adaug\u0103 la atractivitatea general\u0103 a aparatului de ras.<\/li>\n\n\n\n<li><strong>Lama de precizie:<\/strong> Briciul drept este echipat cu o lam\u0103 \u0219lefuit\u0103 cu precizie, oferind un b\u0103rbierit neted \u0219i atent la fiecare trecere. Marginea ascu\u021bit\u0103 a lamei alunec\u0103 f\u0103r\u0103 efort peste piele, reduc\u00e2nd irita\u021bia \u0219i asigur\u00e2nd un b\u0103rbierit curat.<\/li>\n\n\n\n<li><strong>Obiect de colec\u021bie:<\/strong> Fiind o pies\u0103 de epoc\u0103 Wade &amp; Butcher, acest aparat de ras nu este doar un instrument func\u021bional de \u00eengrijire, ci \u0219i un articol de colec\u021bie pre\u021buit at\u00e2t de entuzia\u0219ti, c\u00e2t \u0219i de colec\u021bionari.<\/li>\n\n\n\n<li><strong>Autenticitate:<\/strong> Fiecare aparat de ras Wade &amp; Butcher Frameback vine cu un certificat de autenticitate, care garanteaz\u0103 m\u0103iestria \u0219i mo\u0219tenirea sa autentic\u0103.<\/li>\n<\/ol>\n\n\n\n<p>Indiferent dac\u0103 sunte\u021bi un utilizator experimentat de b\u0103rbierit sau un nou venit \u00een b\u0103rbierirea tradi\u021bional\u0103, aparatul de ras Vintage Wade &amp; Butcher Frameback promite o experien\u021b\u0103 de b\u0103rbierit de neegalat, plin\u0103 de istorie \u0219i m\u0103iestrie.<\/p>","protected":false},"excerpt":{"rendered":"<p>Razor drept vintage Wade &amp; Butcher Frameback<\/p>\n<ul>\n<li>Lungime total\u0103 c\u00e2nd este \u00eenchis 162 mm<\/li>\n<li>Lungimea lamei 81 mm<\/li>\n<li>Inaltimea lamei 21 mm<\/li>\n<li>Grosimea lamei 4 mm<\/li>\n<li>Grosimea manerului 9 mm<\/li>\n<li>Lungimea manerului 150 mm<\/li>\n<li>Greutate 50 g<\/li>\n<\/ul>","protected":false},"featured_media":1160,"comment_status":"open","ping_status":"closed","template":"","meta":[],"product_brand":[],"product_cat":[23],"product_tag":[155],"class_list":{"0":"post-754","1":"product","2":"type-product","3":"status-publish","4":"has-post-thumbnail","6":"product_cat-razors","7":"product_tag-wade-butcher","8":"product_shipping_class-light","10":"first","11":"outofstock","12":"sale","13":"shipping-taxable","14":"purchasable","15":"product-type-simple"},"_links":{"self":[{"href":"https:\/\/jnats.eu\/ro\/wp-json\/wp\/v2\/product\/754","targetHints":{"allow":["GET"]}}],"collection":[{"href":"https:\/\/jnats.eu\/ro\/wp-json\/wp\/v2\/product"}],"about":[{"href":"https:\/\/jnats.eu\/ro\/wp-json\/wp\/v2\/types\/product"}],"replies":[{"embeddable":true,"href":"https:\/\/jnats.eu\/ro\/wp-json\/wp\/v2\/comments?post=754"}],"wp:featuredmedia":[{"embeddable":true,"href":"https:\/\/jnats.eu\/ro\/wp-json\/wp\/v2\/media\/1160"}],"wp:attachment":[{"href":"https:\/\/jnats.eu\/ro\/wp-json\/wp\/v2\/media?parent=754"}],"wp:term":[{"taxonomy":"product_brand","embeddable":true,"href":"https:\/\/jnats.eu\/ro\/wp-json\/wp\/v2\/product_brand?post=754"},{"taxonomy":"product_cat","embeddable":true,"href":"https:\/\/jnats.eu\/ro\/wp-json\/wp\/v2\/product_cat?post=754"},{"taxonomy":"product_tag","embeddable":true,"href":"https:\/\/jnats.eu\/ro\/wp-json\/wp\/v2\/product_tag?post=754"}],"curies":[{"name":"wp","href":"https:\/\/api.w.org\/{rel}","templated":true}]}}