{"id":756,"date":"2026-04-01T10:52:28","date_gmt":"2026-04-01T07:52:28","guid":{"rendered":"http:\/\/jnats.eu\/?post_type=product&#038;p=756"},"modified":"2026-04-06T10:58:20","modified_gmt":"2026-04-06T07:58:20","slug":"j-a-henckels-solingen-zwilligswerk-friodur-inox-no-stain-germany-straight-razor","status":"publish","type":"product","link":"https:\/\/jnats.eu\/ro\/product-2\/j-a-henckels-solingen-zwilligswerk-friodur-inox-no-stain-germany-straight-razor\/","title":{"rendered":"NOS J.A. Henckels Solingen Zwilligswerk Friodur Inox Germania R\u0103zuitor drept"},"content":{"rendered":"<figure class=\"wp-block-embed is-type-video is-provider-youtube wp-block-embed-youtube wp-embed-aspect-9-16 wp-has-aspect-ratio\"><div class=\"wp-block-embed__wrapper\">\n<div class=\"video-container\"><iframe title=\"NOS J.A. Henckels Solingen Zwilligswerk Friodur Inox Germania Radere drepte\" width=\"563\" height=\"1000\" src=\"https:\/\/www.youtube.com\/embed\/gGjV-mblg78?feature=oembed\" frameborder=\"0\" allow=\"accelerometer; autoplay; clipboard-write; encrypted-media; gyroscope; picture-in-picture; web-share\" referrerpolicy=\"strict-origin-when-cross-origin\" allowfullscreen><\/iframe><\/div>\n<\/div><\/figure>\n\n\n\n<p>Henckels Friodur este apogeul ingineriei \u0219i m\u0103iestriei germane \u00een lumea b\u0103rbieritului tradi\u021bional. Cunoscut pentru precizia, calitatea \u0219i durabilitatea sa, acest aparat de ras drept ofer\u0103 experien\u021ba de b\u0103rbierit de lux c\u0103utat\u0103 de iubitorii produselor clasice de \u00eengrijire.<\/p>\n\n\n\n<p>O\u021bel inoxidabil Friodur: fabricat din Inox \u0219i c\u0103lit la rece folosind tehnologia Friodur patentat\u0103 de Henckels, acest brici are o duritate, o rezisten\u021b\u0103 la coroziune \u0219i o p\u0103strare a ascu\u021birii excep\u021bionale. Procesul Friodur presupune c\u0103lirea o\u021belului \u00een azot lichid pentru a-i cre\u0219te rezisten\u021ba \u0219i rezisten\u021ba la coroziune \u0219i pentru a extrage o structur\u0103 mai fin\u0103, asigur\u00e2nd astfel o performan\u021b\u0103 de lung\u0103 durat\u0103, care \u00ee\u0219i p\u0103streaz\u0103 ascu\u021bimea bine \u00een timp.<\/p>\n\n\n\n<p>Design clasic: Friodur Inox Straight Razor are un design atemporal care reflect\u0103 angajamentul Henckels pentru elegan\u021b\u0103 \u0219i func\u021bionalitate. Profilul s\u0103u elegant, greutatea echilibrat\u0103 \u0219i m\u00e2nerul ergonomic \u00eel fac confortabil de \u021binut \u0219i u\u0219or de manevrat \u00een timpul b\u0103rbieritului.<\/p>\n\n\n\n<p>Utilizare versatil\u0103: fie c\u0103 sunte\u021bi un \u00eemp\u0103timit al aparatelor de ras sau un nou venit \u00een domeniul b\u0103rbieritului tradi\u021bional, aparatul de ras drept Henckels Friodur Inox este potrivit pentru toate nivelurile de calificare. Designul s\u0103u versatil se potrive\u0219te unei game largi de stiluri \u0219i preferin\u021be de b\u0103rbierit.<\/p>\n\n\n\n<p>Brand de patrimoniu: cu o istorie bogat\u0103 care dateaz\u0103 din 1731, Henckels este sinonim cu calitatea, fiabilitatea \u0219i inovarea \u00een lumea tac\u00e2murilor \u0219i a \u00eengrijirii igienei. Aparatul de ras Friodur Inox vintage \u00eentruchipeaz\u0103 m\u0103iestria Henckels pentru genera\u021bii.<\/p>\n\n\n\n<p>Fie c\u0103 sunte\u021bi \u00een c\u0103utarea unui instrument de b\u0103rbierit premium pentru rutina zilnic\u0103 de \u00eengrijire a p\u0103rului sau pentru a ad\u0103uga la colec\u021bia dvs. de produse de \u00eengrijire fine, aparatul de ras drept Henckels Friodur Inox promite o experien\u021b\u0103 de b\u0103rbierit excep\u021bional\u0103 care combin\u0103 tradi\u021bia, precizia \u0219i luxul.<\/p>","protected":false},"excerpt":{"rendered":"<ul>\n<li>O\u021bel inoxidabil Inox, Friodur - c\u0103lit la rece.<\/li>\n<li>M\u00e2ner din polimer<\/li>\n<li>Cutie de plastic<\/li>\n<li>Greutate - 50 g<\/li>\n<li>Dimensiunile lamei 75x20x6 mm<\/li>\n<li>Aparatele de ras sunt neutilizate (cu excep\u021bia nr. 6), dar pot avea zg\u00e2rieturi u\u0219oare din cauza depozit\u0103rii \u00eendelungate.<\/li>\n<li><strong>Dac\u0103 nu vede\u021bi Nr. \u00een list\u0103, este v\u00e2ndut<\/strong><\/li>\n<\/ul>","protected":false},"featured_media":5949,"comment_status":"open","ping_status":"closed","template":"","meta":[],"product_brand":[],"product_cat":[23],"product_tag":[158,156,157,159],"class_list":{"0":"post-756","1":"product","2":"type-product","3":"status-publish","4":"has-post-thumbnail","6":"product_cat-razors","7":"product_tag-friodur","8":"product_tag-henckels","9":"product_tag-inox","10":"product_tag-straight-razor","11":"product_shipping_class-light","13":"first","14":"instock","15":"shipping-taxable","16":"purchasable","17":"product-type-variable"},"_links":{"self":[{"href":"https:\/\/jnats.eu\/ro\/wp-json\/wp\/v2\/product\/756","targetHints":{"allow":["GET"]}}],"collection":[{"href":"https:\/\/jnats.eu\/ro\/wp-json\/wp\/v2\/product"}],"about":[{"href":"https:\/\/jnats.eu\/ro\/wp-json\/wp\/v2\/types\/product"}],"replies":[{"embeddable":true,"href":"https:\/\/jnats.eu\/ro\/wp-json\/wp\/v2\/comments?post=756"}],"wp:featuredmedia":[{"embeddable":true,"href":"https:\/\/jnats.eu\/ro\/wp-json\/wp\/v2\/media\/5949"}],"wp:attachment":[{"href":"https:\/\/jnats.eu\/ro\/wp-json\/wp\/v2\/media?parent=756"}],"wp:term":[{"taxonomy":"product_brand","embeddable":true,"href":"https:\/\/jnats.eu\/ro\/wp-json\/wp\/v2\/product_brand?post=756"},{"taxonomy":"product_cat","embeddable":true,"href":"https:\/\/jnats.eu\/ro\/wp-json\/wp\/v2\/product_cat?post=756"},{"taxonomy":"product_tag","embeddable":true,"href":"https:\/\/jnats.eu\/ro\/wp-json\/wp\/v2\/product_tag?post=756"}],"curies":[{"name":"wp","href":"https:\/\/api.w.org\/{rel}","templated":true}]}}