{"id":763,"date":"2024-03-14T11:34:15","date_gmt":"2024-03-14T09:34:15","guid":{"rendered":"http:\/\/jnats.eu\/?post_type=product&#038;p=763"},"modified":"2025-10-10T10:35:32","modified_gmt":"2025-10-10T07:35:32","slug":"vintaziniai-naudoti-japoniski-ir-vokiski-skustuvai","status":"publish","type":"product","link":"https:\/\/jnats.eu\/ro\/product-2\/vintaziniai-naudoti-japoniski-ir-vokiski-skustuvai\/","title":{"rendered":"Elizabeth, PAX, M. Bentz, Orion Kikuboshi Aparate de ras japoneze \u0219i germane folosite de epoc\u0103"},"content":{"rendered":"<p>Brici japonezi vintage second hand. Are semne de coroziune \u0219i alte defecte (Rugina a fost \u00eendep\u0103rtat\u0103 aproximativ de la jonc\u021biunea cadrului \u0219i a lamei). Urm\u0103ri\u021bi cu aten\u021bie videoclipul.<\/p>\n\n\n\n<ol class=\"wp-block-list\">\n<li>Elizabeth Razor pentru frizerii TKK Tokyo Japonia<\/li>\n\n\n\n<li>Elizabeth Razor pentru frizerii TKK Tokyo Japonia<\/li>\n\n\n\n<li>Elizabeth Razor pentru frizerii TKK Tokyo Japonia<\/li>\n\n\n\n<li>66 PAX Siperior Stainless H. Eicker&amp;Sonne Solingen Germania (Rugina \u00eendep\u0103rtat\u0103 aproximativ de pe cadru \u0219i articula\u021bia lamei)<\/li>\n\n\n\n<li>M. Bentz Pentru frizerii Utiliza\u021bi de prima calitate (Rugina \u00eendep\u0103rtat\u0103 aproximativ de pe cadru \u0219i articula\u021bia lamei)<\/li>\n\n\n\n<li>Fabricat special, cel mai bun o\u021bel extra suedez nr. 7131 (rugina \u00eendep\u0103rtat\u0103 aproximativ de pe cadru \u0219i de pe articula\u021bia lamei)<\/li>\n\n\n\n<li><del>Orion Kikuboshi Super Deluxe Best Extra Hollow Gruond (Rugina \u00eendep\u0103rtat\u0103 aproximativ de pe cadru \u0219i articula\u021bia lamei)<\/del> Extras din<\/li>\n<\/ol>\n\n\n\n<figure class=\"wp-block-embed is-type-video is-provider-youtube wp-block-embed-youtube wp-embed-aspect-16-9 wp-has-aspect-ratio\"><div class=\"wp-block-embed__wrapper\">\n<div class=\"video-container\"><iframe title=\"Vintage folosite aparate de ras japonez\u0103 \u0219i german\u0103\" width=\"1170\" height=\"658\" src=\"https:\/\/www.youtube.com\/embed\/8cCRvYCodGo?feature=oembed\" frameborder=\"0\" allow=\"accelerometer; autoplay; clipboard-write; encrypted-media; gyroscope; picture-in-picture; web-share\" referrerpolicy=\"strict-origin-when-cross-origin\" allowfullscreen><\/iframe><\/div>\n<\/div><\/figure>","protected":false},"excerpt":{"rendered":"<ol>\n<li><del>Elizabeth Razor pentru frizerii TKK Tokyo Japonia<\/del> Extras din<\/li>\n<li><del>Elizabeth Razor pentru frizerii TKK Tokyo Japonia\u00a0<\/del>Extras din<\/li>\n<li>Elizabeth Razor pentru frizerii TKK Tokyo Japonia<\/li>\n<li><del>66 PAX Siperior Stainless H. Eicker&amp;Sonne Solingen Germania (Rugin\u0103 \u00eendep\u0103rtat\u0103 aproximativ de la jonc\u021biunea dintre cadru \u0219i lam\u0103)<\/del><\/li>\n<li><del>M. Bentz Pentru frizerii Utiliza\u021bi de prima calitate (Rugina \u00eendep\u0103rtat\u0103 aproximativ de pe cadru \u0219i articula\u021bia lamei)<\/del><\/li>\n<li><del>Fabricat special, cel mai bun o\u021bel extra suedez nr. 7131 (rugina \u00eendep\u0103rtat\u0103 aproximativ de pe cadru \u0219i de pe articula\u021bia lamei)<\/del><\/li>\n<li><del>Orion Kikuboshi Super Deluxe Best Extra Hollow Gruond (Rugina \u00eendep\u0103rtat\u0103 aproximativ de pe cadru \u0219i articula\u021bia lamei)<\/del> Extras din<\/li>\n<\/ol>","protected":false},"featured_media":1132,"comment_status":"open","ping_status":"closed","template":"","meta":[],"product_brand":[],"product_cat":[23],"product_tag":[175,177,178,176,160],"class_list":{"0":"post-763","1":"product","2":"type-product","3":"status-publish","4":"has-post-thumbnail","6":"product_cat-razors","7":"product_tag-elizabeth","8":"product_tag-m-bentz","9":"product_tag-orion-kikuboshi","10":"product_tag-pax","11":"product_tag-skustuvai","12":"product_shipping_class-light","14":"first","15":"outofstock","16":"sold-individually","17":"shipping-taxable","18":"product-type-variable"},"_links":{"self":[{"href":"https:\/\/jnats.eu\/ro\/wp-json\/wp\/v2\/product\/763","targetHints":{"allow":["GET"]}}],"collection":[{"href":"https:\/\/jnats.eu\/ro\/wp-json\/wp\/v2\/product"}],"about":[{"href":"https:\/\/jnats.eu\/ro\/wp-json\/wp\/v2\/types\/product"}],"replies":[{"embeddable":true,"href":"https:\/\/jnats.eu\/ro\/wp-json\/wp\/v2\/comments?post=763"}],"wp:featuredmedia":[{"embeddable":true,"href":"https:\/\/jnats.eu\/ro\/wp-json\/wp\/v2\/media\/1132"}],"wp:attachment":[{"href":"https:\/\/jnats.eu\/ro\/wp-json\/wp\/v2\/media?parent=763"}],"wp:term":[{"taxonomy":"product_brand","embeddable":true,"href":"https:\/\/jnats.eu\/ro\/wp-json\/wp\/v2\/product_brand?post=763"},{"taxonomy":"product_cat","embeddable":true,"href":"https:\/\/jnats.eu\/ro\/wp-json\/wp\/v2\/product_cat?post=763"},{"taxonomy":"product_tag","embeddable":true,"href":"https:\/\/jnats.eu\/ro\/wp-json\/wp\/v2\/product_tag?post=763"}],"curies":[{"name":"wp","href":"https:\/\/api.w.org\/{rel}","templated":true}]}}