{"id":796,"date":"2024-03-14T12:38:15","date_gmt":"2024-03-14T10:38:15","guid":{"rendered":"http:\/\/jnats.eu\/?post_type=product&#038;p=796"},"modified":"2025-09-30T11:22:55","modified_gmt":"2025-09-30T08:22:55","slug":"vintaziniai-naudoti-japoniski-skustuvai","status":"publish","type":"product","link":"https:\/\/jnats.eu\/ro\/product-2\/vintaziniai-naudoti-japoniski-skustuvai\/","title":{"rendered":"Aparate de ras japoneze folosite de epoc\u0103 Towa, Union, Daishi, R. Saito, Kikuboshi, Triumph"},"content":{"rendered":"<ol class=\"wp-block-list\">\n<li>G Towa T Best Hollow Ground Extra Tungsten Steel Real Japanese Hollow Ground Gen Takahashi H.Diamond &amp; Co<\/li>\n\n\n\n<li>Union 72 Japan Lama in forma de dalta<\/li>\n\n\n\n<li>Daishi 350 Yasuki Steel Fabricat din Fier Steel Tamahagane RK CO. Lam\u0103 \u00een form\u0103 de dalt\u0103. O\u021belul Tamahagane folosit pentru s\u0103biile de samurai, katana, este fabricat din \u201enisip de fier\u201d.<\/li>\n\n\n\n<li>Daishi 55 Yasuki Steel Fabricat din Iron Steel Tamahagane RK CO. O\u021belul Tamahagane, folosit pentru s\u0103biile de samurai, este fabricat din \u201enisip de fier\u201d. Poate fi \u00eent\u0103rit foarte greu - p\u00e2n\u0103 la 70 HRC.<\/li>\n\n\n\n<li>R. Saito Kikuboshi 135 Extra Hollow Ground<\/li>\n\n\n\n<li>Triumph YSS 65825 Yasuki o\u021bel R. Design Saito<\/li>\n<\/ol>\n\n\n\n<p>R. Saito a fost un frizer celebru \u00een Japonia \u00een anii 50-60. A fondat o \u0219coal\u0103 de frizerie cu mul\u021bi speciali\u0219ti \u00een multe ora\u0219e. Deoarece numele lui era sinonim cu lumea modei japonez\u0103, modelele sale erau foarte apreciate, la fel ca \u0219i numele lui. A proiectat aparate de ras care au fost produse de mari companii care \u00eei poart\u0103 numele: Kikuboshi, Diamond Hayashi \u0219i al\u021bi produc\u0103tori. Produsul a fost conceput pentru a fi cel mai u\u0219or de folosit.<\/p>\n\n\n\n<p>Are urme de coroziune. Urm\u0103ri\u021bi videoclipul.<\/p>\n\n\n\n<figure class=\"wp-block-embed is-type-video is-provider-youtube wp-block-embed-youtube wp-embed-aspect-16-9 wp-has-aspect-ratio\"><div class=\"wp-block-embed__wrapper\">\n<div class=\"video-container\"><iframe title=\"Raze japoneze vintage folosite R. Saito, Tamahagane, Towa, Daishi\" width=\"1170\" height=\"658\" src=\"https:\/\/www.youtube.com\/embed\/CheeI2Xk0pE?feature=oembed\" frameborder=\"0\" allow=\"accelerometer; autoplay; clipboard-write; encrypted-media; gyroscope; picture-in-picture; web-share\" allowfullscreen><\/iframe><\/div>\n<\/div><\/figure>","protected":false},"excerpt":{"rendered":"<ol>\n<li><del>G Towa T Best Hollow Ground Extra Tungsten Steel Real Japanese Hollow Ground Gen Takahashi H.Diamond &amp; Co\u00a0<\/del> Extras din<\/li>\n<li><del>Union 72 Japan Lama in forma de dalta<\/del><\/li>\n<li><del>Daishi 350 Yasuki Steel Fabricat din Fier Steel Tamahagane RK CO. Lam\u0103 \u00een form\u0103 de dalt\u0103. O\u021belul Tamahagane folosit pentru s\u0103biile de samurai, katana, este fabricat din \u201enisip de fier\u201d.<\/del><\/li>\n<li>Daishi 55 Yasuki Steel Fabricat din Iron Steel Tamahagane RK CO. O\u021belul Tamahagane, folosit pentru s\u0103biile de samurai, este fabricat din \u201enisip de fier\u201d. Poate fi \u00eent\u0103rit foarte greu - p\u00e2n\u0103 la 70 HRC.<\/li>\n<li><del>R. Saito Kikuboshi 135 Extra Hollow Ground\u00a0<\/del> Extras din<\/li>\n<li><del>Triumph YSS 65825 Yasuki o\u021bel R. Design Saito<\/del><\/li>\n<\/ol>","protected":false},"featured_media":1151,"comment_status":"open","ping_status":"closed","template":"","meta":[],"product_brand":[],"product_cat":[23],"product_tag":[164,161,162,160,129,163],"class_list":{"0":"post-796","1":"product","2":"type-product","3":"status-publish","4":"has-post-thumbnail","6":"product_cat-razors","7":"product_tag-daishi","8":"product_tag-kikuboshi","9":"product_tag-r-saito","10":"product_tag-skustuvai","11":"product_tag-towa","12":"product_tag-union","13":"product_shipping_class-light","15":"first","16":"outofstock","17":"sold-individually","18":"shipping-taxable","19":"product-type-variable"},"_links":{"self":[{"href":"https:\/\/jnats.eu\/ro\/wp-json\/wp\/v2\/product\/796","targetHints":{"allow":["GET"]}}],"collection":[{"href":"https:\/\/jnats.eu\/ro\/wp-json\/wp\/v2\/product"}],"about":[{"href":"https:\/\/jnats.eu\/ro\/wp-json\/wp\/v2\/types\/product"}],"replies":[{"embeddable":true,"href":"https:\/\/jnats.eu\/ro\/wp-json\/wp\/v2\/comments?post=796"}],"wp:featuredmedia":[{"embeddable":true,"href":"https:\/\/jnats.eu\/ro\/wp-json\/wp\/v2\/media\/1151"}],"wp:attachment":[{"href":"https:\/\/jnats.eu\/ro\/wp-json\/wp\/v2\/media?parent=796"}],"wp:term":[{"taxonomy":"product_brand","embeddable":true,"href":"https:\/\/jnats.eu\/ro\/wp-json\/wp\/v2\/product_brand?post=796"},{"taxonomy":"product_cat","embeddable":true,"href":"https:\/\/jnats.eu\/ro\/wp-json\/wp\/v2\/product_cat?post=796"},{"taxonomy":"product_tag","embeddable":true,"href":"https:\/\/jnats.eu\/ro\/wp-json\/wp\/v2\/product_tag?post=796"}],"curies":[{"name":"wp","href":"https:\/\/api.w.org\/{rel}","templated":true}]}}